{"id":1386,"date":"2025-06-12T02:05:52","date_gmt":"2025-06-12T05:05:52","guid":{"rendered":"https:\/\/rms-enlinea.com.ar\/tienda\/producto\/placa-de-video-msi-rtx-5060ti-ventus-2x-oc-plus-16gb-pcie-5\/"},"modified":"2026-02-18T18:30:14","modified_gmt":"2026-02-18T21:30:14","slug":"placa-de-video-msi-rtx-5060ti-ventus-2x-oc-plus-16gb-pcie-5","status":"publish","type":"product","link":"https:\/\/rms-enlinea.com.ar\/tienda\/producto\/placa-de-video-msi-rtx-5060ti-ventus-2x-oc-plus-16gb-pcie-5\/","title":{"rendered":"Placa De Video Msi Rtx 5060ti Ventus 2x Oc Plus 16gb Pcie 5"},"content":{"rendered":"<p>Nombre de Marketing\tGeForce RTX\u2122 5060 Ti 16G VENTUS 2X OC PLUS<br \/>Memoria\t16GB GDDR7<br \/>Motor de gr\u00e1ficos\tNVIDIA\u00ae GeForce RTX\u2122 5060 Ti<br \/>Norma Bus\tPCI Express\u00ae Gen 5 x16 (utiliza x8)<br \/>Interfaz de Memoria\t128-bit<br \/>Velocidad clock n\u00facleo (MHz)\tRendimiento extremo: 2617 MHz (MSI Center)<br \/> \tAumento: 2602 MHz<br \/>Velocidad clock memoria (MHz)\t28 Gbps<br \/>M\u00e1ximo de pantallas\t4<br \/>Tecnolog\u00eda G-SYNC\u2122\tS\u00ed<br \/>Salida\tDisplayPort x 3 (v2.1b)<br \/> \tHDMI\u2122 x 1 (Seg\u00fan lo especificado en HDMI\u2122 2.1b: hasta 4K 480Hz o 8K 120Hz con DSC, Gaming VRR, HDR)<br \/>Soporte HDCP\tS\u00ed<br \/>Consumo (W)\t180 W<br \/>Alimentaci\u00f3n recomendada (W)\tTBD<br \/>Resoluci\u00f3n m\u00e1xima digital\t7680 x 4320<br \/>Conectores de alimentaci\u00f3n\t8-pin x1<br \/>Soporte DirectX Versi\u00f3n\t12 Ultimate<br \/>Soporte OpenGL Versi\u00f3n\t4.6<\/p>\n","protected":false},"excerpt":{"rendered":"<p>Nombre de Marketing GeForce RTX\u2122 5060 Ti 16G VENTUS 2X OC PLUSMemoria 16GB GDDR7Motor de gr\u00e1ficos NVIDIA\u00ae GeForce RTX\u2122 5060 TiNorma Bus PCI Express\u00ae Gen 5 x16 (utiliza x8)Interfaz de Memoria 128-bitVelocidad clock n\u00facleo (MHz) Rendimiento extremo: 2617 MHz (MSI Center) Aumento: 2602 MHzVelocidad clock memoria (MHz) 28 GbpsM\u00e1ximo de pantallas 4Tecnolog\u00eda G-SYNC\u2122 S\u00edSalida DisplayPort [&hellip;]<\/p>\n","protected":false},"featured_media":1387,"comment_status":"open","ping_status":"closed","template":"","meta":{"_uag_custom_page_level_css":""},"product_brand":[557],"product_cat":[120],"product_tag":[],"class_list":{"0":"post-1386","1":"product","2":"type-product","3":"status-publish","4":"has-post-thumbnail","6":"product_brand-msi","7":"product_cat-placas-de-video","9":"first","10":"outofstock","11":"sale","12":"taxable","13":"shipping-taxable","14":"purchasable","15":"product-type-simple"},"uagb_featured_image_src":{"full":["https:\/\/rms-enlinea.com.ar\/wp-content\/uploads\/2025\/06\/D_870501-MLA84546471089_052025-F.jpg",897,728,false],"thumbnail":["https:\/\/rms-enlinea.com.ar\/wp-content\/uploads\/2025\/06\/D_870501-MLA84546471089_052025-F-150x150.jpg",150,150,true],"medium":["https:\/\/rms-enlinea.com.ar\/wp-content\/uploads\/2025\/06\/D_870501-MLA84546471089_052025-F-300x243.jpg",300,243,true],"medium_large":["https:\/\/rms-enlinea.com.ar\/wp-content\/uploads\/2025\/06\/D_870501-MLA84546471089_052025-F-768x623.jpg",768,623,true],"large":["https:\/\/rms-enlinea.com.ar\/wp-content\/uploads\/2025\/06\/D_870501-MLA84546471089_052025-F.jpg",897,728,false],"1536x1536":["https:\/\/rms-enlinea.com.ar\/wp-content\/uploads\/2025\/06\/D_870501-MLA84546471089_052025-F.jpg",897,728,false],"2048x2048":["https:\/\/rms-enlinea.com.ar\/wp-content\/uploads\/2025\/06\/D_870501-MLA84546471089_052025-F.jpg",897,728,false],"woocommerce_thumbnail":["https:\/\/rms-enlinea.com.ar\/wp-content\/uploads\/2025\/06\/D_870501-MLA84546471089_052025-F-450x450.jpg",450,450,true],"woocommerce_single":["https:\/\/rms-enlinea.com.ar\/wp-content\/uploads\/2025\/06\/D_870501-MLA84546471089_052025-F-600x487.jpg",600,487,true],"woocommerce_gallery_thumbnail":["https:\/\/rms-enlinea.com.ar\/wp-content\/uploads\/2025\/06\/D_870501-MLA84546471089_052025-F-100x100.jpg",100,100,true]},"uagb_author_info":{"display_name":"l0071054","author_link":"https:\/\/rms-enlinea.com.ar\/tienda\/author\/"},"uagb_comment_info":0,"uagb_excerpt":"Nombre de Marketing GeForce RTX\u2122 5060 Ti 16G VENTUS 2X OC PLUSMemoria 16GB GDDR7Motor de gr\u00e1ficos NVIDIA\u00ae GeForce RTX\u2122 5060 TiNorma Bus PCI Express\u00ae Gen 5 x16 (utiliza x8)Interfaz de Memoria 128-bitVelocidad clock n\u00facleo (MHz) Rendimiento extremo: 2617 MHz (MSI Center) Aumento: 2602 MHzVelocidad clock memoria (MHz) 28 GbpsM\u00e1ximo de pantallas 4Tecnolog\u00eda G-SYNC\u2122 S\u00edSalida DisplayPort&hellip;","_links":{"self":[{"href":"https:\/\/rms-enlinea.com.ar\/tienda\/wp-json\/wp\/v2\/product\/1386","targetHints":{"allow":["GET"]}}],"collection":[{"href":"https:\/\/rms-enlinea.com.ar\/tienda\/wp-json\/wp\/v2\/product"}],"about":[{"href":"https:\/\/rms-enlinea.com.ar\/tienda\/wp-json\/wp\/v2\/types\/product"}],"replies":[{"embeddable":true,"href":"https:\/\/rms-enlinea.com.ar\/tienda\/wp-json\/wp\/v2\/comments?post=1386"}],"wp:featuredmedia":[{"embeddable":true,"href":"https:\/\/rms-enlinea.com.ar\/tienda\/wp-json\/wp\/v2\/media\/1387"}],"wp:attachment":[{"href":"https:\/\/rms-enlinea.com.ar\/tienda\/wp-json\/wp\/v2\/media?parent=1386"}],"wp:term":[{"taxonomy":"product_brand","embeddable":true,"href":"https:\/\/rms-enlinea.com.ar\/tienda\/wp-json\/wp\/v2\/product_brand?post=1386"},{"taxonomy":"product_cat","embeddable":true,"href":"https:\/\/rms-enlinea.com.ar\/tienda\/wp-json\/wp\/v2\/product_cat?post=1386"},{"taxonomy":"product_tag","embeddable":true,"href":"https:\/\/rms-enlinea.com.ar\/tienda\/wp-json\/wp\/v2\/product_tag?post=1386"}],"curies":[{"name":"wp","href":"https:\/\/api.w.org\/{rel}","templated":true}]}}