{"id":13946,"date":"2025-06-12T06:34:31","date_gmt":"2025-06-12T09:34:31","guid":{"rendered":"https:\/\/rms-enlinea.com.ar\/tienda\/producto\/teclado-gamer-membrana-rgb-t-dagger-t-tgk106-tanker-rainbow\/"},"modified":"2026-04-21T03:28:05","modified_gmt":"2026-04-21T06:28:05","slug":"teclado-gamer-membrana-rgb-t-dagger-t-tgk106-tanker-rainbow","status":"publish","type":"product","link":"https:\/\/rms-enlinea.com.ar\/tienda\/producto\/teclado-gamer-membrana-rgb-t-dagger-t-tgk106-tanker-rainbow\/","title":{"rendered":"Teclado Gamer Membrana Rgb T-dagger T-tgk106 Tanker Rainbow"},"content":{"rendered":"<p>Este teclado T-Dagger de alto rendimiento permite que puedas disfrutar de horas ilimitadas de juegos. Est\u00e1 dise\u00f1ado especialmente para que puedas expresar tanto tus habilidades como tu estilo. Podr\u00e1s mejorar tu experiencia de gaming, ya seas un aficionado o todo un experto y hacer que tus jugadas alcancen otro nivel.<\/p>\n<p>Distinci\u00f3n a todo color<br \/>Su retroiluminaci\u00f3n le da un toque diferente a tu equipo y resalta su composici\u00f3n cuando es utilizado en espacios poco iluminados.<\/p>\n<p>Tecnolog\u00eda antighosting<br \/>Este dispositivo tiene teclas antighosting. Esta cualidad es indispensable si requer\u00eds de un uso intensivo del perif\u00e9rico. Gracias a esto podr\u00e1s evitar fallas al tocar varias teclas al mismo tiempo.<\/p>\n","protected":false},"excerpt":{"rendered":"<p>Este teclado T-Dagger de alto rendimiento permite que puedas disfrutar de horas ilimitadas de juegos. Est\u00e1 dise\u00f1ado especialmente para que puedas expresar tanto tus habilidades como tu estilo. Podr\u00e1s mejorar tu experiencia de gaming, ya seas un aficionado o todo un experto y hacer que tus jugadas alcancen otro nivel. Distinci\u00f3n a todo colorSu retroiluminaci\u00f3n [&hellip;]<\/p>\n","protected":false},"featured_media":13947,"comment_status":"open","ping_status":"closed","template":"","meta":{"_uag_custom_page_level_css":""},"product_brand":[],"product_cat":[125],"product_tag":[],"class_list":{"0":"post-13946","1":"product","2":"type-product","3":"status-publish","4":"has-post-thumbnail","6":"product_cat-teclados-y-mouses","8":"first","9":"outofstock","10":"sale","11":"taxable","12":"shipping-taxable","13":"purchasable","14":"product-type-simple"},"uagb_featured_image_src":{"full":["https:\/\/rms-enlinea.com.ar\/wp-content\/uploads\/2025\/06\/D_644909-MLA43300329695_082020-F.jpg",500,249,false],"thumbnail":["https:\/\/rms-enlinea.com.ar\/wp-content\/uploads\/2025\/06\/D_644909-MLA43300329695_082020-F-150x150.jpg",150,150,true],"medium":["https:\/\/rms-enlinea.com.ar\/wp-content\/uploads\/2025\/06\/D_644909-MLA43300329695_082020-F-300x149.jpg",300,149,true],"medium_large":["https:\/\/rms-enlinea.com.ar\/wp-content\/uploads\/2025\/06\/D_644909-MLA43300329695_082020-F.jpg",500,249,false],"large":["https:\/\/rms-enlinea.com.ar\/wp-content\/uploads\/2025\/06\/D_644909-MLA43300329695_082020-F.jpg",500,249,false],"1536x1536":["https:\/\/rms-enlinea.com.ar\/wp-content\/uploads\/2025\/06\/D_644909-MLA43300329695_082020-F.jpg",500,249,false],"2048x2048":["https:\/\/rms-enlinea.com.ar\/wp-content\/uploads\/2025\/06\/D_644909-MLA43300329695_082020-F.jpg",500,249,false],"woocommerce_thumbnail":["https:\/\/rms-enlinea.com.ar\/wp-content\/uploads\/2025\/06\/D_644909-MLA43300329695_082020-F-450x249.jpg",450,249,true],"woocommerce_single":["https:\/\/rms-enlinea.com.ar\/wp-content\/uploads\/2025\/06\/D_644909-MLA43300329695_082020-F.jpg",500,249,false],"woocommerce_gallery_thumbnail":["https:\/\/rms-enlinea.com.ar\/wp-content\/uploads\/2025\/06\/D_644909-MLA43300329695_082020-F-100x100.jpg",100,100,true]},"uagb_author_info":{"display_name":"l0071054","author_link":"https:\/\/rms-enlinea.com.ar\/tienda\/author\/"},"uagb_comment_info":0,"uagb_excerpt":"Este teclado T-Dagger de alto rendimiento permite que puedas disfrutar de horas ilimitadas de juegos. Est\u00e1 dise\u00f1ado especialmente para que puedas expresar tanto tus habilidades como tu estilo. Podr\u00e1s mejorar tu experiencia de gaming, ya seas un aficionado o todo un experto y hacer que tus jugadas alcancen otro nivel. Distinci\u00f3n a todo colorSu retroiluminaci\u00f3n&hellip;","_links":{"self":[{"href":"https:\/\/rms-enlinea.com.ar\/tienda\/wp-json\/wp\/v2\/product\/13946","targetHints":{"allow":["GET"]}}],"collection":[{"href":"https:\/\/rms-enlinea.com.ar\/tienda\/wp-json\/wp\/v2\/product"}],"about":[{"href":"https:\/\/rms-enlinea.com.ar\/tienda\/wp-json\/wp\/v2\/types\/product"}],"replies":[{"embeddable":true,"href":"https:\/\/rms-enlinea.com.ar\/tienda\/wp-json\/wp\/v2\/comments?post=13946"}],"wp:featuredmedia":[{"embeddable":true,"href":"https:\/\/rms-enlinea.com.ar\/tienda\/wp-json\/wp\/v2\/media\/13947"}],"wp:attachment":[{"href":"https:\/\/rms-enlinea.com.ar\/tienda\/wp-json\/wp\/v2\/media?parent=13946"}],"wp:term":[{"taxonomy":"product_brand","embeddable":true,"href":"https:\/\/rms-enlinea.com.ar\/tienda\/wp-json\/wp\/v2\/product_brand?post=13946"},{"taxonomy":"product_cat","embeddable":true,"href":"https:\/\/rms-enlinea.com.ar\/tienda\/wp-json\/wp\/v2\/product_cat?post=13946"},{"taxonomy":"product_tag","embeddable":true,"href":"https:\/\/rms-enlinea.com.ar\/tienda\/wp-json\/wp\/v2\/product_tag?post=13946"}],"curies":[{"name":"wp","href":"https:\/\/api.w.org\/{rel}","templated":true}]}}