{"id":13960,"date":"2025-06-12T06:34:53","date_gmt":"2025-06-12T09:34:53","guid":{"rendered":"https:\/\/rms-enlinea.com.ar\/tienda\/producto\/ficha-xlr-hembra-5-pines-cable-amphenol-ac5fb\/"},"modified":"2026-04-06T11:29:21","modified_gmt":"2026-04-06T14:29:21","slug":"ficha-xlr-hembra-5-pines-cable-amphenol-ac5fb","status":"publish","type":"product","link":"https:\/\/rms-enlinea.com.ar\/tienda\/producto\/ficha-xlr-hembra-5-pines-cable-amphenol-ac5fb\/","title":{"rendered":"Ficha Xlr Hembra 5 Pines Cable Amphenol Ac5fb"},"content":{"rendered":"<p>FABRICANTE: AMPHENOL\t<br \/>CATEGOR\u00cdA DE PRODUCTO: CONECTORES XLR\t<br \/>EST\u00c1NDAR: STANDARD XLR\t<br \/>N\u00daMERO DE PINES: 5 \t<br \/>G\u00c9NERO: HEMBRA<br \/>ESTILO DE TERMINACI\u00d3N: SOLDER CUP\t<br \/>REVESTIMIENTO DEL CONTACTO: GOLD\t<br \/>ORIENTACI\u00d3N: STRAIGHT\t<br \/>R\u00c9GIMEN DE CORRIENTE: 15 A\t<br \/>CICLOS DE ACOPLAMIENTO: 1000 CYCLE\t<br \/>R\u00c9GIMEN DE VOLTAJE: 133 V<\/p>\n","protected":false},"excerpt":{"rendered":"<p>FABRICANTE: AMPHENOL CATEGOR\u00cdA DE PRODUCTO: CONECTORES XLR EST\u00c1NDAR: STANDARD XLR N\u00daMERO DE PINES: 5 G\u00c9NERO: HEMBRAESTILO DE TERMINACI\u00d3N: SOLDER CUP REVESTIMIENTO DEL CONTACTO: GOLD ORIENTACI\u00d3N: STRAIGHT R\u00c9GIMEN DE CORRIENTE: 15 A CICLOS DE ACOPLAMIENTO: 1000 CYCLE R\u00c9GIMEN DE VOLTAJE: 133 V<\/p>\n","protected":false},"featured_media":13961,"comment_status":"open","ping_status":"closed","template":"","meta":{"_uag_custom_page_level_css":""},"product_brand":[487],"product_cat":[58,86],"product_tag":[],"class_list":{"0":"post-13960","1":"product","2":"type-product","3":"status-publish","4":"has-post-thumbnail","6":"product_brand-amphenol","7":"product_cat-conectores-fichas-y-adaptadores","8":"product_cat-onectores-fichas-y-adaptadores","10":"first","11":"instock","12":"sale","13":"taxable","14":"shipping-taxable","15":"purchasable","16":"product-type-simple"},"uagb_featured_image_src":{"full":["https:\/\/rms-enlinea.com.ar\/wp-content\/uploads\/2025\/06\/D_668413-MLA54956814211_042023-F.jpg",814,500,false],"thumbnail":["https:\/\/rms-enlinea.com.ar\/wp-content\/uploads\/2025\/06\/D_668413-MLA54956814211_042023-F-150x150.jpg",150,150,true],"medium":["https:\/\/rms-enlinea.com.ar\/wp-content\/uploads\/2025\/06\/D_668413-MLA54956814211_042023-F-300x184.jpg",300,184,true],"medium_large":["https:\/\/rms-enlinea.com.ar\/wp-content\/uploads\/2025\/06\/D_668413-MLA54956814211_042023-F-768x472.jpg",768,472,true],"large":["https:\/\/rms-enlinea.com.ar\/wp-content\/uploads\/2025\/06\/D_668413-MLA54956814211_042023-F.jpg",814,500,false],"1536x1536":["https:\/\/rms-enlinea.com.ar\/wp-content\/uploads\/2025\/06\/D_668413-MLA54956814211_042023-F.jpg",814,500,false],"2048x2048":["https:\/\/rms-enlinea.com.ar\/wp-content\/uploads\/2025\/06\/D_668413-MLA54956814211_042023-F.jpg",814,500,false],"woocommerce_thumbnail":["https:\/\/rms-enlinea.com.ar\/wp-content\/uploads\/2025\/06\/D_668413-MLA54956814211_042023-F-450x450.jpg",450,450,true],"woocommerce_single":["https:\/\/rms-enlinea.com.ar\/wp-content\/uploads\/2025\/06\/D_668413-MLA54956814211_042023-F-600x369.jpg",600,369,true],"woocommerce_gallery_thumbnail":["https:\/\/rms-enlinea.com.ar\/wp-content\/uploads\/2025\/06\/D_668413-MLA54956814211_042023-F-100x100.jpg",100,100,true]},"uagb_author_info":{"display_name":"l0071054","author_link":"https:\/\/rms-enlinea.com.ar\/tienda\/author\/"},"uagb_comment_info":0,"uagb_excerpt":"FABRICANTE: AMPHENOL CATEGOR\u00cdA DE PRODUCTO: CONECTORES XLR EST\u00c1NDAR: STANDARD XLR N\u00daMERO DE PINES: 5 G\u00c9NERO: HEMBRAESTILO DE TERMINACI\u00d3N: SOLDER CUP REVESTIMIENTO DEL CONTACTO: GOLD ORIENTACI\u00d3N: STRAIGHT R\u00c9GIMEN DE CORRIENTE: 15 A CICLOS DE ACOPLAMIENTO: 1000 CYCLE R\u00c9GIMEN DE VOLTAJE: 133 V","_links":{"self":[{"href":"https:\/\/rms-enlinea.com.ar\/tienda\/wp-json\/wp\/v2\/product\/13960","targetHints":{"allow":["GET"]}}],"collection":[{"href":"https:\/\/rms-enlinea.com.ar\/tienda\/wp-json\/wp\/v2\/product"}],"about":[{"href":"https:\/\/rms-enlinea.com.ar\/tienda\/wp-json\/wp\/v2\/types\/product"}],"replies":[{"embeddable":true,"href":"https:\/\/rms-enlinea.com.ar\/tienda\/wp-json\/wp\/v2\/comments?post=13960"}],"wp:featuredmedia":[{"embeddable":true,"href":"https:\/\/rms-enlinea.com.ar\/tienda\/wp-json\/wp\/v2\/media\/13961"}],"wp:attachment":[{"href":"https:\/\/rms-enlinea.com.ar\/tienda\/wp-json\/wp\/v2\/media?parent=13960"}],"wp:term":[{"taxonomy":"product_brand","embeddable":true,"href":"https:\/\/rms-enlinea.com.ar\/tienda\/wp-json\/wp\/v2\/product_brand?post=13960"},{"taxonomy":"product_cat","embeddable":true,"href":"https:\/\/rms-enlinea.com.ar\/tienda\/wp-json\/wp\/v2\/product_cat?post=13960"},{"taxonomy":"product_tag","embeddable":true,"href":"https:\/\/rms-enlinea.com.ar\/tienda\/wp-json\/wp\/v2\/product_tag?post=13960"}],"curies":[{"name":"wp","href":"https:\/\/api.w.org\/{rel}","templated":true}]}}