{"id":14108,"date":"2025-06-12T06:38:13","date_gmt":"2025-06-12T09:38:13","guid":{"rendered":"https:\/\/rms-enlinea.com.ar\/tienda\/producto\/parlantes-nisuta-nspau63-2-0-6w-madera-2-vias-usb-4-ohms\/"},"modified":"2026-04-06T13:59:38","modified_gmt":"2026-04-06T16:59:38","slug":"parlantes-nisuta-nspau63-2-0-6w-madera-2-vias-usb-4-ohms","status":"publish","type":"product","link":"https:\/\/rms-enlinea.com.ar\/tienda\/producto\/parlantes-nisuta-nspau63-2-0-6w-madera-2-vias-usb-4-ohms\/","title":{"rendered":"Parlantes Nisuta Nspau63 2.0 6w Madera 2 Vias Usb 4 Ohms"},"content":{"rendered":"<p>RMS:3WX2<br \/>\nTAMA\u00d1O DEL PARLANTE: 2,25 PULGADASX2<br \/>\nFRECUENCIA:150HZ-20KHZ<br \/>\nSEPARATION:&gt;45DB<br \/>\nS\/N RATIO :&gt;60DB<br \/>\nIMPEDANCIA: 4 OHM<br \/>\nSENSIBILIDAD DE ENTRADA:550MV \u00b150MV<br \/>\nENTRADA DE ALIMENTACI\u00d3N :DC 5V USB<br \/>\nFUNCI\u00d3N: CONTROL DE VOLUMEN<br \/>\nCABLE DE 1.2M: USB + STEREO 3.5MM<br \/>\nTAMA\u00d1O DEL PRODUCTO:95X95X140 MM<br \/>\nPESO NETO: 0.7KG<\/p>\n","protected":false},"excerpt":{"rendered":"<p>RMS:3WX2 TAMA\u00d1O DEL PARLANTE: 2,25 PULGADASX2 FRECUENCIA:150HZ-20KHZ SEPARATION:&gt;45DB S\/N RATIO :&gt;60DB IMPEDANCIA: 4 OHM SENSIBILIDAD DE ENTRADA:550MV \u00b150MV ENTRADA DE ALIMENTACI\u00d3N :DC 5V USB FUNCI\u00d3N: CONTROL DE VOLUMEN CABLE DE 1.2M: USB + STEREO 3.5MM TAMA\u00d1O DEL PRODUCTO:95X95X140 MM PESO NETO: 0.7KG<\/p>\n","protected":false},"featured_media":14109,"comment_status":"open","ping_status":"closed","template":"","meta":{"_uag_custom_page_level_css":""},"product_brand":[],"product_cat":[124],"product_tag":[],"class_list":{"0":"post-14108","1":"product","2":"type-product","3":"status-publish","4":"has-post-thumbnail","6":"product_cat-sistemas-de-sonido-parlantes","8":"first","9":"instock","10":"sale","11":"taxable","12":"shipping-taxable","13":"purchasable","14":"product-type-simple"},"uagb_featured_image_src":{"full":["https:\/\/rms-enlinea.com.ar\/wp-content\/uploads\/2025\/06\/D_987770-MLA48001900622_102021-F.jpg",752,675,false],"thumbnail":["https:\/\/rms-enlinea.com.ar\/wp-content\/uploads\/2025\/06\/D_987770-MLA48001900622_102021-F-150x150.jpg",150,150,true],"medium":["https:\/\/rms-enlinea.com.ar\/wp-content\/uploads\/2025\/06\/D_987770-MLA48001900622_102021-F-300x269.jpg",300,269,true],"medium_large":["https:\/\/rms-enlinea.com.ar\/wp-content\/uploads\/2025\/06\/D_987770-MLA48001900622_102021-F.jpg",752,675,false],"large":["https:\/\/rms-enlinea.com.ar\/wp-content\/uploads\/2025\/06\/D_987770-MLA48001900622_102021-F.jpg",752,675,false],"1536x1536":["https:\/\/rms-enlinea.com.ar\/wp-content\/uploads\/2025\/06\/D_987770-MLA48001900622_102021-F.jpg",752,675,false],"2048x2048":["https:\/\/rms-enlinea.com.ar\/wp-content\/uploads\/2025\/06\/D_987770-MLA48001900622_102021-F.jpg",752,675,false],"woocommerce_thumbnail":["https:\/\/rms-enlinea.com.ar\/wp-content\/uploads\/2025\/06\/D_987770-MLA48001900622_102021-F-450x450.jpg",450,450,true],"woocommerce_single":["https:\/\/rms-enlinea.com.ar\/wp-content\/uploads\/2025\/06\/D_987770-MLA48001900622_102021-F-600x539.jpg",600,539,true],"woocommerce_gallery_thumbnail":["https:\/\/rms-enlinea.com.ar\/wp-content\/uploads\/2025\/06\/D_987770-MLA48001900622_102021-F-100x100.jpg",100,100,true]},"uagb_author_info":{"display_name":"l0071054","author_link":"https:\/\/rms-enlinea.com.ar\/tienda\/author\/"},"uagb_comment_info":0,"uagb_excerpt":"RMS:3WX2 TAMA\u00d1O DEL PARLANTE: 2,25 PULGADASX2 FRECUENCIA:150HZ-20KHZ SEPARATION:&gt;45DB S\/N RATIO :&gt;60DB IMPEDANCIA: 4 OHM SENSIBILIDAD DE ENTRADA:550MV \u00b150MV ENTRADA DE ALIMENTACI\u00d3N :DC 5V USB FUNCI\u00d3N: CONTROL DE VOLUMEN CABLE DE 1.2M: USB + STEREO 3.5MM TAMA\u00d1O DEL PRODUCTO:95X95X140 MM PESO NETO: 0.7KG","_links":{"self":[{"href":"https:\/\/rms-enlinea.com.ar\/tienda\/wp-json\/wp\/v2\/product\/14108","targetHints":{"allow":["GET"]}}],"collection":[{"href":"https:\/\/rms-enlinea.com.ar\/tienda\/wp-json\/wp\/v2\/product"}],"about":[{"href":"https:\/\/rms-enlinea.com.ar\/tienda\/wp-json\/wp\/v2\/types\/product"}],"replies":[{"embeddable":true,"href":"https:\/\/rms-enlinea.com.ar\/tienda\/wp-json\/wp\/v2\/comments?post=14108"}],"wp:featuredmedia":[{"embeddable":true,"href":"https:\/\/rms-enlinea.com.ar\/tienda\/wp-json\/wp\/v2\/media\/14109"}],"wp:attachment":[{"href":"https:\/\/rms-enlinea.com.ar\/tienda\/wp-json\/wp\/v2\/media?parent=14108"}],"wp:term":[{"taxonomy":"product_brand","embeddable":true,"href":"https:\/\/rms-enlinea.com.ar\/tienda\/wp-json\/wp\/v2\/product_brand?post=14108"},{"taxonomy":"product_cat","embeddable":true,"href":"https:\/\/rms-enlinea.com.ar\/tienda\/wp-json\/wp\/v2\/product_cat?post=14108"},{"taxonomy":"product_tag","embeddable":true,"href":"https:\/\/rms-enlinea.com.ar\/tienda\/wp-json\/wp\/v2\/product_tag?post=14108"}],"curies":[{"name":"wp","href":"https:\/\/api.w.org\/{rel}","templated":true}]}}