{"id":14127,"date":"2025-06-12T06:38:38","date_gmt":"2025-06-12T09:38:38","guid":{"rendered":"https:\/\/rms-enlinea.com.ar\/tienda\/producto\/bafle-15-activo-bateria-y-2-mic-200w-usb-eq-vmr-groove15goii\/"},"modified":"2026-03-31T20:34:10","modified_gmt":"2026-03-31T23:34:10","slug":"bafle-15-activo-bateria-y-2-mic-200w-usb-eq-vmr-groove15goii","status":"publish","type":"product","link":"https:\/\/rms-enlinea.com.ar\/tienda\/producto\/bafle-15-activo-bateria-y-2-mic-200w-usb-eq-vmr-groove15goii\/","title":{"rendered":"Bafle 15 Activo Bateria Y 2 Mic 200w Usb Eq Vmr Groove15goii"},"content":{"rendered":"<p>DRIVERS: WOOFER 15\u201d \u2013 DRIVER 1\u201d<br \/>RANGO FRECUENCIA: 45HZ-20KHZ +\/-3 DB<br \/>SENSIBILIDAD: 98 DB WATT\/METRO<br \/>SPL M\u00c1XIMO 119 DB<br \/>CAPACIDAD DE POTENCIA: 100W RMS &#8211; 200W PROGRAMA <br \/>INCLUYE DOS MICR\u00d3FONOS INAL\u00c1MBRICOS QUE TRABAJAN CON 2 PILAS AA<br \/>ANGULO DE COBERTURA: 100\u00ba<br \/>DIMENSIONES: ALTO 68CM X ANCHO 42 CM X PROFUNDIDAD 38CM<br \/>CONECTORES: 2 X JACKS 1\/4&#8243;<br \/>ENTRADA DE L\u00cdNEA CON DOBLE RCA CON CONTROL DE VOLUMEN PARA PC, TEL\u00c9FONO, TABLET, ETC<br \/>REPRODUCTOR DE MP3, SD, BLUETOOTH, RADIO FM. DISPLAY NUM\u00c9RICO<br \/>EL REPRODUCTOR DE MP3 Y SD PERMITE SELECCIONAR CARPETAS<br \/>INCLUYE CONTROL REMOTO<br \/>ECUALIZADOR: 5 BANDAS<br \/>EFECTO DE VOCES PARA LOS MICR\u00d3FONOS<br \/>DISPLAY: SI<br \/>COLOR: NEGRO<br \/>PESO: 13 KG<br \/>RUEDAS PARA TRANSPORTE.<br \/>POSEE DOS ENTRADAS JACK DE 1\/4&#8243; CON CONTROL DE VOL\u00daMEN INDEPENDIENTE QUE PERMITEN CONECTAR CASI CUALQUIER FUENTE DE AUDIO (1 DE MICR\u00d3FONO Y 1 DE INSTRUMENTO POR EJEMPLO)<br \/>ENTRADAS Y SALIDAS DOBLE RCA DESBALANCEADA.<br \/>ALIMENTACI\u00d3N DE 2 MODOS, 1 INTERNA (A BATER\u00cdA) Y 2 EXTERNA (CONECTADO A LA RED DE 220V)<br \/>ENTRADA PARA CONECTAR A BATER\u00cdA EXTERNA DE 12 VOLTIOS.<br \/>2 MANIJAS PARA TRANSPORTE (UNA LATERAL Y UNA SUPERIOR)<br \/>CHANFLE PARA USAR COMO MONITOR DE PISO.<br \/>PLATINA INFERIOR PARA COLOCAR EN TR\u00cdPODE.<br \/>INSERTOS PARA COLGARLA 2 INSERTOS SUPERIORES ROSCA M8, 1 INSERTO 1NFERIOR ROSCA M8<\/p>\n","protected":false},"excerpt":{"rendered":"<p>DRIVERS: WOOFER 15\u201d \u2013 DRIVER 1\u201dRANGO FRECUENCIA: 45HZ-20KHZ +\/-3 DBSENSIBILIDAD: 98 DB WATT\/METROSPL M\u00c1XIMO 119 DBCAPACIDAD DE POTENCIA: 100W RMS &#8211; 200W PROGRAMA INCLUYE DOS MICR\u00d3FONOS INAL\u00c1MBRICOS QUE TRABAJAN CON 2 PILAS AAANGULO DE COBERTURA: 100\u00baDIMENSIONES: ALTO 68CM X ANCHO 42 CM X PROFUNDIDAD 38CMCONECTORES: 2 X JACKS 1\/4&#8243;ENTRADA DE L\u00cdNEA CON DOBLE RCA CON [&hellip;]<\/p>\n","protected":false},"featured_media":14128,"comment_status":"open","ping_status":"closed","template":"","meta":{"_uag_custom_page_level_css":""},"product_brand":[],"product_cat":[36],"product_tag":[],"class_list":{"0":"post-14127","1":"product","2":"type-product","3":"status-publish","4":"has-post-thumbnail","6":"product_cat-bafles","8":"first","9":"outofstock","10":"sale","11":"taxable","12":"shipping-taxable","13":"purchasable","14":"product-type-simple"},"uagb_featured_image_src":{"full":["https:\/\/rms-enlinea.com.ar\/wp-content\/uploads\/2025\/06\/D_899966-MLA51754760775_092022-F.jpg",611,733,false],"thumbnail":["https:\/\/rms-enlinea.com.ar\/wp-content\/uploads\/2025\/06\/D_899966-MLA51754760775_092022-F-150x150.jpg",150,150,true],"medium":["https:\/\/rms-enlinea.com.ar\/wp-content\/uploads\/2025\/06\/D_899966-MLA51754760775_092022-F-250x300.jpg",250,300,true],"medium_large":["https:\/\/rms-enlinea.com.ar\/wp-content\/uploads\/2025\/06\/D_899966-MLA51754760775_092022-F.jpg",611,733,false],"large":["https:\/\/rms-enlinea.com.ar\/wp-content\/uploads\/2025\/06\/D_899966-MLA51754760775_092022-F.jpg",611,733,false],"1536x1536":["https:\/\/rms-enlinea.com.ar\/wp-content\/uploads\/2025\/06\/D_899966-MLA51754760775_092022-F.jpg",611,733,false],"2048x2048":["https:\/\/rms-enlinea.com.ar\/wp-content\/uploads\/2025\/06\/D_899966-MLA51754760775_092022-F.jpg",611,733,false],"woocommerce_thumbnail":["https:\/\/rms-enlinea.com.ar\/wp-content\/uploads\/2025\/06\/D_899966-MLA51754760775_092022-F-450x450.jpg",450,450,true],"woocommerce_single":["https:\/\/rms-enlinea.com.ar\/wp-content\/uploads\/2025\/06\/D_899966-MLA51754760775_092022-F-600x720.jpg",600,720,true],"woocommerce_gallery_thumbnail":["https:\/\/rms-enlinea.com.ar\/wp-content\/uploads\/2025\/06\/D_899966-MLA51754760775_092022-F-100x100.jpg",100,100,true]},"uagb_author_info":{"display_name":"l0071054","author_link":"https:\/\/rms-enlinea.com.ar\/tienda\/author\/"},"uagb_comment_info":0,"uagb_excerpt":"DRIVERS: WOOFER 15\u201d \u2013 DRIVER 1\u201dRANGO FRECUENCIA: 45HZ-20KHZ +\/-3 DBSENSIBILIDAD: 98 DB WATT\/METROSPL M\u00c1XIMO 119 DBCAPACIDAD DE POTENCIA: 100W RMS &#8211; 200W PROGRAMA INCLUYE DOS MICR\u00d3FONOS INAL\u00c1MBRICOS QUE TRABAJAN CON 2 PILAS AAANGULO DE COBERTURA: 100\u00baDIMENSIONES: ALTO 68CM X ANCHO 42 CM X PROFUNDIDAD 38CMCONECTORES: 2 X JACKS 1\/4&#8243;ENTRADA DE L\u00cdNEA CON DOBLE RCA CON&hellip;","_links":{"self":[{"href":"https:\/\/rms-enlinea.com.ar\/tienda\/wp-json\/wp\/v2\/product\/14127","targetHints":{"allow":["GET"]}}],"collection":[{"href":"https:\/\/rms-enlinea.com.ar\/tienda\/wp-json\/wp\/v2\/product"}],"about":[{"href":"https:\/\/rms-enlinea.com.ar\/tienda\/wp-json\/wp\/v2\/types\/product"}],"replies":[{"embeddable":true,"href":"https:\/\/rms-enlinea.com.ar\/tienda\/wp-json\/wp\/v2\/comments?post=14127"}],"wp:featuredmedia":[{"embeddable":true,"href":"https:\/\/rms-enlinea.com.ar\/tienda\/wp-json\/wp\/v2\/media\/14128"}],"wp:attachment":[{"href":"https:\/\/rms-enlinea.com.ar\/tienda\/wp-json\/wp\/v2\/media?parent=14127"}],"wp:term":[{"taxonomy":"product_brand","embeddable":true,"href":"https:\/\/rms-enlinea.com.ar\/tienda\/wp-json\/wp\/v2\/product_brand?post=14127"},{"taxonomy":"product_cat","embeddable":true,"href":"https:\/\/rms-enlinea.com.ar\/tienda\/wp-json\/wp\/v2\/product_cat?post=14127"},{"taxonomy":"product_tag","embeddable":true,"href":"https:\/\/rms-enlinea.com.ar\/tienda\/wp-json\/wp\/v2\/product_tag?post=14127"}],"curies":[{"name":"wp","href":"https:\/\/api.w.org\/{rel}","templated":true}]}}