{"id":14152,"date":"2025-06-12T06:39:04","date_gmt":"2025-06-12T09:39:04","guid":{"rendered":"https:\/\/rms-enlinea.com.ar\/tienda\/producto\/teclado-gamer-logitech-g815-mecanico-lightsync-920-011354\/"},"modified":"2026-04-21T04:23:45","modified_gmt":"2026-04-21T07:23:45","slug":"teclado-gamer-logitech-g815-mecanico-lightsync-920-011354","status":"publish","type":"product","link":"https:\/\/rms-enlinea.com.ar\/tienda\/producto\/teclado-gamer-logitech-g815-mecanico-lightsync-920-011354\/","title":{"rendered":"Teclado Gamer Logitech G815 Mecanico Lightsync 920-011354"},"content":{"rendered":"<p>DIMENSIONES<br \/>Longitud: 475 mm<br \/>Ancho: 150 mm<br \/>Altura: 22 mm<br \/>Peso: 1045 g<br \/>Peso (con cable): 1145 g<br \/>Longitud de cable de PC: 1,8 m<br \/>INTERRUPTORES GL DE PERFIL BAJO<br \/>Distancia de actuaci\u00f3n: 1,5 mm<br \/>Fuerza de actuaci\u00f3n: 45 g<br \/>Recorrido total: 3 mm<br \/>MEMORIA INTEGRADA<br \/>Dos perfiles de iluminaci\u00f3n<br \/>Tres perfiles de macros de teclas G<br \/>OTRAS FUNCIONES<br \/>RGB LIGHTSYNC, iluminaci\u00f3n por tecla<br \/>Cinco teclas G espec\u00edficas<br \/>Control multimedia espec\u00edfico y rueda de volumen sin bordes<\/p>\n","protected":false},"excerpt":{"rendered":"<p>DIMENSIONESLongitud: 475 mmAncho: 150 mmAltura: 22 mmPeso: 1045 gPeso (con cable): 1145 gLongitud de cable de PC: 1,8 mINTERRUPTORES GL DE PERFIL BAJODistancia de actuaci\u00f3n: 1,5 mmFuerza de actuaci\u00f3n: 45 gRecorrido total: 3 mmMEMORIA INTEGRADADos perfiles de iluminaci\u00f3nTres perfiles de macros de teclas GOTRAS FUNCIONESRGB LIGHTSYNC, iluminaci\u00f3n por teclaCinco teclas G espec\u00edficasControl multimedia espec\u00edfico y [&hellip;]<\/p>\n","protected":false},"featured_media":14153,"comment_status":"open","ping_status":"closed","template":"","meta":{"_uag_custom_page_level_css":""},"product_brand":[549],"product_cat":[125],"product_tag":[],"class_list":{"0":"post-14152","1":"product","2":"type-product","3":"status-publish","4":"has-post-thumbnail","6":"product_brand-logitech","7":"product_cat-teclados-y-mouses","9":"first","10":"outofstock","11":"sale","12":"taxable","13":"shipping-taxable","14":"purchasable","15":"product-type-simple"},"uagb_featured_image_src":{"full":["https:\/\/rms-enlinea.com.ar\/wp-content\/uploads\/2025\/06\/D_858498-MLU70610440027_072023-F.jpg",500,250,false],"thumbnail":["https:\/\/rms-enlinea.com.ar\/wp-content\/uploads\/2025\/06\/D_858498-MLU70610440027_072023-F-150x150.jpg",150,150,true],"medium":["https:\/\/rms-enlinea.com.ar\/wp-content\/uploads\/2025\/06\/D_858498-MLU70610440027_072023-F-300x150.jpg",300,150,true],"medium_large":["https:\/\/rms-enlinea.com.ar\/wp-content\/uploads\/2025\/06\/D_858498-MLU70610440027_072023-F.jpg",500,250,false],"large":["https:\/\/rms-enlinea.com.ar\/wp-content\/uploads\/2025\/06\/D_858498-MLU70610440027_072023-F.jpg",500,250,false],"1536x1536":["https:\/\/rms-enlinea.com.ar\/wp-content\/uploads\/2025\/06\/D_858498-MLU70610440027_072023-F.jpg",500,250,false],"2048x2048":["https:\/\/rms-enlinea.com.ar\/wp-content\/uploads\/2025\/06\/D_858498-MLU70610440027_072023-F.jpg",500,250,false],"woocommerce_thumbnail":["https:\/\/rms-enlinea.com.ar\/wp-content\/uploads\/2025\/06\/D_858498-MLU70610440027_072023-F-450x250.jpg",450,250,true],"woocommerce_single":["https:\/\/rms-enlinea.com.ar\/wp-content\/uploads\/2025\/06\/D_858498-MLU70610440027_072023-F.jpg",500,250,false],"woocommerce_gallery_thumbnail":["https:\/\/rms-enlinea.com.ar\/wp-content\/uploads\/2025\/06\/D_858498-MLU70610440027_072023-F-100x100.jpg",100,100,true]},"uagb_author_info":{"display_name":"l0071054","author_link":"https:\/\/rms-enlinea.com.ar\/tienda\/author\/"},"uagb_comment_info":0,"uagb_excerpt":"DIMENSIONESLongitud: 475 mmAncho: 150 mmAltura: 22 mmPeso: 1045 gPeso (con cable): 1145 gLongitud de cable de PC: 1,8 mINTERRUPTORES GL DE PERFIL BAJODistancia de actuaci\u00f3n: 1,5 mmFuerza de actuaci\u00f3n: 45 gRecorrido total: 3 mmMEMORIA INTEGRADADos perfiles de iluminaci\u00f3nTres perfiles de macros de teclas GOTRAS FUNCIONESRGB LIGHTSYNC, iluminaci\u00f3n por teclaCinco teclas G espec\u00edficasControl multimedia espec\u00edfico y&hellip;","_links":{"self":[{"href":"https:\/\/rms-enlinea.com.ar\/tienda\/wp-json\/wp\/v2\/product\/14152","targetHints":{"allow":["GET"]}}],"collection":[{"href":"https:\/\/rms-enlinea.com.ar\/tienda\/wp-json\/wp\/v2\/product"}],"about":[{"href":"https:\/\/rms-enlinea.com.ar\/tienda\/wp-json\/wp\/v2\/types\/product"}],"replies":[{"embeddable":true,"href":"https:\/\/rms-enlinea.com.ar\/tienda\/wp-json\/wp\/v2\/comments?post=14152"}],"wp:featuredmedia":[{"embeddable":true,"href":"https:\/\/rms-enlinea.com.ar\/tienda\/wp-json\/wp\/v2\/media\/14153"}],"wp:attachment":[{"href":"https:\/\/rms-enlinea.com.ar\/tienda\/wp-json\/wp\/v2\/media?parent=14152"}],"wp:term":[{"taxonomy":"product_brand","embeddable":true,"href":"https:\/\/rms-enlinea.com.ar\/tienda\/wp-json\/wp\/v2\/product_brand?post=14152"},{"taxonomy":"product_cat","embeddable":true,"href":"https:\/\/rms-enlinea.com.ar\/tienda\/wp-json\/wp\/v2\/product_cat?post=14152"},{"taxonomy":"product_tag","embeddable":true,"href":"https:\/\/rms-enlinea.com.ar\/tienda\/wp-json\/wp\/v2\/product_tag?post=14152"}],"curies":[{"name":"wp","href":"https:\/\/api.w.org\/{rel}","templated":true}]}}