{"id":14188,"date":"2025-06-12T06:39:39","date_gmt":"2025-06-12T09:39:39","guid":{"rendered":"https:\/\/rms-enlinea.com.ar\/tienda\/producto\/teclado-mecanico-inalambrico-para-juegos-logitech-g-pro-x-tkl-black\/"},"modified":"2026-04-06T14:10:19","modified_gmt":"2026-04-06T17:10:19","slug":"teclado-mecanico-inalambrico-para-juegos-logitech-g-pro-x-tkl-black","status":"publish","type":"product","link":"https:\/\/rms-enlinea.com.ar\/tienda\/producto\/teclado-mecanico-inalambrico-para-juegos-logitech-g-pro-x-tkl-black\/","title":{"rendered":"Teclado Mec\u00e1nico Inal\u00e1mbrico Para Juegos Logitech G Pro X Tkl Black Negro Ingl\u00e9s Us"},"content":{"rendered":"<p>\u00a1DISE\u00d1O Y RENDIMIENTO PARA JUGADORES COMPETITIVOS! <\/p>\n<p> El teclado Gamer PRO X TKL se desarroll\u00f3 en colaboraci\u00f3n con profesionales de los deportes electr\u00f3nicos. Mejora tu nivel de juego con un equipo que elimina los obst\u00e1culos que te llevan a la victoria. Este modelo es el resultado de una asociaci\u00f3n con jugadores profesionales y est\u00e1 dise\u00f1ado para conquistar campeonatos. <\/p>\n<p> Experimenta la velocidad y la fiabilidad de Lightspeed, con la posibilidad de conectar un rat\u00f3n y un teclado compatibles. Personaliza tu mando con teclas programables e iluminaci\u00f3n RGB con LIGHTSYNC. Los controles multimedia y la perilla de volumen te dan un control total sobre el juego. <\/p>\n<p> Este teclado inal\u00e1mbrico para jugadores est\u00e1 equipado con un control del modo de juego, teclas PTB de doble moldura, dise\u00f1os de teclado est\u00e1ndar para mayor compatibilidad y opciones de conectividad Lightspeed, Bluetooth y USB. <br \/> &#8212;&#8212;&#8212;&#8212;&#8212;&#8212;&#8212;&#8212;&#8212;&#8212;&#8212;&#8212;&#8212;&#8212;&#8212;- <br \/> DIMENSIONES Y PESO: <br \/> Altura del teclado: 3,4 cm <br \/> Ancho del teclado: 35,2 cm <br \/> Profundidad del teclado: 15 cm <br \/> Peso del teclado: 2,03 kg<\/p>\n","protected":false},"excerpt":{"rendered":"<p>\u00a1DISE\u00d1O Y RENDIMIENTO PARA JUGADORES COMPETITIVOS! El teclado Gamer PRO X TKL se desarroll\u00f3 en colaboraci\u00f3n con profesionales de los deportes electr\u00f3nicos. Mejora tu nivel de juego con un equipo que elimina los obst\u00e1culos que te llevan a la victoria. Este modelo es el resultado de una asociaci\u00f3n con jugadores profesionales y est\u00e1 dise\u00f1ado para [&hellip;]<\/p>\n","protected":false},"featured_media":14189,"comment_status":"open","ping_status":"closed","template":"","meta":{"_uag_custom_page_level_css":""},"product_brand":[549],"product_cat":[125],"product_tag":[],"class_list":{"0":"post-14188","1":"product","2":"type-product","3":"status-publish","4":"has-post-thumbnail","6":"product_brand-logitech","7":"product_cat-teclados-y-mouses","9":"first","10":"outofstock","11":"sale","12":"taxable","13":"shipping-taxable","14":"purchasable","15":"product-type-simple"},"uagb_featured_image_src":{"full":["https:\/\/rms-enlinea.com.ar\/wp-content\/uploads\/2025\/06\/D_909965-MLU74111567657_012024-F.jpg",1046,440,false],"thumbnail":["https:\/\/rms-enlinea.com.ar\/wp-content\/uploads\/2025\/06\/D_909965-MLU74111567657_012024-F-150x150.jpg",150,150,true],"medium":["https:\/\/rms-enlinea.com.ar\/wp-content\/uploads\/2025\/06\/D_909965-MLU74111567657_012024-F-300x126.jpg",300,126,true],"medium_large":["https:\/\/rms-enlinea.com.ar\/wp-content\/uploads\/2025\/06\/D_909965-MLU74111567657_012024-F-768x323.jpg",768,323,true],"large":["https:\/\/rms-enlinea.com.ar\/wp-content\/uploads\/2025\/06\/D_909965-MLU74111567657_012024-F-1024x431.jpg",1024,431,true],"1536x1536":["https:\/\/rms-enlinea.com.ar\/wp-content\/uploads\/2025\/06\/D_909965-MLU74111567657_012024-F.jpg",1046,440,false],"2048x2048":["https:\/\/rms-enlinea.com.ar\/wp-content\/uploads\/2025\/06\/D_909965-MLU74111567657_012024-F.jpg",1046,440,false],"woocommerce_thumbnail":["https:\/\/rms-enlinea.com.ar\/wp-content\/uploads\/2025\/06\/D_909965-MLU74111567657_012024-F-450x440.jpg",450,440,true],"woocommerce_single":["https:\/\/rms-enlinea.com.ar\/wp-content\/uploads\/2025\/06\/D_909965-MLU74111567657_012024-F-600x252.jpg",600,252,true],"woocommerce_gallery_thumbnail":["https:\/\/rms-enlinea.com.ar\/wp-content\/uploads\/2025\/06\/D_909965-MLU74111567657_012024-F-100x100.jpg",100,100,true]},"uagb_author_info":{"display_name":"l0071054","author_link":"https:\/\/rms-enlinea.com.ar\/tienda\/author\/"},"uagb_comment_info":0,"uagb_excerpt":"\u00a1DISE\u00d1O Y RENDIMIENTO PARA JUGADORES COMPETITIVOS! El teclado Gamer PRO X TKL se desarroll\u00f3 en colaboraci\u00f3n con profesionales de los deportes electr\u00f3nicos. Mejora tu nivel de juego con un equipo que elimina los obst\u00e1culos que te llevan a la victoria. Este modelo es el resultado de una asociaci\u00f3n con jugadores profesionales y est\u00e1 dise\u00f1ado para&hellip;","_links":{"self":[{"href":"https:\/\/rms-enlinea.com.ar\/tienda\/wp-json\/wp\/v2\/product\/14188","targetHints":{"allow":["GET"]}}],"collection":[{"href":"https:\/\/rms-enlinea.com.ar\/tienda\/wp-json\/wp\/v2\/product"}],"about":[{"href":"https:\/\/rms-enlinea.com.ar\/tienda\/wp-json\/wp\/v2\/types\/product"}],"replies":[{"embeddable":true,"href":"https:\/\/rms-enlinea.com.ar\/tienda\/wp-json\/wp\/v2\/comments?post=14188"}],"wp:featuredmedia":[{"embeddable":true,"href":"https:\/\/rms-enlinea.com.ar\/tienda\/wp-json\/wp\/v2\/media\/14189"}],"wp:attachment":[{"href":"https:\/\/rms-enlinea.com.ar\/tienda\/wp-json\/wp\/v2\/media?parent=14188"}],"wp:term":[{"taxonomy":"product_brand","embeddable":true,"href":"https:\/\/rms-enlinea.com.ar\/tienda\/wp-json\/wp\/v2\/product_brand?post=14188"},{"taxonomy":"product_cat","embeddable":true,"href":"https:\/\/rms-enlinea.com.ar\/tienda\/wp-json\/wp\/v2\/product_cat?post=14188"},{"taxonomy":"product_tag","embeddable":true,"href":"https:\/\/rms-enlinea.com.ar\/tienda\/wp-json\/wp\/v2\/product_tag?post=14188"}],"curies":[{"name":"wp","href":"https:\/\/api.w.org\/{rel}","templated":true}]}}