{"id":14288,"date":"2025-06-12T06:41:36","date_gmt":"2025-06-12T09:41:36","guid":{"rendered":"https:\/\/rms-enlinea.com.ar\/tienda\/producto\/monitor-dell-led-22-p2222h-hdmi-dp-vga-usb-60hz-full-hd\/"},"modified":"2026-03-20T19:11:31","modified_gmt":"2026-03-20T22:11:31","slug":"monitor-dell-led-22-p2222h-hdmi-dp-vga-usb-60hz-full-hd","status":"publish","type":"product","link":"https:\/\/rms-enlinea.com.ar\/tienda\/producto\/monitor-dell-led-22-p2222h-hdmi-dp-vga-usb-60hz-full-hd\/","title":{"rendered":"Monitor Dell Led 22 P2222h Hdmi Dp Vga Usb 60hz Full Hd"},"content":{"rendered":"<p>Es gamer<\/p>\n<p>No<br \/>Modelo alfanum\u00e9rico<\/p>\n<p>P2222H<br \/>Marca<\/p>\n<p>Dell<br \/>Resoluci\u00f3n de la pantalla<\/p>\n<p>1920 px x 1080 px<br \/>Tama\u00f1o de la pantalla<\/p>\n<p>22 &#8220;<br \/>Tipo de pantalla<\/p>\n<p>LED<br \/>C\u00f3digo universal de producto<\/p>\n<p>5397184505144<br \/>Es curvo<\/p>\n<p>No<br \/>Condici\u00f3n del \u00edtem<\/p>\n<p>Nuevo<br \/>L\u00ednea<\/p>\n<p>P<br \/>Frecuencia m\u00e1xima de actualizaci\u00f3n<\/p>\n<p>60 Hz<br \/>Modelo<\/p>\n<p>P2222H<br \/>Frecuencia de actualizaci\u00f3n recomendada<\/p>\n<p>60 Hz<br \/>Tipo de resoluci\u00f3n<\/p>\n<p>Full HD<br \/>Voltaje<\/p>\n<p>110V\/220V<br \/>SKU<\/p>\n<p>P2222H<br \/>Es port\u00e1til<\/p>\n<p>No<\/p>\n","protected":false},"excerpt":{"rendered":"<p>Es gamer NoModelo alfanum\u00e9rico P2222HMarca DellResoluci\u00f3n de la pantalla 1920 px x 1080 pxTama\u00f1o de la pantalla 22 &#8220;Tipo de pantalla LEDC\u00f3digo universal de producto 5397184505144Es curvo NoCondici\u00f3n del \u00edtem NuevoL\u00ednea PFrecuencia m\u00e1xima de actualizaci\u00f3n 60 HzModelo P2222HFrecuencia de actualizaci\u00f3n recomendada 60 HzTipo de resoluci\u00f3n Full HDVoltaje 110V\/220VSKU P2222HEs port\u00e1til No<\/p>\n","protected":false},"featured_media":14284,"comment_status":"open","ping_status":"closed","template":"","meta":{"_uag_custom_page_level_css":""},"product_brand":[587],"product_cat":[114],"product_tag":[],"class_list":{"0":"post-14288","1":"product","2":"type-product","3":"status-publish","4":"has-post-thumbnail","6":"product_brand-dell","7":"product_cat-monitores","9":"first","10":"instock","11":"sale","12":"taxable","13":"shipping-taxable","14":"purchasable","15":"product-type-simple"},"uagb_featured_image_src":{"full":["https:\/\/rms-enlinea.com.ar\/wp-content\/uploads\/2025\/06\/D_714912-MLU49173890998_022022-F.jpg",1200,961,false],"thumbnail":["https:\/\/rms-enlinea.com.ar\/wp-content\/uploads\/2025\/06\/D_714912-MLU49173890998_022022-F-150x150.jpg",150,150,true],"medium":["https:\/\/rms-enlinea.com.ar\/wp-content\/uploads\/2025\/06\/D_714912-MLU49173890998_022022-F-300x240.jpg",300,240,true],"medium_large":["https:\/\/rms-enlinea.com.ar\/wp-content\/uploads\/2025\/06\/D_714912-MLU49173890998_022022-F-768x615.jpg",768,615,true],"large":["https:\/\/rms-enlinea.com.ar\/wp-content\/uploads\/2025\/06\/D_714912-MLU49173890998_022022-F-1024x820.jpg",1024,820,true],"1536x1536":["https:\/\/rms-enlinea.com.ar\/wp-content\/uploads\/2025\/06\/D_714912-MLU49173890998_022022-F.jpg",1200,961,false],"2048x2048":["https:\/\/rms-enlinea.com.ar\/wp-content\/uploads\/2025\/06\/D_714912-MLU49173890998_022022-F.jpg",1200,961,false],"woocommerce_thumbnail":["https:\/\/rms-enlinea.com.ar\/wp-content\/uploads\/2025\/06\/D_714912-MLU49173890998_022022-F-450x450.jpg",450,450,true],"woocommerce_single":["https:\/\/rms-enlinea.com.ar\/wp-content\/uploads\/2025\/06\/D_714912-MLU49173890998_022022-F-600x481.jpg",600,481,true],"woocommerce_gallery_thumbnail":["https:\/\/rms-enlinea.com.ar\/wp-content\/uploads\/2025\/06\/D_714912-MLU49173890998_022022-F-100x100.jpg",100,100,true]},"uagb_author_info":{"display_name":"l0071054","author_link":"https:\/\/rms-enlinea.com.ar\/tienda\/author\/"},"uagb_comment_info":0,"uagb_excerpt":"Es gamer NoModelo alfanum\u00e9rico P2222HMarca DellResoluci\u00f3n de la pantalla 1920 px x 1080 pxTama\u00f1o de la pantalla 22 &#8220;Tipo de pantalla LEDC\u00f3digo universal de producto 5397184505144Es curvo NoCondici\u00f3n del \u00edtem NuevoL\u00ednea PFrecuencia m\u00e1xima de actualizaci\u00f3n 60 HzModelo P2222HFrecuencia de actualizaci\u00f3n recomendada 60 HzTipo de resoluci\u00f3n Full HDVoltaje 110V\/220VSKU P2222HEs port\u00e1til No","_links":{"self":[{"href":"https:\/\/rms-enlinea.com.ar\/tienda\/wp-json\/wp\/v2\/product\/14288","targetHints":{"allow":["GET"]}}],"collection":[{"href":"https:\/\/rms-enlinea.com.ar\/tienda\/wp-json\/wp\/v2\/product"}],"about":[{"href":"https:\/\/rms-enlinea.com.ar\/tienda\/wp-json\/wp\/v2\/types\/product"}],"replies":[{"embeddable":true,"href":"https:\/\/rms-enlinea.com.ar\/tienda\/wp-json\/wp\/v2\/comments?post=14288"}],"wp:featuredmedia":[{"embeddable":true,"href":"https:\/\/rms-enlinea.com.ar\/tienda\/wp-json\/wp\/v2\/media\/14284"}],"wp:attachment":[{"href":"https:\/\/rms-enlinea.com.ar\/tienda\/wp-json\/wp\/v2\/media?parent=14288"}],"wp:term":[{"taxonomy":"product_brand","embeddable":true,"href":"https:\/\/rms-enlinea.com.ar\/tienda\/wp-json\/wp\/v2\/product_brand?post=14288"},{"taxonomy":"product_cat","embeddable":true,"href":"https:\/\/rms-enlinea.com.ar\/tienda\/wp-json\/wp\/v2\/product_cat?post=14288"},{"taxonomy":"product_tag","embeddable":true,"href":"https:\/\/rms-enlinea.com.ar\/tienda\/wp-json\/wp\/v2\/product_tag?post=14288"}],"curies":[{"name":"wp","href":"https:\/\/api.w.org\/{rel}","templated":true}]}}