{"id":14315,"date":"2025-06-12T06:42:29","date_gmt":"2025-06-12T09:42:29","guid":{"rendered":"https:\/\/rms-enlinea.com.ar\/tienda\/producto\/cable-xlr-para-microfono-adam-hall-1m-k3mmf0100\/"},"modified":"2026-04-02T23:50:47","modified_gmt":"2026-04-03T02:50:47","slug":"cable-xlr-para-microfono-adam-hall-1m-k3mmf0100","status":"publish","type":"product","link":"https:\/\/rms-enlinea.com.ar\/tienda\/producto\/cable-xlr-para-microfono-adam-hall-1m-k3mmf0100\/","title":{"rendered":"Cable Xlr Para Microfono Adam Hall 1m K3mmf0100"},"content":{"rendered":"<p>TIPO DE PRODUCTO: CABLE ARMADO<br \/>TIPO: XLR A XLR MICROFONO \/ SE\u00d1AL<br \/>LARGO:1 M<br \/>COLOR: NEGRO<br \/>DI\u00c1METRO DEL CABLE: 6 MM<br \/>SECCI\u00d3N DEL CONDUCTOR INTERIOR: 0,31 MM\u00b2<br \/>CARACTER\u00cdSTICA: 64 OHMIOS\/KM<br \/>CAPACIDAD <72 PF\/M<br \/>CONECTORES: METALICOS<\/p>\n","protected":false},"excerpt":{"rendered":"<p>TIPO DE PRODUCTO: CABLE ARMADOTIPO: XLR A XLR MICROFONO \/ SE\u00d1ALLARGO:1 MCOLOR: NEGRODI\u00c1METRO DEL CABLE: 6 MMSECCI\u00d3N DEL CONDUCTOR INTERIOR: 0,31 MM\u00b2CARACTER\u00cdSTICA: 64 OHMIOS\/KMCAPACIDAD<\/p>\n","protected":false},"featured_media":14316,"comment_status":"open","ping_status":"closed","template":"","meta":{"_uag_custom_page_level_css":""},"product_brand":[],"product_cat":[57,85],"product_tag":[],"class_list":{"0":"post-14315","1":"product","2":"type-product","3":"status-publish","4":"has-post-thumbnail","6":"product_cat-cables","7":"product_cat-cables-iluminacion-profesional","9":"first","10":"instock","11":"sale","12":"taxable","13":"shipping-taxable","14":"purchasable","15":"product-type-simple"},"uagb_featured_image_src":{"full":["https:\/\/rms-enlinea.com.ar\/wp-content\/uploads\/2025\/06\/D_708128-MLA32726102619_102019-F.jpg",1107,1108,false],"thumbnail":["https:\/\/rms-enlinea.com.ar\/wp-content\/uploads\/2025\/06\/D_708128-MLA32726102619_102019-F-150x150.jpg",150,150,true],"medium":["https:\/\/rms-enlinea.com.ar\/wp-content\/uploads\/2025\/06\/D_708128-MLA32726102619_102019-F-300x300.jpg",300,300,true],"medium_large":["https:\/\/rms-enlinea.com.ar\/wp-content\/uploads\/2025\/06\/D_708128-MLA32726102619_102019-F-768x769.jpg",768,769,true],"large":["https:\/\/rms-enlinea.com.ar\/wp-content\/uploads\/2025\/06\/D_708128-MLA32726102619_102019-F-1024x1024.jpg",1024,1024,true],"1536x1536":["https:\/\/rms-enlinea.com.ar\/wp-content\/uploads\/2025\/06\/D_708128-MLA32726102619_102019-F.jpg",1107,1108,false],"2048x2048":["https:\/\/rms-enlinea.com.ar\/wp-content\/uploads\/2025\/06\/D_708128-MLA32726102619_102019-F.jpg",1107,1108,false],"woocommerce_thumbnail":["https:\/\/rms-enlinea.com.ar\/wp-content\/uploads\/2025\/06\/D_708128-MLA32726102619_102019-F-450x450.jpg",450,450,true],"woocommerce_single":["https:\/\/rms-enlinea.com.ar\/wp-content\/uploads\/2025\/06\/D_708128-MLA32726102619_102019-F-600x601.jpg",600,601,true],"woocommerce_gallery_thumbnail":["https:\/\/rms-enlinea.com.ar\/wp-content\/uploads\/2025\/06\/D_708128-MLA32726102619_102019-F-100x100.jpg",100,100,true]},"uagb_author_info":{"display_name":"l0071054","author_link":"https:\/\/rms-enlinea.com.ar\/tienda\/author\/"},"uagb_comment_info":0,"uagb_excerpt":"TIPO DE PRODUCTO: CABLE ARMADOTIPO: XLR A XLR MICROFONO \/ SE\u00d1ALLARGO:1 MCOLOR: NEGRODI\u00c1METRO DEL CABLE: 6 MMSECCI\u00d3N DEL CONDUCTOR INTERIOR: 0,31 MM\u00b2CARACTER\u00cdSTICA: 64 OHMIOS\/KMCAPACIDAD","_links":{"self":[{"href":"https:\/\/rms-enlinea.com.ar\/tienda\/wp-json\/wp\/v2\/product\/14315","targetHints":{"allow":["GET"]}}],"collection":[{"href":"https:\/\/rms-enlinea.com.ar\/tienda\/wp-json\/wp\/v2\/product"}],"about":[{"href":"https:\/\/rms-enlinea.com.ar\/tienda\/wp-json\/wp\/v2\/types\/product"}],"replies":[{"embeddable":true,"href":"https:\/\/rms-enlinea.com.ar\/tienda\/wp-json\/wp\/v2\/comments?post=14315"}],"wp:featuredmedia":[{"embeddable":true,"href":"https:\/\/rms-enlinea.com.ar\/tienda\/wp-json\/wp\/v2\/media\/14316"}],"wp:attachment":[{"href":"https:\/\/rms-enlinea.com.ar\/tienda\/wp-json\/wp\/v2\/media?parent=14315"}],"wp:term":[{"taxonomy":"product_brand","embeddable":true,"href":"https:\/\/rms-enlinea.com.ar\/tienda\/wp-json\/wp\/v2\/product_brand?post=14315"},{"taxonomy":"product_cat","embeddable":true,"href":"https:\/\/rms-enlinea.com.ar\/tienda\/wp-json\/wp\/v2\/product_cat?post=14315"},{"taxonomy":"product_tag","embeddable":true,"href":"https:\/\/rms-enlinea.com.ar\/tienda\/wp-json\/wp\/v2\/product_tag?post=14315"}],"curies":[{"name":"wp","href":"https:\/\/api.w.org\/{rel}","templated":true}]}}