{"id":14351,"date":"2025-06-12T06:43:24","date_gmt":"2025-06-12T09:43:24","guid":{"rendered":"https:\/\/rms-enlinea.com.ar\/tienda\/producto\/mother-asrock-a620m-hdv-m-2-amd-am5-ddr5-pci-e-4-0-7000-8000\/"},"modified":"2026-03-31T20:14:49","modified_gmt":"2026-03-31T23:14:49","slug":"mother-asrock-a620m-hdv-m-2-amd-am5-ddr5-pci-e-4-0-7000-8000","status":"publish","type":"product","link":"https:\/\/rms-enlinea.com.ar\/tienda\/producto\/mother-asrock-a620m-hdv-m-2-amd-am5-ddr5-pci-e-4-0-7000-8000\/","title":{"rendered":"Mother Asrock A620m-hdv\/m.2 Amd Am5 Ddr5 Pci-e 4.0 7000 8000"},"content":{"rendered":"<p>Marca ASRock<br \/>Chipsets A620<br \/>Plataforma AMD<br \/>C\u00f3digo universal de producto 4710483943034<br \/>Condici\u00f3n del \u00edtem Nuevo<br \/>L\u00ednea HDV<br \/>Capacidad m\u00e1xima soportada de la memoria RAM 64 GB<br \/>Socket AM5<br \/>Tipo de memoria RAM DDR5<br \/>CPU Supports AMD Socket AM5 Ryzen? 7000 Series Processors*<br \/>Chipset AMD A620<br \/>Memory 2 x DDR5 DIMM Slots<br \/>Modelo A620-HDV\/M.2<\/p>\n","protected":false},"excerpt":{"rendered":"<p>Marca ASRockChipsets A620Plataforma AMDC\u00f3digo universal de producto 4710483943034Condici\u00f3n del \u00edtem NuevoL\u00ednea HDVCapacidad m\u00e1xima soportada de la memoria RAM 64 GBSocket AM5Tipo de memoria RAM DDR5CPU Supports AMD Socket AM5 Ryzen? 7000 Series Processors*Chipset AMD A620Memory 2 x DDR5 DIMM SlotsModelo A620-HDV\/M.2<\/p>\n","protected":false},"featured_media":14352,"comment_status":"open","ping_status":"closed","template":"","meta":{"_uag_custom_page_level_css":""},"product_brand":[588],"product_cat":[115],"product_tag":[],"class_list":{"0":"post-14351","1":"product","2":"type-product","3":"status-publish","4":"has-post-thumbnail","6":"product_brand-asrock","7":"product_cat-mother","9":"first","10":"outofstock","11":"sale","12":"taxable","13":"shipping-taxable","14":"purchasable","15":"product-type-simple"},"uagb_featured_image_src":{"full":["https:\/\/rms-enlinea.com.ar\/wp-content\/uploads\/2025\/06\/D_714539-MLA76863109766_062024-F.jpg",1200,683,false],"thumbnail":["https:\/\/rms-enlinea.com.ar\/wp-content\/uploads\/2025\/06\/D_714539-MLA76863109766_062024-F-150x150.jpg",150,150,true],"medium":["https:\/\/rms-enlinea.com.ar\/wp-content\/uploads\/2025\/06\/D_714539-MLA76863109766_062024-F-300x171.jpg",300,171,true],"medium_large":["https:\/\/rms-enlinea.com.ar\/wp-content\/uploads\/2025\/06\/D_714539-MLA76863109766_062024-F-768x437.jpg",768,437,true],"large":["https:\/\/rms-enlinea.com.ar\/wp-content\/uploads\/2025\/06\/D_714539-MLA76863109766_062024-F-1024x583.jpg",1024,583,true],"1536x1536":["https:\/\/rms-enlinea.com.ar\/wp-content\/uploads\/2025\/06\/D_714539-MLA76863109766_062024-F.jpg",1200,683,false],"2048x2048":["https:\/\/rms-enlinea.com.ar\/wp-content\/uploads\/2025\/06\/D_714539-MLA76863109766_062024-F.jpg",1200,683,false],"woocommerce_thumbnail":["https:\/\/rms-enlinea.com.ar\/wp-content\/uploads\/2025\/06\/D_714539-MLA76863109766_062024-F-450x450.jpg",450,450,true],"woocommerce_single":["https:\/\/rms-enlinea.com.ar\/wp-content\/uploads\/2025\/06\/D_714539-MLA76863109766_062024-F-600x342.jpg",600,342,true],"woocommerce_gallery_thumbnail":["https:\/\/rms-enlinea.com.ar\/wp-content\/uploads\/2025\/06\/D_714539-MLA76863109766_062024-F-100x100.jpg",100,100,true]},"uagb_author_info":{"display_name":"l0071054","author_link":"https:\/\/rms-enlinea.com.ar\/tienda\/author\/"},"uagb_comment_info":0,"uagb_excerpt":"Marca ASRockChipsets A620Plataforma AMDC\u00f3digo universal de producto 4710483943034Condici\u00f3n del \u00edtem NuevoL\u00ednea HDVCapacidad m\u00e1xima soportada de la memoria RAM 64 GBSocket AM5Tipo de memoria RAM DDR5CPU Supports AMD Socket AM5 Ryzen? 7000 Series Processors*Chipset AMD A620Memory 2 x DDR5 DIMM SlotsModelo A620-HDV\/M.2","_links":{"self":[{"href":"https:\/\/rms-enlinea.com.ar\/tienda\/wp-json\/wp\/v2\/product\/14351","targetHints":{"allow":["GET"]}}],"collection":[{"href":"https:\/\/rms-enlinea.com.ar\/tienda\/wp-json\/wp\/v2\/product"}],"about":[{"href":"https:\/\/rms-enlinea.com.ar\/tienda\/wp-json\/wp\/v2\/types\/product"}],"replies":[{"embeddable":true,"href":"https:\/\/rms-enlinea.com.ar\/tienda\/wp-json\/wp\/v2\/comments?post=14351"}],"wp:featuredmedia":[{"embeddable":true,"href":"https:\/\/rms-enlinea.com.ar\/tienda\/wp-json\/wp\/v2\/media\/14352"}],"wp:attachment":[{"href":"https:\/\/rms-enlinea.com.ar\/tienda\/wp-json\/wp\/v2\/media?parent=14351"}],"wp:term":[{"taxonomy":"product_brand","embeddable":true,"href":"https:\/\/rms-enlinea.com.ar\/tienda\/wp-json\/wp\/v2\/product_brand?post=14351"},{"taxonomy":"product_cat","embeddable":true,"href":"https:\/\/rms-enlinea.com.ar\/tienda\/wp-json\/wp\/v2\/product_cat?post=14351"},{"taxonomy":"product_tag","embeddable":true,"href":"https:\/\/rms-enlinea.com.ar\/tienda\/wp-json\/wp\/v2\/product_tag?post=14351"}],"curies":[{"name":"wp","href":"https:\/\/api.w.org\/{rel}","templated":true}]}}