{"id":14391,"date":"2025-06-12T06:44:08","date_gmt":"2025-06-12T09:44:08","guid":{"rendered":"https:\/\/rms-enlinea.com.ar\/tienda\/producto\/mouse-inalambrico-trust-puck-recargable-1600dpi\/"},"modified":"2026-04-21T05:06:06","modified_gmt":"2026-04-21T08:06:06","slug":"mouse-inalambrico-trust-puck-recargable-1600dpi","status":"publish","type":"product","link":"https:\/\/rms-enlinea.com.ar\/tienda\/producto\/mouse-inalambrico-trust-puck-recargable-1600dpi\/","title":{"rendered":"Mouse Inalambrico Trust Puck Recargable 1600dpi"},"content":{"rendered":"<p>Marca Trust<br \/>Tipo de mouse Convencional<br \/>C\u00f3digo universal de producto 8713439240597<br \/>Es recargable S\u00ed<br \/>Es inal\u00e1mbrico USB S\u00ed<br \/>Modelo Puck<br \/>Cantidad de botones 4<br \/>Resoluci\u00f3n del sensor 1600 dpi<br \/>Tecnolog\u00eda del sensor Bluespot<br \/>Tipo de sensor \u00d3ptico<br \/>Con Bluetooth S\u00ed<br \/>Con cable No<\/p>\n","protected":false},"excerpt":{"rendered":"<p>Marca TrustTipo de mouse ConvencionalC\u00f3digo universal de producto 8713439240597Es recargable S\u00edEs inal\u00e1mbrico USB S\u00edModelo PuckCantidad de botones 4Resoluci\u00f3n del sensor 1600 dpiTecnolog\u00eda del sensor BluespotTipo de sensor \u00d3pticoCon Bluetooth S\u00edCon cable No<\/p>\n","protected":false},"featured_media":14392,"comment_status":"open","ping_status":"closed","template":"","meta":{"_uag_custom_page_level_css":""},"product_brand":[542],"product_cat":[125],"product_tag":[],"class_list":{"0":"post-14391","1":"product","2":"type-product","3":"status-publish","4":"has-post-thumbnail","6":"product_brand-trustgaming","7":"product_cat-teclados-y-mouses","9":"first","10":"outofstock","11":"sale","12":"taxable","13":"shipping-taxable","14":"purchasable","15":"product-type-simple"},"uagb_featured_image_src":{"full":["https:\/\/rms-enlinea.com.ar\/wp-content\/uploads\/2025\/06\/D_835318-MLA82091528504_022025-F.jpg",1200,819,false],"thumbnail":["https:\/\/rms-enlinea.com.ar\/wp-content\/uploads\/2025\/06\/D_835318-MLA82091528504_022025-F-150x150.jpg",150,150,true],"medium":["https:\/\/rms-enlinea.com.ar\/wp-content\/uploads\/2025\/06\/D_835318-MLA82091528504_022025-F-300x205.jpg",300,205,true],"medium_large":["https:\/\/rms-enlinea.com.ar\/wp-content\/uploads\/2025\/06\/D_835318-MLA82091528504_022025-F-768x524.jpg",768,524,true],"large":["https:\/\/rms-enlinea.com.ar\/wp-content\/uploads\/2025\/06\/D_835318-MLA82091528504_022025-F-1024x699.jpg",1024,699,true],"1536x1536":["https:\/\/rms-enlinea.com.ar\/wp-content\/uploads\/2025\/06\/D_835318-MLA82091528504_022025-F.jpg",1200,819,false],"2048x2048":["https:\/\/rms-enlinea.com.ar\/wp-content\/uploads\/2025\/06\/D_835318-MLA82091528504_022025-F.jpg",1200,819,false],"woocommerce_thumbnail":["https:\/\/rms-enlinea.com.ar\/wp-content\/uploads\/2025\/06\/D_835318-MLA82091528504_022025-F-450x450.jpg",450,450,true],"woocommerce_single":["https:\/\/rms-enlinea.com.ar\/wp-content\/uploads\/2025\/06\/D_835318-MLA82091528504_022025-F-600x410.jpg",600,410,true],"woocommerce_gallery_thumbnail":["https:\/\/rms-enlinea.com.ar\/wp-content\/uploads\/2025\/06\/D_835318-MLA82091528504_022025-F-100x100.jpg",100,100,true]},"uagb_author_info":{"display_name":"l0071054","author_link":"https:\/\/rms-enlinea.com.ar\/tienda\/author\/"},"uagb_comment_info":0,"uagb_excerpt":"Marca TrustTipo de mouse ConvencionalC\u00f3digo universal de producto 8713439240597Es recargable S\u00edEs inal\u00e1mbrico USB S\u00edModelo PuckCantidad de botones 4Resoluci\u00f3n del sensor 1600 dpiTecnolog\u00eda del sensor BluespotTipo de sensor \u00d3pticoCon Bluetooth S\u00edCon cable No","_links":{"self":[{"href":"https:\/\/rms-enlinea.com.ar\/tienda\/wp-json\/wp\/v2\/product\/14391","targetHints":{"allow":["GET"]}}],"collection":[{"href":"https:\/\/rms-enlinea.com.ar\/tienda\/wp-json\/wp\/v2\/product"}],"about":[{"href":"https:\/\/rms-enlinea.com.ar\/tienda\/wp-json\/wp\/v2\/types\/product"}],"replies":[{"embeddable":true,"href":"https:\/\/rms-enlinea.com.ar\/tienda\/wp-json\/wp\/v2\/comments?post=14391"}],"wp:featuredmedia":[{"embeddable":true,"href":"https:\/\/rms-enlinea.com.ar\/tienda\/wp-json\/wp\/v2\/media\/14392"}],"wp:attachment":[{"href":"https:\/\/rms-enlinea.com.ar\/tienda\/wp-json\/wp\/v2\/media?parent=14391"}],"wp:term":[{"taxonomy":"product_brand","embeddable":true,"href":"https:\/\/rms-enlinea.com.ar\/tienda\/wp-json\/wp\/v2\/product_brand?post=14391"},{"taxonomy":"product_cat","embeddable":true,"href":"https:\/\/rms-enlinea.com.ar\/tienda\/wp-json\/wp\/v2\/product_cat?post=14391"},{"taxonomy":"product_tag","embeddable":true,"href":"https:\/\/rms-enlinea.com.ar\/tienda\/wp-json\/wp\/v2\/product_tag?post=14391"}],"curies":[{"name":"wp","href":"https:\/\/api.w.org\/{rel}","templated":true}]}}