{"id":14405,"date":"2025-06-12T06:44:25","date_gmt":"2025-06-12T09:44:25","guid":{"rendered":"https:\/\/rms-enlinea.com.ar\/tienda\/producto\/pad-mouse-trust-xl-gxt-756-400x450x3mm-21568\/"},"modified":"2026-04-21T04:10:26","modified_gmt":"2026-04-21T07:10:26","slug":"pad-mouse-trust-xl-gxt-756-400x450x3mm-21568","status":"publish","type":"product","link":"https:\/\/rms-enlinea.com.ar\/tienda\/producto\/pad-mouse-trust-xl-gxt-756-400x450x3mm-21568\/","title":{"rendered":"Pad Mouse Trust Xl Gxt 756 400x450x3mm 21568"},"content":{"rendered":"<p>Marca Trust<br \/>Es gamer S\u00ed<br \/>Es antideslizante S\u00ed<br \/>Largo 40 cm<br \/>L\u00ednea GXT<br \/>Materiales Caucho<br \/>Modelo GXT 756<br \/>Tama\u00f1o del mouse pad XL<br \/>Espesor 3 mm<br \/>Ancho 45 cm<br \/>Con luz LED No<br \/>Con apoya mu\u00f1eca No<\/p>\n","protected":false},"excerpt":{"rendered":"<p>Marca TrustEs gamer S\u00edEs antideslizante S\u00edLargo 40 cmL\u00ednea GXTMateriales CauchoModelo GXT 756Tama\u00f1o del mouse pad XLEspesor 3 mmAncho 45 cmCon luz LED NoCon apoya mu\u00f1eca No<\/p>\n","protected":false},"featured_media":14406,"comment_status":"open","ping_status":"closed","template":"","meta":{"_uag_custom_page_level_css":""},"product_brand":[542],"product_cat":[125],"product_tag":[],"class_list":{"0":"post-14405","1":"product","2":"type-product","3":"status-publish","4":"has-post-thumbnail","6":"product_brand-trustgaming","7":"product_cat-teclados-y-mouses","9":"first","10":"outofstock","11":"sale","12":"taxable","13":"shipping-taxable","14":"purchasable","15":"product-type-simple"},"uagb_featured_image_src":{"full":["https:\/\/rms-enlinea.com.ar\/wp-content\/uploads\/2025\/06\/D_714362-MLU78485869166_082024-F.jpg",1200,1022,false],"thumbnail":["https:\/\/rms-enlinea.com.ar\/wp-content\/uploads\/2025\/06\/D_714362-MLU78485869166_082024-F-150x150.jpg",150,150,true],"medium":["https:\/\/rms-enlinea.com.ar\/wp-content\/uploads\/2025\/06\/D_714362-MLU78485869166_082024-F-300x256.jpg",300,256,true],"medium_large":["https:\/\/rms-enlinea.com.ar\/wp-content\/uploads\/2025\/06\/D_714362-MLU78485869166_082024-F-768x654.jpg",768,654,true],"large":["https:\/\/rms-enlinea.com.ar\/wp-content\/uploads\/2025\/06\/D_714362-MLU78485869166_082024-F-1024x872.jpg",1024,872,true],"1536x1536":["https:\/\/rms-enlinea.com.ar\/wp-content\/uploads\/2025\/06\/D_714362-MLU78485869166_082024-F.jpg",1200,1022,false],"2048x2048":["https:\/\/rms-enlinea.com.ar\/wp-content\/uploads\/2025\/06\/D_714362-MLU78485869166_082024-F.jpg",1200,1022,false],"woocommerce_thumbnail":["https:\/\/rms-enlinea.com.ar\/wp-content\/uploads\/2025\/06\/D_714362-MLU78485869166_082024-F-450x450.jpg",450,450,true],"woocommerce_single":["https:\/\/rms-enlinea.com.ar\/wp-content\/uploads\/2025\/06\/D_714362-MLU78485869166_082024-F-600x511.jpg",600,511,true],"woocommerce_gallery_thumbnail":["https:\/\/rms-enlinea.com.ar\/wp-content\/uploads\/2025\/06\/D_714362-MLU78485869166_082024-F-100x100.jpg",100,100,true]},"uagb_author_info":{"display_name":"l0071054","author_link":"https:\/\/rms-enlinea.com.ar\/tienda\/author\/"},"uagb_comment_info":0,"uagb_excerpt":"Marca TrustEs gamer S\u00edEs antideslizante S\u00edLargo 40 cmL\u00ednea GXTMateriales CauchoModelo GXT 756Tama\u00f1o del mouse pad XLEspesor 3 mmAncho 45 cmCon luz LED NoCon apoya mu\u00f1eca No","_links":{"self":[{"href":"https:\/\/rms-enlinea.com.ar\/tienda\/wp-json\/wp\/v2\/product\/14405","targetHints":{"allow":["GET"]}}],"collection":[{"href":"https:\/\/rms-enlinea.com.ar\/tienda\/wp-json\/wp\/v2\/product"}],"about":[{"href":"https:\/\/rms-enlinea.com.ar\/tienda\/wp-json\/wp\/v2\/types\/product"}],"replies":[{"embeddable":true,"href":"https:\/\/rms-enlinea.com.ar\/tienda\/wp-json\/wp\/v2\/comments?post=14405"}],"wp:featuredmedia":[{"embeddable":true,"href":"https:\/\/rms-enlinea.com.ar\/tienda\/wp-json\/wp\/v2\/media\/14406"}],"wp:attachment":[{"href":"https:\/\/rms-enlinea.com.ar\/tienda\/wp-json\/wp\/v2\/media?parent=14405"}],"wp:term":[{"taxonomy":"product_brand","embeddable":true,"href":"https:\/\/rms-enlinea.com.ar\/tienda\/wp-json\/wp\/v2\/product_brand?post=14405"},{"taxonomy":"product_cat","embeddable":true,"href":"https:\/\/rms-enlinea.com.ar\/tienda\/wp-json\/wp\/v2\/product_cat?post=14405"},{"taxonomy":"product_tag","embeddable":true,"href":"https:\/\/rms-enlinea.com.ar\/tienda\/wp-json\/wp\/v2\/product_tag?post=14405"}],"curies":[{"name":"wp","href":"https:\/\/api.w.org\/{rel}","templated":true}]}}