{"id":14533,"date":"2025-06-12T06:46:58","date_gmt":"2025-06-12T09:46:58","guid":{"rendered":"https:\/\/rms-enlinea.com.ar\/tienda\/producto\/impresora-epson-m1120-monocromatica-ecotank-tinta\/"},"modified":"2026-04-21T05:03:27","modified_gmt":"2026-04-21T08:03:27","slug":"impresora-epson-m1120-monocromatica-ecotank-tinta","status":"publish","type":"product","link":"https:\/\/rms-enlinea.com.ar\/tienda\/producto\/impresora-epson-m1120-monocromatica-ecotank-tinta\/","title":{"rendered":"Impresora Epson M1120 Monocromatica Ecotank Tinta"},"content":{"rendered":"<p>Modelo alfanum\u00e9rico C11CG96303<br \/>\nMarca Epson<br \/>\nEs impresora fiscal No<br \/>\nL\u00ednea MONOCROMATICA<br \/>\nModelo M1120<br \/>\nTipo de impresora Simple Funci\u00f3n<br \/>\nTecnolog\u00eda de impresi\u00f3n Inyecci\u00f3n de tinta<br \/>\nTipo de impresi\u00f3n Monocrom\u00e1tica<br \/>\nCon USB S\u00ed<br \/>\nCon Wi-Fi S\u00ed<br \/>\nModelo alfanum\u00e9rico C11CG96303<\/p>\n","protected":false},"excerpt":{"rendered":"<p>Modelo alfanum\u00e9rico C11CG96303 Marca Epson Es impresora fiscal No L\u00ednea MONOCROMATICA Modelo M1120 Tipo de impresora Simple Funci\u00f3n Tecnolog\u00eda de impresi\u00f3n Inyecci\u00f3n de tinta Tipo de impresi\u00f3n Monocrom\u00e1tica Con USB S\u00ed Con Wi-Fi S\u00ed Modelo alfanum\u00e9rico C11CG96303<\/p>\n","protected":false},"featured_media":14534,"comment_status":"open","ping_status":"closed","template":"","meta":{"_uag_custom_page_level_css":""},"product_brand":[],"product_cat":[110],"product_tag":[],"class_list":{"0":"post-14533","1":"product","2":"type-product","3":"status-publish","4":"has-post-thumbnail","6":"product_cat-impresoras","8":"first","9":"outofstock","10":"sale","11":"taxable","12":"shipping-taxable","13":"purchasable","14":"product-type-simple"},"uagb_featured_image_src":{"full":["https:\/\/rms-enlinea.com.ar\/wp-content\/uploads\/2025\/06\/D_978737-MLA82020802199_012025-F.jpg",1200,902,false],"thumbnail":["https:\/\/rms-enlinea.com.ar\/wp-content\/uploads\/2025\/06\/D_978737-MLA82020802199_012025-F-150x150.jpg",150,150,true],"medium":["https:\/\/rms-enlinea.com.ar\/wp-content\/uploads\/2025\/06\/D_978737-MLA82020802199_012025-F-300x226.jpg",300,226,true],"medium_large":["https:\/\/rms-enlinea.com.ar\/wp-content\/uploads\/2025\/06\/D_978737-MLA82020802199_012025-F-768x577.jpg",768,577,true],"large":["https:\/\/rms-enlinea.com.ar\/wp-content\/uploads\/2025\/06\/D_978737-MLA82020802199_012025-F-1024x770.jpg",1024,770,true],"1536x1536":["https:\/\/rms-enlinea.com.ar\/wp-content\/uploads\/2025\/06\/D_978737-MLA82020802199_012025-F.jpg",1200,902,false],"2048x2048":["https:\/\/rms-enlinea.com.ar\/wp-content\/uploads\/2025\/06\/D_978737-MLA82020802199_012025-F.jpg",1200,902,false],"woocommerce_thumbnail":["https:\/\/rms-enlinea.com.ar\/wp-content\/uploads\/2025\/06\/D_978737-MLA82020802199_012025-F-450x450.jpg",450,450,true],"woocommerce_single":["https:\/\/rms-enlinea.com.ar\/wp-content\/uploads\/2025\/06\/D_978737-MLA82020802199_012025-F-600x451.jpg",600,451,true],"woocommerce_gallery_thumbnail":["https:\/\/rms-enlinea.com.ar\/wp-content\/uploads\/2025\/06\/D_978737-MLA82020802199_012025-F-100x100.jpg",100,100,true]},"uagb_author_info":{"display_name":"l0071054","author_link":"https:\/\/rms-enlinea.com.ar\/tienda\/author\/"},"uagb_comment_info":0,"uagb_excerpt":"Modelo alfanum\u00e9rico C11CG96303 Marca Epson Es impresora fiscal No L\u00ednea MONOCROMATICA Modelo M1120 Tipo de impresora Simple Funci\u00f3n Tecnolog\u00eda de impresi\u00f3n Inyecci\u00f3n de tinta Tipo de impresi\u00f3n Monocrom\u00e1tica Con USB S\u00ed Con Wi-Fi S\u00ed Modelo alfanum\u00e9rico C11CG96303","_links":{"self":[{"href":"https:\/\/rms-enlinea.com.ar\/tienda\/wp-json\/wp\/v2\/product\/14533","targetHints":{"allow":["GET"]}}],"collection":[{"href":"https:\/\/rms-enlinea.com.ar\/tienda\/wp-json\/wp\/v2\/product"}],"about":[{"href":"https:\/\/rms-enlinea.com.ar\/tienda\/wp-json\/wp\/v2\/types\/product"}],"replies":[{"embeddable":true,"href":"https:\/\/rms-enlinea.com.ar\/tienda\/wp-json\/wp\/v2\/comments?post=14533"}],"wp:featuredmedia":[{"embeddable":true,"href":"https:\/\/rms-enlinea.com.ar\/tienda\/wp-json\/wp\/v2\/media\/14534"}],"wp:attachment":[{"href":"https:\/\/rms-enlinea.com.ar\/tienda\/wp-json\/wp\/v2\/media?parent=14533"}],"wp:term":[{"taxonomy":"product_brand","embeddable":true,"href":"https:\/\/rms-enlinea.com.ar\/tienda\/wp-json\/wp\/v2\/product_brand?post=14533"},{"taxonomy":"product_cat","embeddable":true,"href":"https:\/\/rms-enlinea.com.ar\/tienda\/wp-json\/wp\/v2\/product_cat?post=14533"},{"taxonomy":"product_tag","embeddable":true,"href":"https:\/\/rms-enlinea.com.ar\/tienda\/wp-json\/wp\/v2\/product_tag?post=14533"}],"curies":[{"name":"wp","href":"https:\/\/api.w.org\/{rel}","templated":true}]}}