{"id":14839,"date":"2025-06-12T06:53:02","date_gmt":"2025-06-12T09:53:02","guid":{"rendered":"https:\/\/rms-enlinea.com.ar\/tienda\/producto\/caja-directa-pasiva-plug-xlr-ampro-tecshow-di-box-ii\/"},"modified":"2026-03-15T16:53:14","modified_gmt":"2026-03-15T19:53:14","slug":"caja-directa-pasiva-plug-xlr-ampro-tecshow-di-box-ii","status":"publish","type":"product","link":"https:\/\/rms-enlinea.com.ar\/tienda\/producto\/caja-directa-pasiva-plug-xlr-ampro-tecshow-di-box-ii\/","title":{"rendered":"Caja Directa Pasiva Plug Xlr Ampro Tecshow Di-box Ii"},"content":{"rendered":"<p>Desempe\u00f1o<br \/>\nConvierte se\u00f1al desbalanceada de alta impedancia en se\u00f1al balanceada de bajo-nivel Construcci\u00f3n s\u00f3lida Esquem\u00e1tico en su panel superior<br \/>\nCaracteristicas<br \/>\nImpedancia de se\u00f1al desbalanceada entrada\/salida: 50K Ohms Impedancia de se\u00f1al balanceada entrada\/salida: 600 Ohms Respuesta en frecuencia: 10Hz-30KHz (\u00b11dB) Atenuaci\u00f3n seleccionable: 0dB \/ 20dB \/ 40 dB Canales Mono\/Stereo: Configuraci\u00f3n conmutable. Reversi\u00f3n de fase: 0-180 Selector de entrada: L o R para canales est\u00e9reo<br \/>\nConectores<br \/>\n2 Plug 1\/4&#8243; Mono 1 XLR-3 balanceado<\/p>\n","protected":false},"excerpt":{"rendered":"<p>Desempe\u00f1o Convierte se\u00f1al desbalanceada de alta impedancia en se\u00f1al balanceada de bajo-nivel Construcci\u00f3n s\u00f3lida Esquem\u00e1tico en su panel superior Caracteristicas Impedancia de se\u00f1al desbalanceada entrada\/salida: 50K Ohms Impedancia de se\u00f1al balanceada entrada\/salida: 600 Ohms Respuesta en frecuencia: 10Hz-30KHz (\u00b11dB) Atenuaci\u00f3n seleccionable: 0dB \/ 20dB \/ 40 dB Canales Mono\/Stereo: Configuraci\u00f3n conmutable. Reversi\u00f3n de fase: 0-180 [&hellip;]<\/p>\n","protected":false},"featured_media":14840,"comment_status":"open","ping_status":"closed","template":"","meta":{"_uag_custom_page_level_css":""},"product_brand":[477],"product_cat":[685,15],"product_tag":[],"class_list":{"0":"post-14839","1":"product","2":"type-product","3":"status-publish","4":"has-post-thumbnail","6":"product_brand-ampro","7":"product_cat-cajadirecta","8":"product_cat-sin-categorizar","10":"first","11":"outofstock","12":"sale","13":"taxable","14":"shipping-taxable","15":"purchasable","16":"product-type-simple"},"uagb_featured_image_src":{"full":["https:\/\/rms-enlinea.com.ar\/wp-content\/uploads\/2025\/06\/D_730123-MLA85133640355_052025-F.jpg",632,473,false],"thumbnail":["https:\/\/rms-enlinea.com.ar\/wp-content\/uploads\/2025\/06\/D_730123-MLA85133640355_052025-F-150x150.jpg",150,150,true],"medium":["https:\/\/rms-enlinea.com.ar\/wp-content\/uploads\/2025\/06\/D_730123-MLA85133640355_052025-F-300x225.jpg",300,225,true],"medium_large":["https:\/\/rms-enlinea.com.ar\/wp-content\/uploads\/2025\/06\/D_730123-MLA85133640355_052025-F.jpg",632,473,false],"large":["https:\/\/rms-enlinea.com.ar\/wp-content\/uploads\/2025\/06\/D_730123-MLA85133640355_052025-F.jpg",632,473,false],"1536x1536":["https:\/\/rms-enlinea.com.ar\/wp-content\/uploads\/2025\/06\/D_730123-MLA85133640355_052025-F.jpg",632,473,false],"2048x2048":["https:\/\/rms-enlinea.com.ar\/wp-content\/uploads\/2025\/06\/D_730123-MLA85133640355_052025-F.jpg",632,473,false],"woocommerce_thumbnail":["https:\/\/rms-enlinea.com.ar\/wp-content\/uploads\/2025\/06\/D_730123-MLA85133640355_052025-F-450x450.jpg",450,450,true],"woocommerce_single":["https:\/\/rms-enlinea.com.ar\/wp-content\/uploads\/2025\/06\/D_730123-MLA85133640355_052025-F-600x449.jpg",600,449,true],"woocommerce_gallery_thumbnail":["https:\/\/rms-enlinea.com.ar\/wp-content\/uploads\/2025\/06\/D_730123-MLA85133640355_052025-F-100x100.jpg",100,100,true]},"uagb_author_info":{"display_name":"l0071054","author_link":"https:\/\/rms-enlinea.com.ar\/tienda\/author\/"},"uagb_comment_info":0,"uagb_excerpt":"Desempe\u00f1o Convierte se\u00f1al desbalanceada de alta impedancia en se\u00f1al balanceada de bajo-nivel Construcci\u00f3n s\u00f3lida Esquem\u00e1tico en su panel superior Caracteristicas Impedancia de se\u00f1al desbalanceada entrada\/salida: 50K Ohms Impedancia de se\u00f1al balanceada entrada\/salida: 600 Ohms Respuesta en frecuencia: 10Hz-30KHz (\u00b11dB) Atenuaci\u00f3n seleccionable: 0dB \/ 20dB \/ 40 dB Canales Mono\/Stereo: Configuraci\u00f3n conmutable. Reversi\u00f3n de fase: 0-180&hellip;","_links":{"self":[{"href":"https:\/\/rms-enlinea.com.ar\/tienda\/wp-json\/wp\/v2\/product\/14839","targetHints":{"allow":["GET"]}}],"collection":[{"href":"https:\/\/rms-enlinea.com.ar\/tienda\/wp-json\/wp\/v2\/product"}],"about":[{"href":"https:\/\/rms-enlinea.com.ar\/tienda\/wp-json\/wp\/v2\/types\/product"}],"replies":[{"embeddable":true,"href":"https:\/\/rms-enlinea.com.ar\/tienda\/wp-json\/wp\/v2\/comments?post=14839"}],"wp:featuredmedia":[{"embeddable":true,"href":"https:\/\/rms-enlinea.com.ar\/tienda\/wp-json\/wp\/v2\/media\/14840"}],"wp:attachment":[{"href":"https:\/\/rms-enlinea.com.ar\/tienda\/wp-json\/wp\/v2\/media?parent=14839"}],"wp:term":[{"taxonomy":"product_brand","embeddable":true,"href":"https:\/\/rms-enlinea.com.ar\/tienda\/wp-json\/wp\/v2\/product_brand?post=14839"},{"taxonomy":"product_cat","embeddable":true,"href":"https:\/\/rms-enlinea.com.ar\/tienda\/wp-json\/wp\/v2\/product_cat?post=14839"},{"taxonomy":"product_tag","embeddable":true,"href":"https:\/\/rms-enlinea.com.ar\/tienda\/wp-json\/wp\/v2\/product_tag?post=14839"}],"curies":[{"name":"wp","href":"https:\/\/api.w.org\/{rel}","templated":true}]}}