{"id":14850,"date":"2025-06-12T06:53:14","date_gmt":"2025-06-12T09:53:14","guid":{"rendered":"https:\/\/rms-enlinea.com.ar\/tienda\/producto\/notebook-lenovo-ip-slim-3-15irh10-i5-13420h-16gb-512gb-w11\/"},"modified":"2026-05-04T12:51:53","modified_gmt":"2026-05-04T15:51:53","slug":"notebook-lenovo-ip-slim-3-15irh10-i5-13420h-16gb-512gb-w11","status":"publish","type":"product","link":"https:\/\/rms-enlinea.com.ar\/tienda\/producto\/notebook-lenovo-ip-slim-3-15irh10-i5-13420h-16gb-512gb-w11\/","title":{"rendered":"Notebook Lenovo Ip Slim 3 15irh10 I5 13420h 16gb 512gb W11"},"content":{"rendered":"<p>RENDIMIENTO<br \/>\nProcesador Intel\u00ae Core\u2122 i5-13420H, 8 n\u00facleos (4 de rendimiento + 4 de eficiencia) \/ 12 hilos, P-core: 2.1 \/ 4.6 GHz, E-core: 1.5 \/ 3.4 GHz, 12 MB cach\u00e9<br \/>\nGr\u00e1ficos Gr\u00e1ficos integrados Intel\u00ae UHD<br \/>\nChipset Plataforma Intel\u00ae SoC<br \/>\nMemoria 8 GB DDR5-4800 soldada<br \/>\nRanuras de memoria Una memoria soldada + 1 ranura SO-DIMM DDR5, compatible con doble canal<br \/>\nMemoria m\u00e1xima Hasta 24 GB (8 GB soldada + 16 GB SO-DIMM) DDR5-4800<br \/>\nAlmacenamiento SSD de 512 GB M.2 2242 PCIe\u00ae 4.0&#215;4 NVMe\u00ae<br \/>\nCompatibilidad de almacenamiento Hasta 2 unidades M.2 SSD<br \/>\n\u2022 M.2 2242 SSD hasta 1 TB<br \/>\nRanuras de almacenamiento 2\u00d7 M.2 2242 PCIe\u00ae 4.0 x4<br \/>\nLector de tarjetas Lector de tarjetas SD<br \/>\nUnidad \u00f3ptica No incluye<br \/>\nChip de audio Audio de alta definici\u00f3n (HD)<br \/>\nAltavoces Est\u00e9reo 2W x2, optimizados con Dolby Audio\u2122<br \/>\nC\u00e1mara FHD 1080p + c\u00e1mara IR con obturador de privacidad<br \/>\nMicr\u00f3fonos 2 micr\u00f3fonos en arreglo<br \/>\nBater\u00eda 50 Wh<br \/>\nAdaptador de corriente 65W con conector redondo de 3 pines<\/p>\n","protected":false},"excerpt":{"rendered":"<p>RENDIMIENTO Procesador Intel\u00ae Core\u2122 i5-13420H, 8 n\u00facleos (4 de rendimiento + 4 de eficiencia) \/ 12 hilos, P-core: 2.1 \/ 4.6 GHz, E-core: 1.5 \/ 3.4 GHz, 12 MB cach\u00e9 Gr\u00e1ficos Gr\u00e1ficos integrados Intel\u00ae UHD Chipset Plataforma Intel\u00ae SoC Memoria 8 GB DDR5-4800 soldada Ranuras de memoria Una memoria soldada + 1 ranura SO-DIMM DDR5, [&hellip;]<\/p>\n","protected":false},"featured_media":14851,"comment_status":"open","ping_status":"closed","template":"","meta":{"_uag_custom_page_level_css":""},"product_brand":[558],"product_cat":[116],"product_tag":[],"class_list":{"0":"post-14850","1":"product","2":"type-product","3":"status-publish","4":"has-post-thumbnail","6":"product_brand-lenovo","7":"product_cat-notebooks-y-tablet","9":"first","10":"outofstock","11":"sale","12":"taxable","13":"shipping-taxable","14":"purchasable","15":"product-type-simple"},"uagb_featured_image_src":{"full":["https:\/\/rms-enlinea.com.ar\/wp-content\/uploads\/2025\/06\/D_645805-MLA84783148946_052025-F.jpg",1048,1200,false],"thumbnail":["https:\/\/rms-enlinea.com.ar\/wp-content\/uploads\/2025\/06\/D_645805-MLA84783148946_052025-F-150x150.jpg",150,150,true],"medium":["https:\/\/rms-enlinea.com.ar\/wp-content\/uploads\/2025\/06\/D_645805-MLA84783148946_052025-F-262x300.jpg",262,300,true],"medium_large":["https:\/\/rms-enlinea.com.ar\/wp-content\/uploads\/2025\/06\/D_645805-MLA84783148946_052025-F-768x879.jpg",768,879,true],"large":["https:\/\/rms-enlinea.com.ar\/wp-content\/uploads\/2025\/06\/D_645805-MLA84783148946_052025-F-894x1024.jpg",894,1024,true],"1536x1536":["https:\/\/rms-enlinea.com.ar\/wp-content\/uploads\/2025\/06\/D_645805-MLA84783148946_052025-F.jpg",1048,1200,false],"2048x2048":["https:\/\/rms-enlinea.com.ar\/wp-content\/uploads\/2025\/06\/D_645805-MLA84783148946_052025-F.jpg",1048,1200,false],"woocommerce_thumbnail":["https:\/\/rms-enlinea.com.ar\/wp-content\/uploads\/2025\/06\/D_645805-MLA84783148946_052025-F-450x450.jpg",450,450,true],"woocommerce_single":["https:\/\/rms-enlinea.com.ar\/wp-content\/uploads\/2025\/06\/D_645805-MLA84783148946_052025-F-600x687.jpg",600,687,true],"woocommerce_gallery_thumbnail":["https:\/\/rms-enlinea.com.ar\/wp-content\/uploads\/2025\/06\/D_645805-MLA84783148946_052025-F-100x100.jpg",100,100,true]},"uagb_author_info":{"display_name":"l0071054","author_link":"https:\/\/rms-enlinea.com.ar\/tienda\/author\/"},"uagb_comment_info":0,"uagb_excerpt":"RENDIMIENTO Procesador Intel\u00ae Core\u2122 i5-13420H, 8 n\u00facleos (4 de rendimiento + 4 de eficiencia) \/ 12 hilos, P-core: 2.1 \/ 4.6 GHz, E-core: 1.5 \/ 3.4 GHz, 12 MB cach\u00e9 Gr\u00e1ficos Gr\u00e1ficos integrados Intel\u00ae UHD Chipset Plataforma Intel\u00ae SoC Memoria 8 GB DDR5-4800 soldada Ranuras de memoria Una memoria soldada + 1 ranura SO-DIMM DDR5,&hellip;","_links":{"self":[{"href":"https:\/\/rms-enlinea.com.ar\/tienda\/wp-json\/wp\/v2\/product\/14850","targetHints":{"allow":["GET"]}}],"collection":[{"href":"https:\/\/rms-enlinea.com.ar\/tienda\/wp-json\/wp\/v2\/product"}],"about":[{"href":"https:\/\/rms-enlinea.com.ar\/tienda\/wp-json\/wp\/v2\/types\/product"}],"replies":[{"embeddable":true,"href":"https:\/\/rms-enlinea.com.ar\/tienda\/wp-json\/wp\/v2\/comments?post=14850"}],"wp:featuredmedia":[{"embeddable":true,"href":"https:\/\/rms-enlinea.com.ar\/tienda\/wp-json\/wp\/v2\/media\/14851"}],"wp:attachment":[{"href":"https:\/\/rms-enlinea.com.ar\/tienda\/wp-json\/wp\/v2\/media?parent=14850"}],"wp:term":[{"taxonomy":"product_brand","embeddable":true,"href":"https:\/\/rms-enlinea.com.ar\/tienda\/wp-json\/wp\/v2\/product_brand?post=14850"},{"taxonomy":"product_cat","embeddable":true,"href":"https:\/\/rms-enlinea.com.ar\/tienda\/wp-json\/wp\/v2\/product_cat?post=14850"},{"taxonomy":"product_tag","embeddable":true,"href":"https:\/\/rms-enlinea.com.ar\/tienda\/wp-json\/wp\/v2\/product_tag?post=14850"}],"curies":[{"name":"wp","href":"https:\/\/api.w.org\/{rel}","templated":true}]}}