{"id":14886,"date":"2025-06-12T06:53:59","date_gmt":"2025-06-12T09:53:59","guid":{"rendered":"https:\/\/rms-enlinea.com.ar\/tienda\/producto\/telefono-inalambrico-gigaset-a170-duo-kit-x-2\/"},"modified":"2026-04-02T18:00:46","modified_gmt":"2026-04-02T21:00:46","slug":"telefono-inalambrico-gigaset-a170-duo-kit-x-2","status":"publish","type":"product","link":"https:\/\/rms-enlinea.com.ar\/tienda\/producto\/telefono-inalambrico-gigaset-a170-duo-kit-x-2\/","title":{"rendered":"Telefono Inalambrico Gigaset A170 Duo Kit X 2"},"content":{"rendered":"<p>BASES<\/p>\n<p>2<br \/>TECNOLOGIA<\/p>\n<p>ECO DECT<br \/>Remarcaci\u00f3n<\/p>\n<p>\u00faltimos 10 n\u00fameros<br \/>CALLER ID<\/p>\n<p>SI<br \/>MANOS LIBRES<\/p>\n<p>NO<br \/>SELECTOR DE TIMBRES<\/p>\n<p>SI<br \/>BLUETOOTH<\/p>\n<p>NO<br \/>TIPO DE TEL\u00c9FONO<\/p>\n<p>INAL\u00c1MBRICO<br \/>CONTESTADOR DIGITAL<\/p>\n<p>NO<br \/>FUNCI\u00d3N REDISCADO<\/p>\n<p>SI<br \/>TECLADO ILUMINADO<\/p>\n<p>SI<br \/>MARCA<\/p>\n<p>GIGASET<br \/>DIRECTORIO TELEF\u00d3NICO<\/p>\n<p>SI<br \/>Conexi\u00f3n<\/p>\n<p>Anal\u00f3gico<br \/>COLOR<\/p>\n<p>NEGRO<\/p>\n","protected":false},"excerpt":{"rendered":"<p>BASES 2TECNOLOGIA ECO DECTRemarcaci\u00f3n \u00faltimos 10 n\u00famerosCALLER ID SIMANOS LIBRES NOSELECTOR DE TIMBRES SIBLUETOOTH NOTIPO DE TEL\u00c9FONO INAL\u00c1MBRICOCONTESTADOR DIGITAL NOFUNCI\u00d3N REDISCADO SITECLADO ILUMINADO SIMARCA GIGASETDIRECTORIO TELEF\u00d3NICO SIConexi\u00f3n Anal\u00f3gicoCOLOR NEGRO<\/p>\n","protected":false},"featured_media":14887,"comment_status":"open","ping_status":"closed","template":"","meta":{"_uag_custom_page_level_css":""},"product_brand":[],"product_cat":[31],"product_tag":[],"class_list":{"0":"post-14886","1":"product","2":"type-product","3":"status-publish","4":"has-post-thumbnail","6":"product_cat-electrodomesticos","8":"first","9":"outofstock","10":"sale","11":"taxable","12":"shipping-taxable","13":"purchasable","14":"product-type-simple"},"uagb_featured_image_src":{"full":["https:\/\/rms-enlinea.com.ar\/wp-content\/uploads\/2025\/06\/D_690776-MLU79018722751_092024-F.jpg",1197,1045,false],"thumbnail":["https:\/\/rms-enlinea.com.ar\/wp-content\/uploads\/2025\/06\/D_690776-MLU79018722751_092024-F-150x150.jpg",150,150,true],"medium":["https:\/\/rms-enlinea.com.ar\/wp-content\/uploads\/2025\/06\/D_690776-MLU79018722751_092024-F-300x262.jpg",300,262,true],"medium_large":["https:\/\/rms-enlinea.com.ar\/wp-content\/uploads\/2025\/06\/D_690776-MLU79018722751_092024-F-768x670.jpg",768,670,true],"large":["https:\/\/rms-enlinea.com.ar\/wp-content\/uploads\/2025\/06\/D_690776-MLU79018722751_092024-F-1024x894.jpg",1024,894,true],"1536x1536":["https:\/\/rms-enlinea.com.ar\/wp-content\/uploads\/2025\/06\/D_690776-MLU79018722751_092024-F.jpg",1197,1045,false],"2048x2048":["https:\/\/rms-enlinea.com.ar\/wp-content\/uploads\/2025\/06\/D_690776-MLU79018722751_092024-F.jpg",1197,1045,false],"woocommerce_thumbnail":["https:\/\/rms-enlinea.com.ar\/wp-content\/uploads\/2025\/06\/D_690776-MLU79018722751_092024-F-450x450.jpg",450,450,true],"woocommerce_single":["https:\/\/rms-enlinea.com.ar\/wp-content\/uploads\/2025\/06\/D_690776-MLU79018722751_092024-F-600x524.jpg",600,524,true],"woocommerce_gallery_thumbnail":["https:\/\/rms-enlinea.com.ar\/wp-content\/uploads\/2025\/06\/D_690776-MLU79018722751_092024-F-100x100.jpg",100,100,true]},"uagb_author_info":{"display_name":"l0071054","author_link":"https:\/\/rms-enlinea.com.ar\/tienda\/author\/"},"uagb_comment_info":0,"uagb_excerpt":"BASES 2TECNOLOGIA ECO DECTRemarcaci\u00f3n \u00faltimos 10 n\u00famerosCALLER ID SIMANOS LIBRES NOSELECTOR DE TIMBRES SIBLUETOOTH NOTIPO DE TEL\u00c9FONO INAL\u00c1MBRICOCONTESTADOR DIGITAL NOFUNCI\u00d3N REDISCADO SITECLADO ILUMINADO SIMARCA GIGASETDIRECTORIO TELEF\u00d3NICO SIConexi\u00f3n Anal\u00f3gicoCOLOR NEGRO","_links":{"self":[{"href":"https:\/\/rms-enlinea.com.ar\/tienda\/wp-json\/wp\/v2\/product\/14886","targetHints":{"allow":["GET"]}}],"collection":[{"href":"https:\/\/rms-enlinea.com.ar\/tienda\/wp-json\/wp\/v2\/product"}],"about":[{"href":"https:\/\/rms-enlinea.com.ar\/tienda\/wp-json\/wp\/v2\/types\/product"}],"replies":[{"embeddable":true,"href":"https:\/\/rms-enlinea.com.ar\/tienda\/wp-json\/wp\/v2\/comments?post=14886"}],"wp:featuredmedia":[{"embeddable":true,"href":"https:\/\/rms-enlinea.com.ar\/tienda\/wp-json\/wp\/v2\/media\/14887"}],"wp:attachment":[{"href":"https:\/\/rms-enlinea.com.ar\/tienda\/wp-json\/wp\/v2\/media?parent=14886"}],"wp:term":[{"taxonomy":"product_brand","embeddable":true,"href":"https:\/\/rms-enlinea.com.ar\/tienda\/wp-json\/wp\/v2\/product_brand?post=14886"},{"taxonomy":"product_cat","embeddable":true,"href":"https:\/\/rms-enlinea.com.ar\/tienda\/wp-json\/wp\/v2\/product_cat?post=14886"},{"taxonomy":"product_tag","embeddable":true,"href":"https:\/\/rms-enlinea.com.ar\/tienda\/wp-json\/wp\/v2\/product_tag?post=14886"}],"curies":[{"name":"wp","href":"https:\/\/api.w.org\/{rel}","templated":true}]}}