{"id":1490,"date":"2025-06-12T02:07:49","date_gmt":"2025-06-12T05:07:49","guid":{"rendered":"https:\/\/rms-enlinea.com.ar\/tienda\/producto\/sistema-de-audio-2-1-genius-1850bt-50w-subwoofer-y-satelites\/"},"modified":"2026-04-06T12:20:59","modified_gmt":"2026-04-06T15:20:59","slug":"sistema-de-audio-2-1-genius-1850bt-50w-subwoofer-y-satelites","status":"publish","type":"product","link":"https:\/\/rms-enlinea.com.ar\/tienda\/producto\/sistema-de-audio-2-1-genius-1850bt-50w-subwoofer-y-satelites\/","title":{"rendered":"Sistema De Audio 2.1 Genius 1850bt 50w Subwoofer Y Satelites"},"content":{"rendered":"<p>Potencia<\/p>\n<p>50 watts ( Subwoofer: 25 watts, Sat\u00e9lites: 12.5 watts x 2 )<br \/>\nPeso<\/p>\n<p>Aprox. Subwoofer: 3,300 g, Sat\u00e9lite x2: 850 g, Control Remoto : 50 g<br \/>\nFrecuencia<\/p>\n<p>20 Hz ~ 20 KHz<br \/>\nFibra \u00d3ptica<\/p>\n<p>Si (cable no incluido)<br \/>\nFuente<\/p>\n<p>AC 100V ~ 240V<br \/>\nSalida<\/p>\n<p>RCA \/ 3.5 mm<\/p>\n","protected":false},"excerpt":{"rendered":"<p>Potencia 50 watts ( Subwoofer: 25 watts, Sat\u00e9lites: 12.5 watts x 2 ) Peso Aprox. Subwoofer: 3,300 g, Sat\u00e9lite x2: 850 g, Control Remoto : 50 g Frecuencia 20 Hz ~ 20 KHz Fibra \u00d3ptica Si (cable no incluido) Fuente AC 100V ~ 240V Salida RCA \/ 3.5 mm<\/p>\n","protected":false},"featured_media":1491,"comment_status":"open","ping_status":"closed","template":"","meta":{"_uag_custom_page_level_css":""},"product_brand":[550],"product_cat":[124],"product_tag":[],"class_list":{"0":"post-1490","1":"product","2":"type-product","3":"status-publish","4":"has-post-thumbnail","6":"product_brand-genius","7":"product_cat-sistemas-de-sonido-parlantes","9":"first","10":"outofstock","11":"sale","12":"taxable","13":"shipping-taxable","14":"purchasable","15":"product-type-simple"},"uagb_featured_image_src":{"full":["https:\/\/rms-enlinea.com.ar\/wp-content\/uploads\/2025\/06\/D_635720-MLA80740627938_112024-F.jpg",1200,565,false],"thumbnail":["https:\/\/rms-enlinea.com.ar\/wp-content\/uploads\/2025\/06\/D_635720-MLA80740627938_112024-F-150x150.jpg",150,150,true],"medium":["https:\/\/rms-enlinea.com.ar\/wp-content\/uploads\/2025\/06\/D_635720-MLA80740627938_112024-F-300x141.jpg",300,141,true],"medium_large":["https:\/\/rms-enlinea.com.ar\/wp-content\/uploads\/2025\/06\/D_635720-MLA80740627938_112024-F-768x362.jpg",768,362,true],"large":["https:\/\/rms-enlinea.com.ar\/wp-content\/uploads\/2025\/06\/D_635720-MLA80740627938_112024-F-1024x482.jpg",1024,482,true],"1536x1536":["https:\/\/rms-enlinea.com.ar\/wp-content\/uploads\/2025\/06\/D_635720-MLA80740627938_112024-F.jpg",1200,565,false],"2048x2048":["https:\/\/rms-enlinea.com.ar\/wp-content\/uploads\/2025\/06\/D_635720-MLA80740627938_112024-F.jpg",1200,565,false],"woocommerce_thumbnail":["https:\/\/rms-enlinea.com.ar\/wp-content\/uploads\/2025\/06\/D_635720-MLA80740627938_112024-F-450x450.jpg",450,450,true],"woocommerce_single":["https:\/\/rms-enlinea.com.ar\/wp-content\/uploads\/2025\/06\/D_635720-MLA80740627938_112024-F-600x283.jpg",600,283,true],"woocommerce_gallery_thumbnail":["https:\/\/rms-enlinea.com.ar\/wp-content\/uploads\/2025\/06\/D_635720-MLA80740627938_112024-F-100x100.jpg",100,100,true]},"uagb_author_info":{"display_name":"l0071054","author_link":"https:\/\/rms-enlinea.com.ar\/tienda\/author\/"},"uagb_comment_info":0,"uagb_excerpt":"Potencia 50 watts ( Subwoofer: 25 watts, Sat\u00e9lites: 12.5 watts x 2 ) Peso Aprox. Subwoofer: 3,300 g, Sat\u00e9lite x2: 850 g, Control Remoto : 50 g Frecuencia 20 Hz ~ 20 KHz Fibra \u00d3ptica Si (cable no incluido) Fuente AC 100V ~ 240V Salida RCA \/ 3.5 mm","_links":{"self":[{"href":"https:\/\/rms-enlinea.com.ar\/tienda\/wp-json\/wp\/v2\/product\/1490","targetHints":{"allow":["GET"]}}],"collection":[{"href":"https:\/\/rms-enlinea.com.ar\/tienda\/wp-json\/wp\/v2\/product"}],"about":[{"href":"https:\/\/rms-enlinea.com.ar\/tienda\/wp-json\/wp\/v2\/types\/product"}],"replies":[{"embeddable":true,"href":"https:\/\/rms-enlinea.com.ar\/tienda\/wp-json\/wp\/v2\/comments?post=1490"}],"wp:featuredmedia":[{"embeddable":true,"href":"https:\/\/rms-enlinea.com.ar\/tienda\/wp-json\/wp\/v2\/media\/1491"}],"wp:attachment":[{"href":"https:\/\/rms-enlinea.com.ar\/tienda\/wp-json\/wp\/v2\/media?parent=1490"}],"wp:term":[{"taxonomy":"product_brand","embeddable":true,"href":"https:\/\/rms-enlinea.com.ar\/tienda\/wp-json\/wp\/v2\/product_brand?post=1490"},{"taxonomy":"product_cat","embeddable":true,"href":"https:\/\/rms-enlinea.com.ar\/tienda\/wp-json\/wp\/v2\/product_cat?post=1490"},{"taxonomy":"product_tag","embeddable":true,"href":"https:\/\/rms-enlinea.com.ar\/tienda\/wp-json\/wp\/v2\/product_tag?post=1490"}],"curies":[{"name":"wp","href":"https:\/\/api.w.org\/{rel}","templated":true}]}}