{"id":14914,"date":"2025-06-12T06:54:32","date_gmt":"2025-06-12T09:54:32","guid":{"rendered":"https:\/\/rms-enlinea.com.ar\/tienda\/producto\/ups-lyonn-ult-1000wi-ult-1000-v-1000va-900w-tower-monofasico\/"},"modified":"2026-02-20T20:26:41","modified_gmt":"2026-02-20T23:26:41","slug":"ups-lyonn-ult-1000wi-ult-1000-v-1000va-900w-tower-monofasico","status":"publish","type":"product","link":"https:\/\/rms-enlinea.com.ar\/tienda\/producto\/ups-lyonn-ult-1000wi-ult-1000-v-1000va-900w-tower-monofasico\/","title":{"rendered":"Ups Lyonn Ult 1000wi Ult-1000-v 1000va\/900w Tower Monof\u00e1sico"},"content":{"rendered":"<p>Con el software UPSMON, el sistema de alimentaci\u00f3n ininterrumpida (UPS), almacenar\u00e1 informaci\u00f3n en forma segura y apagar\u00e1 su sistema operativo de red antes de que la bater\u00eda se agote completamente, sin que incida el hecho de que usted est\u00e9 all\u00ed o no.<\/p>\n<p>Panel frontal a LED.<br \/>Control doble procesador. Arranque en fr\u00edo.<br \/>Dise\u00f1o Verdadero On line Doble Conversi\u00f3n.<br \/>Amplio rango de tensi\u00f3n de entrada.<br \/>Puerto de comunicaci\u00f3n inteligente RS232.<br \/>Posibilidad de manejo v\u00eda SNMP.<br \/>Compatible con software de monitoreo.<br \/>Funci\u00f3n de correcci\u00f3n de factor de potencia.<br \/>Protecci\u00f3n de sobrecarga y cortocircuit<\/p>\n","protected":false},"excerpt":{"rendered":"<p>Con el software UPSMON, el sistema de alimentaci\u00f3n ininterrumpida (UPS), almacenar\u00e1 informaci\u00f3n en forma segura y apagar\u00e1 su sistema operativo de red antes de que la bater\u00eda se agote completamente, sin que incida el hecho de que usted est\u00e9 all\u00ed o no. Panel frontal a LED.Control doble procesador. Arranque en fr\u00edo.Dise\u00f1o Verdadero On line Doble [&hellip;]<\/p>\n","protected":false},"featured_media":14915,"comment_status":"open","ping_status":"closed","template":"","meta":{"_uag_custom_page_level_css":""},"product_brand":[569],"product_cat":[107],"product_tag":[],"class_list":{"0":"post-14914","1":"product","2":"type-product","3":"status-publish","4":"has-post-thumbnail","6":"product_brand-lyonn","7":"product_cat-estabilizadores-y-ups","9":"first","10":"instock","11":"sale","12":"taxable","13":"shipping-taxable","14":"purchasable","15":"product-type-simple"},"uagb_featured_image_src":{"full":["https:\/\/rms-enlinea.com.ar\/wp-content\/uploads\/2025\/06\/D_838454-MLA84721770932_052025-F.jpg",741,1200,false],"thumbnail":["https:\/\/rms-enlinea.com.ar\/wp-content\/uploads\/2025\/06\/D_838454-MLA84721770932_052025-F-150x150.jpg",150,150,true],"medium":["https:\/\/rms-enlinea.com.ar\/wp-content\/uploads\/2025\/06\/D_838454-MLA84721770932_052025-F-185x300.jpg",185,300,true],"medium_large":["https:\/\/rms-enlinea.com.ar\/wp-content\/uploads\/2025\/06\/D_838454-MLA84721770932_052025-F.jpg",741,1200,false],"large":["https:\/\/rms-enlinea.com.ar\/wp-content\/uploads\/2025\/06\/D_838454-MLA84721770932_052025-F-632x1024.jpg",632,1024,true],"1536x1536":["https:\/\/rms-enlinea.com.ar\/wp-content\/uploads\/2025\/06\/D_838454-MLA84721770932_052025-F.jpg",741,1200,false],"2048x2048":["https:\/\/rms-enlinea.com.ar\/wp-content\/uploads\/2025\/06\/D_838454-MLA84721770932_052025-F.jpg",741,1200,false],"woocommerce_thumbnail":["https:\/\/rms-enlinea.com.ar\/wp-content\/uploads\/2025\/06\/D_838454-MLA84721770932_052025-F-450x450.jpg",450,450,true],"woocommerce_single":["https:\/\/rms-enlinea.com.ar\/wp-content\/uploads\/2025\/06\/D_838454-MLA84721770932_052025-F-600x972.jpg",600,972,true],"woocommerce_gallery_thumbnail":["https:\/\/rms-enlinea.com.ar\/wp-content\/uploads\/2025\/06\/D_838454-MLA84721770932_052025-F-100x100.jpg",100,100,true]},"uagb_author_info":{"display_name":"l0071054","author_link":"https:\/\/rms-enlinea.com.ar\/tienda\/author\/"},"uagb_comment_info":0,"uagb_excerpt":"Con el software UPSMON, el sistema de alimentaci\u00f3n ininterrumpida (UPS), almacenar\u00e1 informaci\u00f3n en forma segura y apagar\u00e1 su sistema operativo de red antes de que la bater\u00eda se agote completamente, sin que incida el hecho de que usted est\u00e9 all\u00ed o no. Panel frontal a LED.Control doble procesador. Arranque en fr\u00edo.Dise\u00f1o Verdadero On line Doble&hellip;","_links":{"self":[{"href":"https:\/\/rms-enlinea.com.ar\/tienda\/wp-json\/wp\/v2\/product\/14914","targetHints":{"allow":["GET"]}}],"collection":[{"href":"https:\/\/rms-enlinea.com.ar\/tienda\/wp-json\/wp\/v2\/product"}],"about":[{"href":"https:\/\/rms-enlinea.com.ar\/tienda\/wp-json\/wp\/v2\/types\/product"}],"replies":[{"embeddable":true,"href":"https:\/\/rms-enlinea.com.ar\/tienda\/wp-json\/wp\/v2\/comments?post=14914"}],"wp:featuredmedia":[{"embeddable":true,"href":"https:\/\/rms-enlinea.com.ar\/tienda\/wp-json\/wp\/v2\/media\/14915"}],"wp:attachment":[{"href":"https:\/\/rms-enlinea.com.ar\/tienda\/wp-json\/wp\/v2\/media?parent=14914"}],"wp:term":[{"taxonomy":"product_brand","embeddable":true,"href":"https:\/\/rms-enlinea.com.ar\/tienda\/wp-json\/wp\/v2\/product_brand?post=14914"},{"taxonomy":"product_cat","embeddable":true,"href":"https:\/\/rms-enlinea.com.ar\/tienda\/wp-json\/wp\/v2\/product_cat?post=14914"},{"taxonomy":"product_tag","embeddable":true,"href":"https:\/\/rms-enlinea.com.ar\/tienda\/wp-json\/wp\/v2\/product_tag?post=14914"}],"curies":[{"name":"wp","href":"https:\/\/api.w.org\/{rel}","templated":true}]}}