{"id":14947,"date":"2025-06-12T06:55:11","date_gmt":"2025-06-12T09:55:11","guid":{"rendered":"https:\/\/rms-enlinea.com.ar\/tienda\/producto\/hub-adaptador-usb-c-tp-link-uh7020c-7-en-1-hdmi-sd-usb-usb-c\/"},"modified":"2026-05-04T12:04:08","modified_gmt":"2026-05-04T15:04:08","slug":"hub-adaptador-usb-c-tp-link-uh7020c-7-en-1-hdmi-sd-usb-usb-c","status":"publish","type":"product","link":"https:\/\/rms-enlinea.com.ar\/tienda\/producto\/hub-adaptador-usb-c-tp-link-uh7020c-7-en-1-hdmi-sd-usb-usb-c\/","title":{"rendered":"Hub Adaptador Usb-c Tp-link Uh7020c 7 En 1 Hdmi Sd Usb Usb-c"},"content":{"rendered":"<p>HARDWARE<br \/>Conector\t1\u00d7 USB Tipo-C<br \/>N\u00famero de puertos\t7<br \/>Interfaz de video\t1\u00d7 HDMI 4K@60Hz<br \/>Interfaz SD\tUHS-I, hasta 200 MB\/s<br \/>Interfaz microSD\tUHS-I, hasta 200 MB\/s<br \/>Entrega de energ\u00eda (PD)\t1\u00d7 PD 100W<br \/>Interfaz USB\t1\u00d7 USB Tipo-C 5Gbps<br \/> \t2\u00d7 USB Tipo-A 5Gbps<br \/>OTROS<br \/>Sistemas compatibles\tmacOS X 10.9 o superior, Windows 7 o superior, Linux, iPadOS, iOS, Android, Chrome OS, Nintendo OS<br \/>F\u00cdSICO<br \/>Material del chasis\tAleaci\u00f3n de aluminio<br \/>Cable\tCable trenzado de 180 mm<br \/>Dimensiones (Al \u00d7 An \u00d7 Pr)\t127 \u00d7 40 \u00d7 12.2 mm (5 \u00d7 1.57 \u00d7 0.48 in)<br \/>Contenido del paquete\tUH7020C, Gu\u00eda r\u00e1pida de instalaci\u00f3n<\/p>\n","protected":false},"excerpt":{"rendered":"<p>HARDWAREConector 1\u00d7 USB Tipo-CN\u00famero de puertos 7Interfaz de video 1\u00d7 HDMI 4K@60HzInterfaz SD UHS-I, hasta 200 MB\/sInterfaz microSD UHS-I, hasta 200 MB\/sEntrega de energ\u00eda (PD) 1\u00d7 PD 100WInterfaz USB 1\u00d7 USB Tipo-C 5Gbps 2\u00d7 USB Tipo-A 5GbpsOTROSSistemas compatibles macOS X 10.9 o superior, Windows 7 o superior, Linux, iPadOS, iOS, Android, Chrome OS, Nintendo OSF\u00cdSICOMaterial [&hellip;]<\/p>\n","protected":false},"featured_media":14948,"comment_status":"open","ping_status":"closed","template":"","meta":{"_uag_custom_page_level_css":""},"product_brand":[546],"product_cat":[122],"product_tag":[],"class_list":{"0":"post-14947","1":"product","2":"type-product","3":"status-publish","4":"has-post-thumbnail","6":"product_brand-tplink","7":"product_cat-redes-y-conectividad","9":"first","10":"outofstock","11":"sale","12":"taxable","13":"shipping-taxable","14":"purchasable","15":"product-type-simple"},"uagb_featured_image_src":{"full":["https:\/\/rms-enlinea.com.ar\/wp-content\/uploads\/2025\/06\/D_812767-MLA84675302350_052025-F.jpg",474,918,false],"thumbnail":["https:\/\/rms-enlinea.com.ar\/wp-content\/uploads\/2025\/06\/D_812767-MLA84675302350_052025-F-150x150.jpg",150,150,true],"medium":["https:\/\/rms-enlinea.com.ar\/wp-content\/uploads\/2025\/06\/D_812767-MLA84675302350_052025-F-155x300.jpg",155,300,true],"medium_large":["https:\/\/rms-enlinea.com.ar\/wp-content\/uploads\/2025\/06\/D_812767-MLA84675302350_052025-F.jpg",474,918,false],"large":["https:\/\/rms-enlinea.com.ar\/wp-content\/uploads\/2025\/06\/D_812767-MLA84675302350_052025-F.jpg",474,918,false],"1536x1536":["https:\/\/rms-enlinea.com.ar\/wp-content\/uploads\/2025\/06\/D_812767-MLA84675302350_052025-F.jpg",474,918,false],"2048x2048":["https:\/\/rms-enlinea.com.ar\/wp-content\/uploads\/2025\/06\/D_812767-MLA84675302350_052025-F.jpg",474,918,false],"woocommerce_thumbnail":["https:\/\/rms-enlinea.com.ar\/wp-content\/uploads\/2025\/06\/D_812767-MLA84675302350_052025-F-450x450.jpg",450,450,true],"woocommerce_single":["https:\/\/rms-enlinea.com.ar\/wp-content\/uploads\/2025\/06\/D_812767-MLA84675302350_052025-F.jpg",474,918,false],"woocommerce_gallery_thumbnail":["https:\/\/rms-enlinea.com.ar\/wp-content\/uploads\/2025\/06\/D_812767-MLA84675302350_052025-F-100x100.jpg",100,100,true]},"uagb_author_info":{"display_name":"l0071054","author_link":"https:\/\/rms-enlinea.com.ar\/tienda\/author\/"},"uagb_comment_info":0,"uagb_excerpt":"HARDWAREConector 1\u00d7 USB Tipo-CN\u00famero de puertos 7Interfaz de video 1\u00d7 HDMI 4K@60HzInterfaz SD UHS-I, hasta 200 MB\/sInterfaz microSD UHS-I, hasta 200 MB\/sEntrega de energ\u00eda (PD) 1\u00d7 PD 100WInterfaz USB 1\u00d7 USB Tipo-C 5Gbps 2\u00d7 USB Tipo-A 5GbpsOTROSSistemas compatibles macOS X 10.9 o superior, Windows 7 o superior, Linux, iPadOS, iOS, Android, Chrome OS, Nintendo OSF\u00cdSICOMaterial&hellip;","_links":{"self":[{"href":"https:\/\/rms-enlinea.com.ar\/tienda\/wp-json\/wp\/v2\/product\/14947","targetHints":{"allow":["GET"]}}],"collection":[{"href":"https:\/\/rms-enlinea.com.ar\/tienda\/wp-json\/wp\/v2\/product"}],"about":[{"href":"https:\/\/rms-enlinea.com.ar\/tienda\/wp-json\/wp\/v2\/types\/product"}],"replies":[{"embeddable":true,"href":"https:\/\/rms-enlinea.com.ar\/tienda\/wp-json\/wp\/v2\/comments?post=14947"}],"wp:featuredmedia":[{"embeddable":true,"href":"https:\/\/rms-enlinea.com.ar\/tienda\/wp-json\/wp\/v2\/media\/14948"}],"wp:attachment":[{"href":"https:\/\/rms-enlinea.com.ar\/tienda\/wp-json\/wp\/v2\/media?parent=14947"}],"wp:term":[{"taxonomy":"product_brand","embeddable":true,"href":"https:\/\/rms-enlinea.com.ar\/tienda\/wp-json\/wp\/v2\/product_brand?post=14947"},{"taxonomy":"product_cat","embeddable":true,"href":"https:\/\/rms-enlinea.com.ar\/tienda\/wp-json\/wp\/v2\/product_cat?post=14947"},{"taxonomy":"product_tag","embeddable":true,"href":"https:\/\/rms-enlinea.com.ar\/tienda\/wp-json\/wp\/v2\/product_tag?post=14947"}],"curies":[{"name":"wp","href":"https:\/\/api.w.org\/{rel}","templated":true}]}}