{"id":15101,"date":"2025-06-12T06:58:03","date_gmt":"2025-06-12T09:58:03","guid":{"rendered":"https:\/\/rms-enlinea.com.ar\/tienda\/producto\/auricular-inalambrico-hyperx-cloud-iii-pc-ps5-ps4-switch\/"},"modified":"2026-04-21T05:12:48","modified_gmt":"2026-04-21T08:12:48","slug":"auricular-inalambrico-hyperx-cloud-iii-pc-ps5-ps4-switch","status":"publish","type":"product","link":"https:\/\/rms-enlinea.com.ar\/tienda\/producto\/auricular-inalambrico-hyperx-cloud-iii-pc-ps5-ps4-switch\/","title":{"rendered":"Auricular Inalambrico Hyperx Cloud Iii Pc Ps5 Ps4 Switch"},"content":{"rendered":"<p>Compatibilidad<br \/>Compatibilidad\tPC, PS5, PS4, Nintendo Switch<br \/>Dispositivos multimedia y de entrada<br \/>Controles de audio\tOnboard audio controls<br \/>Profundidad de bits\t16 bit, 24 bit<br \/>Apariencia<br \/>Ear Cushions\tMemory foam and premium leatherette.<br \/>Color\tRojo<br \/>Tipo de fotograma\t Acero, aluminio<br \/>Bater\u00eda y potencia<br \/>Tipo de bater\u00eda\tPol\u00edmero de litio recargable<br \/>Tiempo de carga\t4.5 horas<br \/>Impedancia\t64 <br \/>Conectividad y comunicaciones<br \/>Formato del audio USB\tEst\u00e9reo<br \/>Especificaci\u00f3n USB\tUSB 2.0<br \/>Rango de la red inal\u00e1mbrica\tHasta 20 metros<br \/>Tipo de conexi\u00f3n inal\u00e1mbrica\t2,4 GHz<br \/>Pesos<br \/>Peso\t727lb; Weight with microphone: .753lb<br \/>Peso del embalaje\t726 g<br \/>Dimensiones<br \/>Dimensiones m\u00ednimas (ancho x fondo x alto)\t155 x 86,7 x 190 mm<br \/>Dimensiones del embalaje (ancho x fondo x alto)\t223 x 210 x 115 mm<br \/>Componentes del sistema<br \/>Impedancia\t64<\/p>\n","protected":false},"excerpt":{"rendered":"<p>CompatibilidadCompatibilidad PC, PS5, PS4, Nintendo SwitchDispositivos multimedia y de entradaControles de audio Onboard audio controlsProfundidad de bits 16 bit, 24 bitAparienciaEar Cushions Memory foam and premium leatherette.Color RojoTipo de fotograma Acero, aluminioBater\u00eda y potenciaTipo de bater\u00eda Pol\u00edmero de litio recargableTiempo de carga 4.5 horasImpedancia 64 Conectividad y comunicacionesFormato del audio USB Est\u00e9reoEspecificaci\u00f3n USB USB 2.0Rango [&hellip;]<\/p>\n","protected":false},"featured_media":15102,"comment_status":"open","ping_status":"closed","template":"","meta":{"_uag_custom_page_level_css":""},"product_brand":[],"product_cat":[99],"product_tag":[],"class_list":{"0":"post-15101","1":"product","2":"type-product","3":"status-publish","4":"has-post-thumbnail","6":"product_cat-auriculares-computacion","8":"first","9":"outofstock","10":"sale","11":"taxable","12":"shipping-taxable","13":"purchasable","14":"product-type-simple"},"uagb_featured_image_src":{"full":["https:\/\/rms-enlinea.com.ar\/wp-content\/uploads\/2025\/06\/D_840032-MLA79452452967_092024-F.jpg",1200,1096,false],"thumbnail":["https:\/\/rms-enlinea.com.ar\/wp-content\/uploads\/2025\/06\/D_840032-MLA79452452967_092024-F-150x150.jpg",150,150,true],"medium":["https:\/\/rms-enlinea.com.ar\/wp-content\/uploads\/2025\/06\/D_840032-MLA79452452967_092024-F-300x274.jpg",300,274,true],"medium_large":["https:\/\/rms-enlinea.com.ar\/wp-content\/uploads\/2025\/06\/D_840032-MLA79452452967_092024-F-768x701.jpg",768,701,true],"large":["https:\/\/rms-enlinea.com.ar\/wp-content\/uploads\/2025\/06\/D_840032-MLA79452452967_092024-F-1024x935.jpg",1024,935,true],"1536x1536":["https:\/\/rms-enlinea.com.ar\/wp-content\/uploads\/2025\/06\/D_840032-MLA79452452967_092024-F.jpg",1200,1096,false],"2048x2048":["https:\/\/rms-enlinea.com.ar\/wp-content\/uploads\/2025\/06\/D_840032-MLA79452452967_092024-F.jpg",1200,1096,false],"woocommerce_thumbnail":["https:\/\/rms-enlinea.com.ar\/wp-content\/uploads\/2025\/06\/D_840032-MLA79452452967_092024-F-450x450.jpg",450,450,true],"woocommerce_single":["https:\/\/rms-enlinea.com.ar\/wp-content\/uploads\/2025\/06\/D_840032-MLA79452452967_092024-F-600x548.jpg",600,548,true],"woocommerce_gallery_thumbnail":["https:\/\/rms-enlinea.com.ar\/wp-content\/uploads\/2025\/06\/D_840032-MLA79452452967_092024-F-100x100.jpg",100,100,true]},"uagb_author_info":{"display_name":"l0071054","author_link":"https:\/\/rms-enlinea.com.ar\/tienda\/author\/"},"uagb_comment_info":0,"uagb_excerpt":"CompatibilidadCompatibilidad PC, PS5, PS4, Nintendo SwitchDispositivos multimedia y de entradaControles de audio Onboard audio controlsProfundidad de bits 16 bit, 24 bitAparienciaEar Cushions Memory foam and premium leatherette.Color RojoTipo de fotograma Acero, aluminioBater\u00eda y potenciaTipo de bater\u00eda Pol\u00edmero de litio recargableTiempo de carga 4.5 horasImpedancia 64 Conectividad y comunicacionesFormato del audio USB Est\u00e9reoEspecificaci\u00f3n USB USB 2.0Rango&hellip;","_links":{"self":[{"href":"https:\/\/rms-enlinea.com.ar\/tienda\/wp-json\/wp\/v2\/product\/15101","targetHints":{"allow":["GET"]}}],"collection":[{"href":"https:\/\/rms-enlinea.com.ar\/tienda\/wp-json\/wp\/v2\/product"}],"about":[{"href":"https:\/\/rms-enlinea.com.ar\/tienda\/wp-json\/wp\/v2\/types\/product"}],"replies":[{"embeddable":true,"href":"https:\/\/rms-enlinea.com.ar\/tienda\/wp-json\/wp\/v2\/comments?post=15101"}],"wp:featuredmedia":[{"embeddable":true,"href":"https:\/\/rms-enlinea.com.ar\/tienda\/wp-json\/wp\/v2\/media\/15102"}],"wp:attachment":[{"href":"https:\/\/rms-enlinea.com.ar\/tienda\/wp-json\/wp\/v2\/media?parent=15101"}],"wp:term":[{"taxonomy":"product_brand","embeddable":true,"href":"https:\/\/rms-enlinea.com.ar\/tienda\/wp-json\/wp\/v2\/product_brand?post=15101"},{"taxonomy":"product_cat","embeddable":true,"href":"https:\/\/rms-enlinea.com.ar\/tienda\/wp-json\/wp\/v2\/product_cat?post=15101"},{"taxonomy":"product_tag","embeddable":true,"href":"https:\/\/rms-enlinea.com.ar\/tienda\/wp-json\/wp\/v2\/product_tag?post=15101"}],"curies":[{"name":"wp","href":"https:\/\/api.w.org\/{rel}","templated":true}]}}