{"id":15112,"date":"2025-06-12T06:58:17","date_gmt":"2025-06-12T09:58:17","guid":{"rendered":"https:\/\/rms-enlinea.com.ar\/tienda\/producto\/auricular-hyperx-cloud-iii-black-red-pc-consolas\/"},"modified":"2026-04-06T11:28:26","modified_gmt":"2026-04-06T14:28:26","slug":"auricular-hyperx-cloud-iii-black-red-pc-consolas","status":"publish","type":"product","link":"https:\/\/rms-enlinea.com.ar\/tienda\/producto\/auricular-hyperx-cloud-iii-black-red-pc-consolas\/","title":{"rendered":"Auricular Hyperx Cloud Iii Black \/ Red Pc Consolas"},"content":{"rendered":"<p>Compatibilidad<br \/>Compatibilidad\tPC, PS5, PS4, Xbox Series XS, Xbox One, Nintendo Switch, Mac, m\u00f3vil.<br \/>Dispositivos multimedia y de entrada<br \/>Controles de audio\tOnboard audio controls<br \/>Profundidad de bits\t16 bit, 24 bit<br \/>Apariencia<br \/>Ear Cushions\tMemory foam and premium leatherette.<br \/>Color\tNegro y Rojo<br \/>Tipo de fotograma\t Acero, aluminio<br \/>Bater\u00eda y potencia<br \/>Impedancia\t64 <br \/>Conectividad y comunicaciones<br \/>Formato del audio USB\tEst\u00e9reo<br \/>Especificaci\u00f3n USB\tUSB 2.0<br \/>Pesos<br \/>Peso del embalaje\t 694 g<br \/>Dimensiones<br \/>Dimensiones m\u00ednimas (ancho x fondo x alto)\t155 x 86,7 x 190 mm<br \/>Dimensiones del embalaje (ancho x fondo x alto)\t223 x 210 x 115 mm<br \/>Componentes del sistema<br \/>Impedancia\t64<\/p>\n","protected":false},"excerpt":{"rendered":"<p>CompatibilidadCompatibilidad PC, PS5, PS4, Xbox Series XS, Xbox One, Nintendo Switch, Mac, m\u00f3vil.Dispositivos multimedia y de entradaControles de audio Onboard audio controlsProfundidad de bits 16 bit, 24 bitAparienciaEar Cushions Memory foam and premium leatherette.Color Negro y RojoTipo de fotograma Acero, aluminioBater\u00eda y potenciaImpedancia 64 Conectividad y comunicacionesFormato del audio USB Est\u00e9reoEspecificaci\u00f3n USB USB 2.0PesosPeso del [&hellip;]<\/p>\n","protected":false},"featured_media":15113,"comment_status":"open","ping_status":"closed","template":"","meta":{"_uag_custom_page_level_css":""},"product_brand":[],"product_cat":[99],"product_tag":[],"class_list":{"0":"post-15112","1":"product","2":"type-product","3":"status-publish","4":"has-post-thumbnail","6":"product_cat-auriculares-computacion","8":"first","9":"instock","10":"sale","11":"taxable","12":"shipping-taxable","13":"purchasable","14":"product-type-simple"},"uagb_featured_image_src":{"full":["https:\/\/rms-enlinea.com.ar\/wp-content\/uploads\/2025\/06\/D_712502-MLU77331152196_072024-F.jpg",1168,1199,false],"thumbnail":["https:\/\/rms-enlinea.com.ar\/wp-content\/uploads\/2025\/06\/D_712502-MLU77331152196_072024-F-150x150.jpg",150,150,true],"medium":["https:\/\/rms-enlinea.com.ar\/wp-content\/uploads\/2025\/06\/D_712502-MLU77331152196_072024-F-292x300.jpg",292,300,true],"medium_large":["https:\/\/rms-enlinea.com.ar\/wp-content\/uploads\/2025\/06\/D_712502-MLU77331152196_072024-F-768x788.jpg",768,788,true],"large":["https:\/\/rms-enlinea.com.ar\/wp-content\/uploads\/2025\/06\/D_712502-MLU77331152196_072024-F-998x1024.jpg",998,1024,true],"1536x1536":["https:\/\/rms-enlinea.com.ar\/wp-content\/uploads\/2025\/06\/D_712502-MLU77331152196_072024-F.jpg",1168,1199,false],"2048x2048":["https:\/\/rms-enlinea.com.ar\/wp-content\/uploads\/2025\/06\/D_712502-MLU77331152196_072024-F.jpg",1168,1199,false],"woocommerce_thumbnail":["https:\/\/rms-enlinea.com.ar\/wp-content\/uploads\/2025\/06\/D_712502-MLU77331152196_072024-F-450x450.jpg",450,450,true],"woocommerce_single":["https:\/\/rms-enlinea.com.ar\/wp-content\/uploads\/2025\/06\/D_712502-MLU77331152196_072024-F-600x616.jpg",600,616,true],"woocommerce_gallery_thumbnail":["https:\/\/rms-enlinea.com.ar\/wp-content\/uploads\/2025\/06\/D_712502-MLU77331152196_072024-F-100x100.jpg",100,100,true]},"uagb_author_info":{"display_name":"l0071054","author_link":"https:\/\/rms-enlinea.com.ar\/tienda\/author\/"},"uagb_comment_info":0,"uagb_excerpt":"CompatibilidadCompatibilidad PC, PS5, PS4, Xbox Series XS, Xbox One, Nintendo Switch, Mac, m\u00f3vil.Dispositivos multimedia y de entradaControles de audio Onboard audio controlsProfundidad de bits 16 bit, 24 bitAparienciaEar Cushions Memory foam and premium leatherette.Color Negro y RojoTipo de fotograma Acero, aluminioBater\u00eda y potenciaImpedancia 64 Conectividad y comunicacionesFormato del audio USB Est\u00e9reoEspecificaci\u00f3n USB USB 2.0PesosPeso del&hellip;","_links":{"self":[{"href":"https:\/\/rms-enlinea.com.ar\/tienda\/wp-json\/wp\/v2\/product\/15112","targetHints":{"allow":["GET"]}}],"collection":[{"href":"https:\/\/rms-enlinea.com.ar\/tienda\/wp-json\/wp\/v2\/product"}],"about":[{"href":"https:\/\/rms-enlinea.com.ar\/tienda\/wp-json\/wp\/v2\/types\/product"}],"replies":[{"embeddable":true,"href":"https:\/\/rms-enlinea.com.ar\/tienda\/wp-json\/wp\/v2\/comments?post=15112"}],"wp:featuredmedia":[{"embeddable":true,"href":"https:\/\/rms-enlinea.com.ar\/tienda\/wp-json\/wp\/v2\/media\/15113"}],"wp:attachment":[{"href":"https:\/\/rms-enlinea.com.ar\/tienda\/wp-json\/wp\/v2\/media?parent=15112"}],"wp:term":[{"taxonomy":"product_brand","embeddable":true,"href":"https:\/\/rms-enlinea.com.ar\/tienda\/wp-json\/wp\/v2\/product_brand?post=15112"},{"taxonomy":"product_cat","embeddable":true,"href":"https:\/\/rms-enlinea.com.ar\/tienda\/wp-json\/wp\/v2\/product_cat?post=15112"},{"taxonomy":"product_tag","embeddable":true,"href":"https:\/\/rms-enlinea.com.ar\/tienda\/wp-json\/wp\/v2\/product_tag?post=15112"}],"curies":[{"name":"wp","href":"https:\/\/api.w.org\/{rel}","templated":true}]}}