{"id":15140,"date":"2025-06-12T06:58:54","date_gmt":"2025-06-12T09:58:54","guid":{"rendered":"https:\/\/rms-enlinea.com.ar\/tienda\/producto\/router-inalambrico-hikvision-ds-3wr3n-300mbps-2-antenas\/"},"modified":"2026-04-06T13:56:09","modified_gmt":"2026-04-06T16:56:09","slug":"router-inalambrico-hikvision-ds-3wr3n-300mbps-2-antenas","status":"publish","type":"product","link":"https:\/\/rms-enlinea.com.ar\/tienda\/producto\/router-inalambrico-hikvision-ds-3wr3n-300mbps-2-antenas\/","title":{"rendered":"Router Inal\u00e1mbrico Hikvision Ds-3wr3n 300mbps 2 Antenas"},"content":{"rendered":"<p>El Router Inal\u00e1mbrico Hikvision DS-3WR3N es la soluci\u00f3n ideal para quienes buscan una conexi\u00f3n estable y r\u00e1pida en su hogar o peque\u00f1a oficina. Con una velocidad inal\u00e1mbrica de hasta 300 Mbps y una frecuencia de 2.4 GHz, este dispositivo garantiza una transmisi\u00f3n fluida de datos, perfecta para navegar, ver videos en streaming y realizar videoconferencias sin interrupciones.<\/p>\n<p>Dise\u00f1ado con un elegante color negro, el modelo DS-3WR3N cuenta con dos antenas externas que optimizan la cobertura y la se\u00f1al, asegurando que cada rinc\u00f3n de su espacio est\u00e9 conectado. Adem\u00e1s, dispone de cuatro puertos LAN, lo que permite conectar m\u00faltiples dispositivos de forma simult\u00e1nea, ideal para familias o grupos de trabajo.<\/p>\n<p>Este router es f\u00e1cil de configurar y utilizar, lo que lo convierte en una opci\u00f3n accesible para usuarios de todos los niveles. Su dise\u00f1o compacto y funcional se adapta a cualquier entorno, brindando una experiencia de conectividad eficiente y confiable. <\/p>\n<p>Con el Router Inal\u00e1mbrico Hikvision DS-3WR3N, disfrutar de una red inal\u00e1mbrica robusta y de alto rendimiento es m\u00e1s sencillo que nunca. Aseg\u00farese de tener la mejor conexi\u00f3n para todas sus necesidades digitales.<\/p>\n","protected":false},"excerpt":{"rendered":"<p>El Router Inal\u00e1mbrico Hikvision DS-3WR3N es la soluci\u00f3n ideal para quienes buscan una conexi\u00f3n estable y r\u00e1pida en su hogar o peque\u00f1a oficina. Con una velocidad inal\u00e1mbrica de hasta 300 Mbps y una frecuencia de 2.4 GHz, este dispositivo garantiza una transmisi\u00f3n fluida de datos, perfecta para navegar, ver videos en streaming y realizar videoconferencias [&hellip;]<\/p>\n","protected":false},"featured_media":15141,"comment_status":"open","ping_status":"closed","template":"","meta":{"_uag_custom_page_level_css":""},"product_brand":[473],"product_cat":[122],"product_tag":[],"class_list":{"0":"post-15140","1":"product","2":"type-product","3":"status-publish","4":"has-post-thumbnail","6":"product_brand-hikvision","7":"product_cat-redes-y-conectividad","9":"first","10":"outofstock","11":"sale","12":"taxable","13":"shipping-taxable","14":"purchasable","15":"product-type-simple"},"uagb_featured_image_src":{"full":["https:\/\/rms-enlinea.com.ar\/wp-content\/uploads\/2025\/06\/D_799129-MLU69397025484_052023-F.jpg",400,500,false],"thumbnail":["https:\/\/rms-enlinea.com.ar\/wp-content\/uploads\/2025\/06\/D_799129-MLU69397025484_052023-F-150x150.jpg",150,150,true],"medium":["https:\/\/rms-enlinea.com.ar\/wp-content\/uploads\/2025\/06\/D_799129-MLU69397025484_052023-F-240x300.jpg",240,300,true],"medium_large":["https:\/\/rms-enlinea.com.ar\/wp-content\/uploads\/2025\/06\/D_799129-MLU69397025484_052023-F.jpg",400,500,false],"large":["https:\/\/rms-enlinea.com.ar\/wp-content\/uploads\/2025\/06\/D_799129-MLU69397025484_052023-F.jpg",400,500,false],"1536x1536":["https:\/\/rms-enlinea.com.ar\/wp-content\/uploads\/2025\/06\/D_799129-MLU69397025484_052023-F.jpg",400,500,false],"2048x2048":["https:\/\/rms-enlinea.com.ar\/wp-content\/uploads\/2025\/06\/D_799129-MLU69397025484_052023-F.jpg",400,500,false],"woocommerce_thumbnail":["https:\/\/rms-enlinea.com.ar\/wp-content\/uploads\/2025\/06\/D_799129-MLU69397025484_052023-F-400x450.jpg",400,450,true],"woocommerce_single":["https:\/\/rms-enlinea.com.ar\/wp-content\/uploads\/2025\/06\/D_799129-MLU69397025484_052023-F.jpg",400,500,false],"woocommerce_gallery_thumbnail":["https:\/\/rms-enlinea.com.ar\/wp-content\/uploads\/2025\/06\/D_799129-MLU69397025484_052023-F-100x100.jpg",100,100,true]},"uagb_author_info":{"display_name":"l0071054","author_link":"https:\/\/rms-enlinea.com.ar\/tienda\/author\/"},"uagb_comment_info":0,"uagb_excerpt":"El Router Inal\u00e1mbrico Hikvision DS-3WR3N es la soluci\u00f3n ideal para quienes buscan una conexi\u00f3n estable y r\u00e1pida en su hogar o peque\u00f1a oficina. Con una velocidad inal\u00e1mbrica de hasta 300 Mbps y una frecuencia de 2.4 GHz, este dispositivo garantiza una transmisi\u00f3n fluida de datos, perfecta para navegar, ver videos en streaming y realizar videoconferencias&hellip;","_links":{"self":[{"href":"https:\/\/rms-enlinea.com.ar\/tienda\/wp-json\/wp\/v2\/product\/15140","targetHints":{"allow":["GET"]}}],"collection":[{"href":"https:\/\/rms-enlinea.com.ar\/tienda\/wp-json\/wp\/v2\/product"}],"about":[{"href":"https:\/\/rms-enlinea.com.ar\/tienda\/wp-json\/wp\/v2\/types\/product"}],"replies":[{"embeddable":true,"href":"https:\/\/rms-enlinea.com.ar\/tienda\/wp-json\/wp\/v2\/comments?post=15140"}],"wp:featuredmedia":[{"embeddable":true,"href":"https:\/\/rms-enlinea.com.ar\/tienda\/wp-json\/wp\/v2\/media\/15141"}],"wp:attachment":[{"href":"https:\/\/rms-enlinea.com.ar\/tienda\/wp-json\/wp\/v2\/media?parent=15140"}],"wp:term":[{"taxonomy":"product_brand","embeddable":true,"href":"https:\/\/rms-enlinea.com.ar\/tienda\/wp-json\/wp\/v2\/product_brand?post=15140"},{"taxonomy":"product_cat","embeddable":true,"href":"https:\/\/rms-enlinea.com.ar\/tienda\/wp-json\/wp\/v2\/product_cat?post=15140"},{"taxonomy":"product_tag","embeddable":true,"href":"https:\/\/rms-enlinea.com.ar\/tienda\/wp-json\/wp\/v2\/product_tag?post=15140"}],"curies":[{"name":"wp","href":"https:\/\/api.w.org\/{rel}","templated":true}]}}