{"id":15153,"date":"2025-06-12T06:59:13","date_gmt":"2025-06-12T09:59:13","guid":{"rendered":"https:\/\/rms-enlinea.com.ar\/tienda\/producto\/auricular-raptor-shadow-core-rgb-7-1-cancelacion-usb-3-5mm\/"},"modified":"2026-04-21T05:20:53","modified_gmt":"2026-04-21T08:20:53","slug":"auricular-raptor-shadow-core-rgb-7-1-cancelacion-usb-3-5mm","status":"publish","type":"product","link":"https:\/\/rms-enlinea.com.ar\/tienda\/producto\/auricular-raptor-shadow-core-rgb-7-1-cancelacion-usb-3-5mm\/","title":{"rendered":"Auricular Raptor Shadow Core Rgb 7.1 Cancelacion Usb 3.5mm"},"content":{"rendered":"<p>Dimensi\u00f3n\t205 x 100 x 230 mm<br \/>Peso\t317.5 g<br \/>Configuraci\u00f3n de Canales\t7.1<br \/>Longitud de Cable\t2 M<br \/>Iluminaci\u00f3n\tRGB<br \/>Interfaz\tUSB 2.0<br \/>Impedancia\tDCR: 32 + 15%<br \/> \tACR: 12 + 15%<br \/>Nivel de presi\u00f3n sonora\t130dB + 3<br \/>Potencia de entrada\t10mW<br \/>Potencia m\u00e1xima de entrada\t20mW<br \/>MIC\t6.0 x 5.0 mm<br \/>Meg\u00e1fono\t50 mm<br \/>Sensibilidad del micr\u00f3fono\t-38dB + 3dB<br \/>Micr\u00f3fono\tOmnidireccional<\/p>\n","protected":false},"excerpt":{"rendered":"<p>Dimensi\u00f3n 205 x 100 x 230 mmPeso 317.5 gConfiguraci\u00f3n de Canales 7.1Longitud de Cable 2 MIluminaci\u00f3n RGBInterfaz USB 2.0Impedancia DCR: 32 + 15% ACR: 12 + 15%Nivel de presi\u00f3n sonora 130dB + 3Potencia de entrada 10mWPotencia m\u00e1xima de entrada 20mWMIC 6.0 x 5.0 mmMeg\u00e1fono 50 mmSensibilidad del micr\u00f3fono -38dB + 3dBMicr\u00f3fono Omnidireccional<\/p>\n","protected":false},"featured_media":15154,"comment_status":"open","ping_status":"closed","template":"","meta":{"_uag_custom_page_level_css":""},"product_brand":[565,572],"product_cat":[99],"product_tag":[],"class_list":{"0":"post-15153","1":"product","2":"type-product","3":"status-publish","4":"has-post-thumbnail","6":"product_brand-raptor","7":"product_brand-raptor-gaming","8":"product_cat-auriculares-computacion","10":"first","11":"outofstock","12":"sale","13":"taxable","14":"shipping-taxable","15":"purchasable","16":"product-type-simple"},"uagb_featured_image_src":{"full":["https:\/\/rms-enlinea.com.ar\/wp-content\/uploads\/2025\/06\/D_709835-MLA83287014705_032025-F.jpg",283,577,false],"thumbnail":["https:\/\/rms-enlinea.com.ar\/wp-content\/uploads\/2025\/06\/D_709835-MLA83287014705_032025-F-150x150.jpg",150,150,true],"medium":["https:\/\/rms-enlinea.com.ar\/wp-content\/uploads\/2025\/06\/D_709835-MLA83287014705_032025-F-147x300.jpg",147,300,true],"medium_large":["https:\/\/rms-enlinea.com.ar\/wp-content\/uploads\/2025\/06\/D_709835-MLA83287014705_032025-F.jpg",283,577,false],"large":["https:\/\/rms-enlinea.com.ar\/wp-content\/uploads\/2025\/06\/D_709835-MLA83287014705_032025-F.jpg",283,577,false],"1536x1536":["https:\/\/rms-enlinea.com.ar\/wp-content\/uploads\/2025\/06\/D_709835-MLA83287014705_032025-F.jpg",283,577,false],"2048x2048":["https:\/\/rms-enlinea.com.ar\/wp-content\/uploads\/2025\/06\/D_709835-MLA83287014705_032025-F.jpg",283,577,false],"woocommerce_thumbnail":["https:\/\/rms-enlinea.com.ar\/wp-content\/uploads\/2025\/06\/D_709835-MLA83287014705_032025-F-283x450.jpg",283,450,true],"woocommerce_single":["https:\/\/rms-enlinea.com.ar\/wp-content\/uploads\/2025\/06\/D_709835-MLA83287014705_032025-F.jpg",283,577,false],"woocommerce_gallery_thumbnail":["https:\/\/rms-enlinea.com.ar\/wp-content\/uploads\/2025\/06\/D_709835-MLA83287014705_032025-F-100x100.jpg",100,100,true]},"uagb_author_info":{"display_name":"l0071054","author_link":"https:\/\/rms-enlinea.com.ar\/tienda\/author\/"},"uagb_comment_info":0,"uagb_excerpt":"Dimensi\u00f3n 205 x 100 x 230 mmPeso 317.5 gConfiguraci\u00f3n de Canales 7.1Longitud de Cable 2 MIluminaci\u00f3n RGBInterfaz USB 2.0Impedancia DCR: 32 + 15% ACR: 12 + 15%Nivel de presi\u00f3n sonora 130dB + 3Potencia de entrada 10mWPotencia m\u00e1xima de entrada 20mWMIC 6.0 x 5.0 mmMeg\u00e1fono 50 mmSensibilidad del micr\u00f3fono -38dB + 3dBMicr\u00f3fono Omnidireccional","_links":{"self":[{"href":"https:\/\/rms-enlinea.com.ar\/tienda\/wp-json\/wp\/v2\/product\/15153","targetHints":{"allow":["GET"]}}],"collection":[{"href":"https:\/\/rms-enlinea.com.ar\/tienda\/wp-json\/wp\/v2\/product"}],"about":[{"href":"https:\/\/rms-enlinea.com.ar\/tienda\/wp-json\/wp\/v2\/types\/product"}],"replies":[{"embeddable":true,"href":"https:\/\/rms-enlinea.com.ar\/tienda\/wp-json\/wp\/v2\/comments?post=15153"}],"wp:featuredmedia":[{"embeddable":true,"href":"https:\/\/rms-enlinea.com.ar\/tienda\/wp-json\/wp\/v2\/media\/15154"}],"wp:attachment":[{"href":"https:\/\/rms-enlinea.com.ar\/tienda\/wp-json\/wp\/v2\/media?parent=15153"}],"wp:term":[{"taxonomy":"product_brand","embeddable":true,"href":"https:\/\/rms-enlinea.com.ar\/tienda\/wp-json\/wp\/v2\/product_brand?post=15153"},{"taxonomy":"product_cat","embeddable":true,"href":"https:\/\/rms-enlinea.com.ar\/tienda\/wp-json\/wp\/v2\/product_cat?post=15153"},{"taxonomy":"product_tag","embeddable":true,"href":"https:\/\/rms-enlinea.com.ar\/tienda\/wp-json\/wp\/v2\/product_tag?post=15153"}],"curies":[{"name":"wp","href":"https:\/\/api.w.org\/{rel}","templated":true}]}}