{"id":15158,"date":"2025-06-12T06:59:18","date_gmt":"2025-06-12T09:59:18","guid":{"rendered":"https:\/\/rms-enlinea.com.ar\/tienda\/producto\/teclado-raptor-fireclaw-m87-mecanico-rgb-sw-red-outemu\/"},"modified":"2026-04-02T16:41:02","modified_gmt":"2026-04-02T19:41:02","slug":"teclado-raptor-fireclaw-m87-mecanico-rgb-sw-red-outemu","status":"publish","type":"product","link":"https:\/\/rms-enlinea.com.ar\/tienda\/producto\/teclado-raptor-fireclaw-m87-mecanico-rgb-sw-red-outemu\/","title":{"rendered":"Teclado Raptor Fireclaw M87 Mecanico Rgb Sw Red Outemu"},"content":{"rendered":"<p>Dimensi\u00f3n\t357 x 130 x 38 mm<br \/>Peso\t880 g<br \/>N\u00famero de teclas\t87 Keys<br \/>IC\t93F93B<br \/>Keycaps\tTeclas de inyecci\u00f3n de doble color<br \/>Switch\tRED OUTEMU<br \/>Material\tABS<br \/>Longitud del cable\t1.5M<br \/>Modos de iluminaci\u00f3n\t20 modos Retroiluminaci\u00f3n combinando la tecla + (|) con la tecla FN<br \/>Vida \u00fatil mec\u00e1nica\tM\u00e1s de 50 millones de veces<br \/>Funci\u00f3n multimedia\tTecla FN con F1 a F12<\/p>\n","protected":false},"excerpt":{"rendered":"<p>Dimensi\u00f3n 357 x 130 x 38 mmPeso 880 gN\u00famero de teclas 87 KeysIC 93F93BKeycaps Teclas de inyecci\u00f3n de doble colorSwitch RED OUTEMUMaterial ABSLongitud del cable 1.5MModos de iluminaci\u00f3n 20 modos Retroiluminaci\u00f3n combinando la tecla + (|) con la tecla FNVida \u00fatil mec\u00e1nica M\u00e1s de 50 millones de vecesFunci\u00f3n multimedia Tecla FN con F1 a F12<\/p>\n","protected":false},"featured_media":15159,"comment_status":"open","ping_status":"closed","template":"","meta":{"_uag_custom_page_level_css":""},"product_brand":[565,572],"product_cat":[125],"product_tag":[],"class_list":{"0":"post-15158","1":"product","2":"type-product","3":"status-publish","4":"has-post-thumbnail","6":"product_brand-raptor","7":"product_brand-raptor-gaming","8":"product_cat-teclados-y-mouses","10":"first","11":"instock","12":"sale","13":"taxable","14":"shipping-taxable","15":"purchasable","16":"product-type-simple"},"uagb_featured_image_src":{"full":["https:\/\/rms-enlinea.com.ar\/wp-content\/uploads\/2025\/06\/D_854902-MLA83286892367_032025-F.jpg",589,337,false],"thumbnail":["https:\/\/rms-enlinea.com.ar\/wp-content\/uploads\/2025\/06\/D_854902-MLA83286892367_032025-F-150x150.jpg",150,150,true],"medium":["https:\/\/rms-enlinea.com.ar\/wp-content\/uploads\/2025\/06\/D_854902-MLA83286892367_032025-F-300x172.jpg",300,172,true],"medium_large":["https:\/\/rms-enlinea.com.ar\/wp-content\/uploads\/2025\/06\/D_854902-MLA83286892367_032025-F.jpg",589,337,false],"large":["https:\/\/rms-enlinea.com.ar\/wp-content\/uploads\/2025\/06\/D_854902-MLA83286892367_032025-F.jpg",589,337,false],"1536x1536":["https:\/\/rms-enlinea.com.ar\/wp-content\/uploads\/2025\/06\/D_854902-MLA83286892367_032025-F.jpg",589,337,false],"2048x2048":["https:\/\/rms-enlinea.com.ar\/wp-content\/uploads\/2025\/06\/D_854902-MLA83286892367_032025-F.jpg",589,337,false],"woocommerce_thumbnail":["https:\/\/rms-enlinea.com.ar\/wp-content\/uploads\/2025\/06\/D_854902-MLA83286892367_032025-F-450x337.jpg",450,337,true],"woocommerce_single":["https:\/\/rms-enlinea.com.ar\/wp-content\/uploads\/2025\/06\/D_854902-MLA83286892367_032025-F.jpg",589,337,false],"woocommerce_gallery_thumbnail":["https:\/\/rms-enlinea.com.ar\/wp-content\/uploads\/2025\/06\/D_854902-MLA83286892367_032025-F-100x100.jpg",100,100,true]},"uagb_author_info":{"display_name":"l0071054","author_link":"https:\/\/rms-enlinea.com.ar\/tienda\/author\/"},"uagb_comment_info":0,"uagb_excerpt":"Dimensi\u00f3n 357 x 130 x 38 mmPeso 880 gN\u00famero de teclas 87 KeysIC 93F93BKeycaps Teclas de inyecci\u00f3n de doble colorSwitch RED OUTEMUMaterial ABSLongitud del cable 1.5MModos de iluminaci\u00f3n 20 modos Retroiluminaci\u00f3n combinando la tecla + (|) con la tecla FNVida \u00fatil mec\u00e1nica M\u00e1s de 50 millones de vecesFunci\u00f3n multimedia Tecla FN con F1 a F12","_links":{"self":[{"href":"https:\/\/rms-enlinea.com.ar\/tienda\/wp-json\/wp\/v2\/product\/15158","targetHints":{"allow":["GET"]}}],"collection":[{"href":"https:\/\/rms-enlinea.com.ar\/tienda\/wp-json\/wp\/v2\/product"}],"about":[{"href":"https:\/\/rms-enlinea.com.ar\/tienda\/wp-json\/wp\/v2\/types\/product"}],"replies":[{"embeddable":true,"href":"https:\/\/rms-enlinea.com.ar\/tienda\/wp-json\/wp\/v2\/comments?post=15158"}],"wp:featuredmedia":[{"embeddable":true,"href":"https:\/\/rms-enlinea.com.ar\/tienda\/wp-json\/wp\/v2\/media\/15159"}],"wp:attachment":[{"href":"https:\/\/rms-enlinea.com.ar\/tienda\/wp-json\/wp\/v2\/media?parent=15158"}],"wp:term":[{"taxonomy":"product_brand","embeddable":true,"href":"https:\/\/rms-enlinea.com.ar\/tienda\/wp-json\/wp\/v2\/product_brand?post=15158"},{"taxonomy":"product_cat","embeddable":true,"href":"https:\/\/rms-enlinea.com.ar\/tienda\/wp-json\/wp\/v2\/product_cat?post=15158"},{"taxonomy":"product_tag","embeddable":true,"href":"https:\/\/rms-enlinea.com.ar\/tienda\/wp-json\/wp\/v2\/product_tag?post=15158"}],"curies":[{"name":"wp","href":"https:\/\/api.w.org\/{rel}","templated":true}]}}