{"id":15191,"date":"2025-06-12T06:59:53","date_gmt":"2025-06-12T09:59:53","guid":{"rendered":"https:\/\/rms-enlinea.com.ar\/tienda\/producto\/kit-nvs-2-camaras-ip-wifi-hikvision-2mp-easy-link-exterior\/"},"modified":"2026-03-31T17:50:56","modified_gmt":"2026-03-31T20:50:56","slug":"kit-nvs-2-camaras-ip-wifi-hikvision-2mp-easy-link-exterior","status":"publish","type":"product","link":"https:\/\/rms-enlinea.com.ar\/tienda\/producto\/kit-nvs-2-camaras-ip-wifi-hikvision-2mp-easy-link-exterior\/","title":{"rendered":"Kit Nvs + 2 Camaras Ip Wifi Hikvision 2mp Easy Link Exterior"},"content":{"rendered":"<p>La c\u00e1mara de seguridad Hikvision NKS422W02H de la l\u00ednea EasyLink es la soluci\u00f3n ideal para proteger tu hogar o negocio. Dise\u00f1ada para exteriores, esta c\u00e1mara ofrece una calidad de resoluci\u00f3n Full HD de 2MP, asegurando im\u00e1genes n\u00edtidas y detalladas en todo momento. Su conectividad Wi-Fi permite una instalaci\u00f3n sencilla y sin complicaciones, eliminando la necesidad de cables molestos.<\/p>\n<p>Equipadas con visi\u00f3n nocturna, estas c\u00e1maras garantizan vigilancia continua, incluso en condiciones de poca luz. Su dise\u00f1o tipo bullet\/domo permite montarlas en paredes o techos, adapt\u00e1ndose a diversas configuraciones de instalaci\u00f3n. Con Hikvision, puedes estar seguro de que tu seguridad est\u00e1 en manos de una marca reconocida en el sector de la videovigilancia.<\/p>\n<p>La tecnolog\u00eda de estas c\u00e1maras asegura un rendimiento confiable y duradero, ideal para cualquier entorno exterior. Ya sea para monitorear tu jard\u00edn, entrada o cualquier \u00e1rea cr\u00edtica, estas c\u00e1maras son la elecci\u00f3n perfecta para quienes buscan tranquilidad y protecci\u00f3n. Aumenta la seguridad de tu espacio con la calidad y confianza que solo Hikvision puede ofrecer.<\/p>\n","protected":false},"excerpt":{"rendered":"<p>La c\u00e1mara de seguridad Hikvision NKS422W02H de la l\u00ednea EasyLink es la soluci\u00f3n ideal para proteger tu hogar o negocio. Dise\u00f1ada para exteriores, esta c\u00e1mara ofrece una calidad de resoluci\u00f3n Full HD de 2MP, asegurando im\u00e1genes n\u00edtidas y detalladas en todo momento. Su conectividad Wi-Fi permite una instalaci\u00f3n sencilla y sin complicaciones, eliminando la necesidad [&hellip;]<\/p>\n","protected":false},"featured_media":15192,"comment_status":"open","ping_status":"closed","template":"","meta":{"_uag_custom_page_level_css":""},"product_brand":[473],"product_cat":[32],"product_tag":[],"class_list":{"0":"post-15191","1":"product","2":"type-product","3":"status-publish","4":"has-post-thumbnail","6":"product_brand-hikvision","7":"product_cat-seguridad","9":"first","10":"outofstock","11":"sale","12":"taxable","13":"shipping-taxable","14":"purchasable","15":"product-type-simple"},"uagb_featured_image_src":{"full":["https:\/\/rms-enlinea.com.ar\/wp-content\/uploads\/2025\/06\/D_639141-MLA82996378502_032025-F.jpg",563,594,false],"thumbnail":["https:\/\/rms-enlinea.com.ar\/wp-content\/uploads\/2025\/06\/D_639141-MLA82996378502_032025-F-150x150.jpg",150,150,true],"medium":["https:\/\/rms-enlinea.com.ar\/wp-content\/uploads\/2025\/06\/D_639141-MLA82996378502_032025-F-284x300.jpg",284,300,true],"medium_large":["https:\/\/rms-enlinea.com.ar\/wp-content\/uploads\/2025\/06\/D_639141-MLA82996378502_032025-F.jpg",563,594,false],"large":["https:\/\/rms-enlinea.com.ar\/wp-content\/uploads\/2025\/06\/D_639141-MLA82996378502_032025-F.jpg",563,594,false],"1536x1536":["https:\/\/rms-enlinea.com.ar\/wp-content\/uploads\/2025\/06\/D_639141-MLA82996378502_032025-F.jpg",563,594,false],"2048x2048":["https:\/\/rms-enlinea.com.ar\/wp-content\/uploads\/2025\/06\/D_639141-MLA82996378502_032025-F.jpg",563,594,false],"woocommerce_thumbnail":["https:\/\/rms-enlinea.com.ar\/wp-content\/uploads\/2025\/06\/D_639141-MLA82996378502_032025-F-450x450.jpg",450,450,true],"woocommerce_single":["https:\/\/rms-enlinea.com.ar\/wp-content\/uploads\/2025\/06\/D_639141-MLA82996378502_032025-F.jpg",563,594,false],"woocommerce_gallery_thumbnail":["https:\/\/rms-enlinea.com.ar\/wp-content\/uploads\/2025\/06\/D_639141-MLA82996378502_032025-F-100x100.jpg",100,100,true]},"uagb_author_info":{"display_name":"l0071054","author_link":"https:\/\/rms-enlinea.com.ar\/tienda\/author\/"},"uagb_comment_info":0,"uagb_excerpt":"La c\u00e1mara de seguridad Hikvision NKS422W02H de la l\u00ednea EasyLink es la soluci\u00f3n ideal para proteger tu hogar o negocio. Dise\u00f1ada para exteriores, esta c\u00e1mara ofrece una calidad de resoluci\u00f3n Full HD de 2MP, asegurando im\u00e1genes n\u00edtidas y detalladas en todo momento. Su conectividad Wi-Fi permite una instalaci\u00f3n sencilla y sin complicaciones, eliminando la necesidad&hellip;","_links":{"self":[{"href":"https:\/\/rms-enlinea.com.ar\/tienda\/wp-json\/wp\/v2\/product\/15191","targetHints":{"allow":["GET"]}}],"collection":[{"href":"https:\/\/rms-enlinea.com.ar\/tienda\/wp-json\/wp\/v2\/product"}],"about":[{"href":"https:\/\/rms-enlinea.com.ar\/tienda\/wp-json\/wp\/v2\/types\/product"}],"replies":[{"embeddable":true,"href":"https:\/\/rms-enlinea.com.ar\/tienda\/wp-json\/wp\/v2\/comments?post=15191"}],"wp:featuredmedia":[{"embeddable":true,"href":"https:\/\/rms-enlinea.com.ar\/tienda\/wp-json\/wp\/v2\/media\/15192"}],"wp:attachment":[{"href":"https:\/\/rms-enlinea.com.ar\/tienda\/wp-json\/wp\/v2\/media?parent=15191"}],"wp:term":[{"taxonomy":"product_brand","embeddable":true,"href":"https:\/\/rms-enlinea.com.ar\/tienda\/wp-json\/wp\/v2\/product_brand?post=15191"},{"taxonomy":"product_cat","embeddable":true,"href":"https:\/\/rms-enlinea.com.ar\/tienda\/wp-json\/wp\/v2\/product_cat?post=15191"},{"taxonomy":"product_tag","embeddable":true,"href":"https:\/\/rms-enlinea.com.ar\/tienda\/wp-json\/wp\/v2\/product_tag?post=15191"}],"curies":[{"name":"wp","href":"https:\/\/api.w.org\/{rel}","templated":true}]}}