{"id":15205,"date":"2025-06-12T07:00:11","date_gmt":"2025-06-12T10:00:11","guid":{"rendered":"https:\/\/rms-enlinea.com.ar\/tienda\/producto\/kit-nvs-2-camaras-ip-wifi-hikvision-4mp-easy-link-exterior\/"},"modified":"2026-04-02T16:29:01","modified_gmt":"2026-04-02T19:29:01","slug":"kit-nvs-2-camaras-ip-wifi-hikvision-4mp-easy-link-exterior","status":"publish","type":"product","link":"https:\/\/rms-enlinea.com.ar\/tienda\/producto\/kit-nvs-2-camaras-ip-wifi-hikvision-4mp-easy-link-exterior\/","title":{"rendered":"Kit Nvs + 2 Camaras Ip Wifi Hikvision 4mp Easy Link Exterior"},"content":{"rendered":"<p>C\u00e1mara<br \/>Tipo de caja de c\u00e1mara\tBala<br \/>Sensor de imagen\tCMOS de barrido progresivo de 1\/2,7&#8243;<br \/>D\u00eda y noche\tFiltro de corte IR<br \/>Amplio rango din\u00e1mico (WDR)\tDWDR<br \/>Ajuste de \u00e1ngulo\tPanor\u00e1mica: 0\u00b0 a 360\u00b0, inclinaci\u00f3n: 0\u00b0 a 90\u00b0, rotaci\u00f3n: 0\u00b0 a 360\u00b0<br \/>Nivel de protecci\u00f3n\tIP66<br \/>Soporte de Wi-Fi\tS\u00ed<br \/>Lente de la c\u00e1mara<br \/>Longitud focal\t2,8 mil\u00edmetros<br \/>Apertura\tF1.6<br \/>Enfoque\tFijado<br \/>Campo de visi\u00f3n\tcampo de visi\u00f3n horizontal 94\u00b0, campo de visi\u00f3n vertical 49\u00b0, campo de visi\u00f3n diagonal 114\u00b0<br \/>C\u00e1mara\/IR<br \/>Rango IR\tHasta 30 m<br \/>C\u00e1mara\/est\u00e1ndar de compresi\u00f3n<br \/>Compresi\u00f3n de video\tH.265;H.264;MJPEG<br \/>Tipo H.264\tPerfil base\/Perfil principal\/Perfil alto<br \/>Tipo H.265\tPerfil principal<br \/>tasa de bits de v\u00eddeo\t32 Kbps a 8 Mbps<br \/>Compresi\u00f3n de audio\tG.711\/AAC-LC<br \/>Velocidad de bits de audio\t64 kbps (G.711ulaw)\/16 a 64 kbps (AAC-LC)<br \/>Frecuencia de muestreo de audio\t8 kHz\/16 kHz<br \/>Filtro de ruido ambiental\tS\u00ed<br \/>C\u00e1mara\/imagen<br \/>Max. Resoluci\u00f3n\t4MP<br \/>Corriente principal\t50 Hz: 25 fps (2560 \u00d7 1440, 1920 \u00d7 1080, 1280 \u00d7 720)<br \/> \t60 Hz: 20 fps (2560 \u00d7 1440), 24 fps (1920 \u00d7 1080, 1280 \u00d7 720)<br \/>Subtransmisi\u00f3n\t50 Hz: 25 fps (768 \u00d7 432)<br \/> \t60 Hz: 30 fps (768 \u00d7 432)<br \/>Ajuste de imagen\tSaturaci\u00f3n, brillo, contraste, nitidez, ganancia, balance de blancos, ajustable mediante el software del cliente o el navegador web<br \/>Interruptor d\u00eda\/noche\tAutom\u00e1tico\/Programado\/D\u00eda\/Noche<br \/>NVR\/Video y Audio<br \/>Entrada de v\u00eddeo IP\t4 canales<br \/>Ancho de banda entrante\/saliente\t20 Mbps\/20 Mbps<br \/>NVR\/Decodificaci\u00f3n<br \/>Resoluci\u00f3n de v\u00eddeo\t6 MP\/5 MP\/4 MP\/3 MP\/1080p\/UXGA\/720p\/VGA\/4CIF\/DCIF\/2CIF\/CIF\/QCIF<br \/>Reproducci\u00f3n Sincr\u00f3nica\t1 canal<br \/>NVR\/Red<br \/>Interfaz de red\t1, interfaz Ethernet RJ45 10\/100M<\/p>\n","protected":false},"excerpt":{"rendered":"<p>C\u00e1maraTipo de caja de c\u00e1mara BalaSensor de imagen CMOS de barrido progresivo de 1\/2,7&#8243;D\u00eda y noche Filtro de corte IRAmplio rango din\u00e1mico (WDR) DWDRAjuste de \u00e1ngulo Panor\u00e1mica: 0\u00b0 a 360\u00b0, inclinaci\u00f3n: 0\u00b0 a 90\u00b0, rotaci\u00f3n: 0\u00b0 a 360\u00b0Nivel de protecci\u00f3n IP66Soporte de Wi-Fi S\u00edLente de la c\u00e1maraLongitud focal 2,8 mil\u00edmetrosApertura F1.6Enfoque FijadoCampo de visi\u00f3n campo [&hellip;]<\/p>\n","protected":false},"featured_media":15206,"comment_status":"open","ping_status":"closed","template":"","meta":{"_uag_custom_page_level_css":""},"product_brand":[473],"product_cat":[32],"product_tag":[],"class_list":{"0":"post-15205","1":"product","2":"type-product","3":"status-publish","4":"has-post-thumbnail","6":"product_brand-hikvision","7":"product_cat-seguridad","9":"first","10":"outofstock","11":"sale","12":"taxable","13":"shipping-taxable","14":"purchasable","15":"product-type-simple"},"uagb_featured_image_src":{"full":["https:\/\/rms-enlinea.com.ar\/wp-content\/uploads\/2025\/06\/D_705142-MLA82995699686_032025-F.jpg",713,721,false],"thumbnail":["https:\/\/rms-enlinea.com.ar\/wp-content\/uploads\/2025\/06\/D_705142-MLA82995699686_032025-F-150x150.jpg",150,150,true],"medium":["https:\/\/rms-enlinea.com.ar\/wp-content\/uploads\/2025\/06\/D_705142-MLA82995699686_032025-F-297x300.jpg",297,300,true],"medium_large":["https:\/\/rms-enlinea.com.ar\/wp-content\/uploads\/2025\/06\/D_705142-MLA82995699686_032025-F.jpg",713,721,false],"large":["https:\/\/rms-enlinea.com.ar\/wp-content\/uploads\/2025\/06\/D_705142-MLA82995699686_032025-F.jpg",713,721,false],"1536x1536":["https:\/\/rms-enlinea.com.ar\/wp-content\/uploads\/2025\/06\/D_705142-MLA82995699686_032025-F.jpg",713,721,false],"2048x2048":["https:\/\/rms-enlinea.com.ar\/wp-content\/uploads\/2025\/06\/D_705142-MLA82995699686_032025-F.jpg",713,721,false],"woocommerce_thumbnail":["https:\/\/rms-enlinea.com.ar\/wp-content\/uploads\/2025\/06\/D_705142-MLA82995699686_032025-F-450x450.jpg",450,450,true],"woocommerce_single":["https:\/\/rms-enlinea.com.ar\/wp-content\/uploads\/2025\/06\/D_705142-MLA82995699686_032025-F-600x607.jpg",600,607,true],"woocommerce_gallery_thumbnail":["https:\/\/rms-enlinea.com.ar\/wp-content\/uploads\/2025\/06\/D_705142-MLA82995699686_032025-F-100x100.jpg",100,100,true]},"uagb_author_info":{"display_name":"l0071054","author_link":"https:\/\/rms-enlinea.com.ar\/tienda\/author\/"},"uagb_comment_info":0,"uagb_excerpt":"C\u00e1maraTipo de caja de c\u00e1mara BalaSensor de imagen CMOS de barrido progresivo de 1\/2,7&#8243;D\u00eda y noche Filtro de corte IRAmplio rango din\u00e1mico (WDR) DWDRAjuste de \u00e1ngulo Panor\u00e1mica: 0\u00b0 a 360\u00b0, inclinaci\u00f3n: 0\u00b0 a 90\u00b0, rotaci\u00f3n: 0\u00b0 a 360\u00b0Nivel de protecci\u00f3n IP66Soporte de Wi-Fi S\u00edLente de la c\u00e1maraLongitud focal 2,8 mil\u00edmetrosApertura F1.6Enfoque FijadoCampo de visi\u00f3n campo&hellip;","_links":{"self":[{"href":"https:\/\/rms-enlinea.com.ar\/tienda\/wp-json\/wp\/v2\/product\/15205","targetHints":{"allow":["GET"]}}],"collection":[{"href":"https:\/\/rms-enlinea.com.ar\/tienda\/wp-json\/wp\/v2\/product"}],"about":[{"href":"https:\/\/rms-enlinea.com.ar\/tienda\/wp-json\/wp\/v2\/types\/product"}],"replies":[{"embeddable":true,"href":"https:\/\/rms-enlinea.com.ar\/tienda\/wp-json\/wp\/v2\/comments?post=15205"}],"wp:featuredmedia":[{"embeddable":true,"href":"https:\/\/rms-enlinea.com.ar\/tienda\/wp-json\/wp\/v2\/media\/15206"}],"wp:attachment":[{"href":"https:\/\/rms-enlinea.com.ar\/tienda\/wp-json\/wp\/v2\/media?parent=15205"}],"wp:term":[{"taxonomy":"product_brand","embeddable":true,"href":"https:\/\/rms-enlinea.com.ar\/tienda\/wp-json\/wp\/v2\/product_brand?post=15205"},{"taxonomy":"product_cat","embeddable":true,"href":"https:\/\/rms-enlinea.com.ar\/tienda\/wp-json\/wp\/v2\/product_cat?post=15205"},{"taxonomy":"product_tag","embeddable":true,"href":"https:\/\/rms-enlinea.com.ar\/tienda\/wp-json\/wp\/v2\/product_tag?post=15205"}],"curies":[{"name":"wp","href":"https:\/\/api.w.org\/{rel}","templated":true}]}}