{"id":15213,"date":"2025-06-12T07:00:22","date_gmt":"2025-06-12T10:00:22","guid":{"rendered":"https:\/\/rms-enlinea.com.ar\/tienda\/producto\/kit-nvs-2-camaras-ip-wifi-hikvision-4mp-easy-link-exterior-2\/"},"modified":"2026-02-18T21:37:54","modified_gmt":"2026-02-19T00:37:54","slug":"kit-nvs-2-camaras-ip-wifi-hikvision-4mp-easy-link-exterior-2","status":"publish","type":"product","link":"https:\/\/rms-enlinea.com.ar\/tienda\/producto\/kit-nvs-2-camaras-ip-wifi-hikvision-4mp-easy-link-exterior-2\/","title":{"rendered":"Kit Nvs + 2 Camaras Ip Wifi Hikvision 4mp Easy Link Exterior"},"content":{"rendered":"<p>Asegure la protecci\u00f3n de su hogar o negocio con el Kit Nvs + 2 C\u00e1maras IP WiFi Hikvision 4MP Easy Link Exterior. Este sistema de vigilancia de alta calidad ofrece una resoluci\u00f3n de 4MP y un tipo de resoluci\u00f3n 3K, garantizando im\u00e1genes n\u00edtidas y claras en todo momento. Dise\u00f1adas para exteriores, las c\u00e1maras cuentan con un dise\u00f1o bullet\/domo que se adapta a diversas necesidades de instalaci\u00f3n.<\/p>\n<p>La conectividad Wi-Fi permite una f\u00e1cil integraci\u00f3n en su red, mientras que las opciones de conexi\u00f3n por cable e inal\u00e1mbrica brindan flexibilidad en la instalaci\u00f3n. Con un di\u00e1metro de lente de 2.8 mm y un zoom digital de 8x, estas c\u00e1maras ofrecen un amplio rango de visi\u00f3n y la capacidad de acercar detalles importantes. <\/p>\n<p>La visi\u00f3n nocturna, que incluye la opci\u00f3n de visi\u00f3n nocturna a color, asegura que su propiedad est\u00e9 vigilada incluso en condiciones de poca luz. Con un rango de temperatura de funcionamiento de 0 \u00b0C a 40 \u00b0C, estas c\u00e1maras est\u00e1n dise\u00f1adas para resistir diversas condiciones clim\u00e1ticas, manteniendo su rendimiento en todo momento.<\/p>\n<p>El movimiento pan and tilt permite un monitoreo din\u00e1mico, adapt\u00e1ndose a diferentes situaciones y necesidades de vigilancia. Con el Kit Nvs + 2 C\u00e1maras IP WiFi Hikvision, obtendr\u00e1 una soluci\u00f3n de seguridad confiable y eficiente, ideal para quienes buscan tranquilidad y protecci\u00f3n en su entorno.<\/p>\n","protected":false},"excerpt":{"rendered":"<p>Asegure la protecci\u00f3n de su hogar o negocio con el Kit Nvs + 2 C\u00e1maras IP WiFi Hikvision 4MP Easy Link Exterior. Este sistema de vigilancia de alta calidad ofrece una resoluci\u00f3n de 4MP y un tipo de resoluci\u00f3n 3K, garantizando im\u00e1genes n\u00edtidas y claras en todo momento. Dise\u00f1adas para exteriores, las c\u00e1maras cuentan con [&hellip;]<\/p>\n","protected":false},"featured_media":15209,"comment_status":"open","ping_status":"closed","template":"","meta":{"_uag_custom_page_level_css":""},"product_brand":[473],"product_cat":[32],"product_tag":[],"class_list":{"0":"post-15213","1":"product","2":"type-product","3":"status-publish","4":"has-post-thumbnail","6":"product_brand-hikvision","7":"product_cat-seguridad","9":"first","10":"outofstock","11":"sale","12":"taxable","13":"shipping-taxable","14":"purchasable","15":"product-type-simple"},"uagb_featured_image_src":{"full":["https:\/\/rms-enlinea.com.ar\/wp-content\/uploads\/2025\/06\/D_799784-MLA82167381372_022025-F.jpg",937,1200,false],"thumbnail":["https:\/\/rms-enlinea.com.ar\/wp-content\/uploads\/2025\/06\/D_799784-MLA82167381372_022025-F-150x150.jpg",150,150,true],"medium":["https:\/\/rms-enlinea.com.ar\/wp-content\/uploads\/2025\/06\/D_799784-MLA82167381372_022025-F-234x300.jpg",234,300,true],"medium_large":["https:\/\/rms-enlinea.com.ar\/wp-content\/uploads\/2025\/06\/D_799784-MLA82167381372_022025-F-768x984.jpg",768,984,true],"large":["https:\/\/rms-enlinea.com.ar\/wp-content\/uploads\/2025\/06\/D_799784-MLA82167381372_022025-F-800x1024.jpg",800,1024,true],"1536x1536":["https:\/\/rms-enlinea.com.ar\/wp-content\/uploads\/2025\/06\/D_799784-MLA82167381372_022025-F.jpg",937,1200,false],"2048x2048":["https:\/\/rms-enlinea.com.ar\/wp-content\/uploads\/2025\/06\/D_799784-MLA82167381372_022025-F.jpg",937,1200,false],"woocommerce_thumbnail":["https:\/\/rms-enlinea.com.ar\/wp-content\/uploads\/2025\/06\/D_799784-MLA82167381372_022025-F-450x450.jpg",450,450,true],"woocommerce_single":["https:\/\/rms-enlinea.com.ar\/wp-content\/uploads\/2025\/06\/D_799784-MLA82167381372_022025-F-600x768.jpg",600,768,true],"woocommerce_gallery_thumbnail":["https:\/\/rms-enlinea.com.ar\/wp-content\/uploads\/2025\/06\/D_799784-MLA82167381372_022025-F-100x100.jpg",100,100,true]},"uagb_author_info":{"display_name":"l0071054","author_link":"https:\/\/rms-enlinea.com.ar\/tienda\/author\/"},"uagb_comment_info":0,"uagb_excerpt":"Asegure la protecci\u00f3n de su hogar o negocio con el Kit Nvs + 2 C\u00e1maras IP WiFi Hikvision 4MP Easy Link Exterior. Este sistema de vigilancia de alta calidad ofrece una resoluci\u00f3n de 4MP y un tipo de resoluci\u00f3n 3K, garantizando im\u00e1genes n\u00edtidas y claras en todo momento. Dise\u00f1adas para exteriores, las c\u00e1maras cuentan con&hellip;","_links":{"self":[{"href":"https:\/\/rms-enlinea.com.ar\/tienda\/wp-json\/wp\/v2\/product\/15213","targetHints":{"allow":["GET"]}}],"collection":[{"href":"https:\/\/rms-enlinea.com.ar\/tienda\/wp-json\/wp\/v2\/product"}],"about":[{"href":"https:\/\/rms-enlinea.com.ar\/tienda\/wp-json\/wp\/v2\/types\/product"}],"replies":[{"embeddable":true,"href":"https:\/\/rms-enlinea.com.ar\/tienda\/wp-json\/wp\/v2\/comments?post=15213"}],"wp:featuredmedia":[{"embeddable":true,"href":"https:\/\/rms-enlinea.com.ar\/tienda\/wp-json\/wp\/v2\/media\/15209"}],"wp:attachment":[{"href":"https:\/\/rms-enlinea.com.ar\/tienda\/wp-json\/wp\/v2\/media?parent=15213"}],"wp:term":[{"taxonomy":"product_brand","embeddable":true,"href":"https:\/\/rms-enlinea.com.ar\/tienda\/wp-json\/wp\/v2\/product_brand?post=15213"},{"taxonomy":"product_cat","embeddable":true,"href":"https:\/\/rms-enlinea.com.ar\/tienda\/wp-json\/wp\/v2\/product_cat?post=15213"},{"taxonomy":"product_tag","embeddable":true,"href":"https:\/\/rms-enlinea.com.ar\/tienda\/wp-json\/wp\/v2\/product_tag?post=15213"}],"curies":[{"name":"wp","href":"https:\/\/api.w.org\/{rel}","templated":true}]}}