{"id":15219,"date":"2025-06-12T07:00:33","date_gmt":"2025-06-12T10:00:33","guid":{"rendered":"https:\/\/rms-enlinea.com.ar\/tienda\/producto\/mouse-bluetooth-logitech-m196-grafito-1000dpi-pila-aa\/"},"modified":"2026-04-10T11:50:14","modified_gmt":"2026-04-10T14:50:14","slug":"mouse-bluetooth-logitech-m196-grafito-1000dpi-pila-aa","status":"publish","type":"product","link":"https:\/\/rms-enlinea.com.ar\/tienda\/producto\/mouse-bluetooth-logitech-m196-grafito-1000dpi-pila-aa\/","title":{"rendered":"Mouse Bluetooth Logitech M196 Grafito 1000dpi Pila Aa"},"content":{"rendered":"<p>El Mouse Bluetooth Logitech M196 en color grafito es la herramienta ideal para quienes buscan un dispositivo pr\u00e1ctico y eficiente. Con un dise\u00f1o convencional y un sensor \u00f3ptico de 1000 DPI, este mouse ofrece un seguimiento uniforme que se adapta a tus necesidades diarias, ya sea en la oficina o en casa. Su conexi\u00f3n inal\u00e1mbrica a trav\u00e9s de Bluetooth elimina la necesidad de cables, brindando mayor libertad de movimiento y un espacio de trabajo m\u00e1s ordenado.<\/p>\n<p>Con un peso ligero de 76 g y dimensiones compactas, este mouse es f\u00e1cil de transportar y utilizar en cualquier lugar. Su orientaci\u00f3n para diestros y la inclusi\u00f3n de tres botones, junto con una rueda de desplazamiento, garantizan una experiencia de uso c\u00f3moda y funcional. Adem\u00e1s, cuenta con un interruptor de ahorro de energ\u00eda que prolonga la duraci\u00f3n de la pila AA, asegurando que tu mouse est\u00e9 siempre listo para usar.<\/p>\n<p>Compatible con sistemas operativos Windows 7 y 10, el Logitech M196 es perfecto para quienes buscan un dispositivo confiable sin complicaciones. Su alcance m\u00e1ximo de 10 cm permite una conexi\u00f3n estable y eficiente, ideal para quienes valoran la simplicidad y la efectividad en su d\u00eda a d\u00eda. Con este mouse, disfrutar\u00e1s de un rendimiento \u00f3ptimo y una experiencia de usuario satisfactoria.<\/p>\n","protected":false},"excerpt":{"rendered":"<p>El Mouse Bluetooth Logitech M196 en color grafito es la herramienta ideal para quienes buscan un dispositivo pr\u00e1ctico y eficiente. Con un dise\u00f1o convencional y un sensor \u00f3ptico de 1000 DPI, este mouse ofrece un seguimiento uniforme que se adapta a tus necesidades diarias, ya sea en la oficina o en casa. Su conexi\u00f3n inal\u00e1mbrica [&hellip;]<\/p>\n","protected":false},"featured_media":15220,"comment_status":"open","ping_status":"closed","template":"","meta":{"_uag_custom_page_level_css":""},"product_brand":[549],"product_cat":[125],"product_tag":[],"class_list":{"0":"post-15219","1":"product","2":"type-product","3":"status-publish","4":"has-post-thumbnail","6":"product_brand-logitech","7":"product_cat-teclados-y-mouses","9":"first","10":"instock","11":"sale","12":"taxable","13":"shipping-taxable","14":"purchasable","15":"product-type-simple"},"uagb_featured_image_src":{"full":["https:\/\/rms-enlinea.com.ar\/wp-content\/uploads\/2025\/06\/D_975875-MLA81967261931_012025-F.jpg",497,821,false],"thumbnail":["https:\/\/rms-enlinea.com.ar\/wp-content\/uploads\/2025\/06\/D_975875-MLA81967261931_012025-F-150x150.jpg",150,150,true],"medium":["https:\/\/rms-enlinea.com.ar\/wp-content\/uploads\/2025\/06\/D_975875-MLA81967261931_012025-F-182x300.jpg",182,300,true],"medium_large":["https:\/\/rms-enlinea.com.ar\/wp-content\/uploads\/2025\/06\/D_975875-MLA81967261931_012025-F.jpg",497,821,false],"large":["https:\/\/rms-enlinea.com.ar\/wp-content\/uploads\/2025\/06\/D_975875-MLA81967261931_012025-F.jpg",497,821,false],"1536x1536":["https:\/\/rms-enlinea.com.ar\/wp-content\/uploads\/2025\/06\/D_975875-MLA81967261931_012025-F.jpg",497,821,false],"2048x2048":["https:\/\/rms-enlinea.com.ar\/wp-content\/uploads\/2025\/06\/D_975875-MLA81967261931_012025-F.jpg",497,821,false],"woocommerce_thumbnail":["https:\/\/rms-enlinea.com.ar\/wp-content\/uploads\/2025\/06\/D_975875-MLA81967261931_012025-F-450x450.jpg",450,450,true],"woocommerce_single":["https:\/\/rms-enlinea.com.ar\/wp-content\/uploads\/2025\/06\/D_975875-MLA81967261931_012025-F.jpg",497,821,false],"woocommerce_gallery_thumbnail":["https:\/\/rms-enlinea.com.ar\/wp-content\/uploads\/2025\/06\/D_975875-MLA81967261931_012025-F-100x100.jpg",100,100,true]},"uagb_author_info":{"display_name":"l0071054","author_link":"https:\/\/rms-enlinea.com.ar\/tienda\/author\/"},"uagb_comment_info":0,"uagb_excerpt":"El Mouse Bluetooth Logitech M196 en color grafito es la herramienta ideal para quienes buscan un dispositivo pr\u00e1ctico y eficiente. Con un dise\u00f1o convencional y un sensor \u00f3ptico de 1000 DPI, este mouse ofrece un seguimiento uniforme que se adapta a tus necesidades diarias, ya sea en la oficina o en casa. Su conexi\u00f3n inal\u00e1mbrica&hellip;","_links":{"self":[{"href":"https:\/\/rms-enlinea.com.ar\/tienda\/wp-json\/wp\/v2\/product\/15219","targetHints":{"allow":["GET"]}}],"collection":[{"href":"https:\/\/rms-enlinea.com.ar\/tienda\/wp-json\/wp\/v2\/product"}],"about":[{"href":"https:\/\/rms-enlinea.com.ar\/tienda\/wp-json\/wp\/v2\/types\/product"}],"replies":[{"embeddable":true,"href":"https:\/\/rms-enlinea.com.ar\/tienda\/wp-json\/wp\/v2\/comments?post=15219"}],"wp:featuredmedia":[{"embeddable":true,"href":"https:\/\/rms-enlinea.com.ar\/tienda\/wp-json\/wp\/v2\/media\/15220"}],"wp:attachment":[{"href":"https:\/\/rms-enlinea.com.ar\/tienda\/wp-json\/wp\/v2\/media?parent=15219"}],"wp:term":[{"taxonomy":"product_brand","embeddable":true,"href":"https:\/\/rms-enlinea.com.ar\/tienda\/wp-json\/wp\/v2\/product_brand?post=15219"},{"taxonomy":"product_cat","embeddable":true,"href":"https:\/\/rms-enlinea.com.ar\/tienda\/wp-json\/wp\/v2\/product_cat?post=15219"},{"taxonomy":"product_tag","embeddable":true,"href":"https:\/\/rms-enlinea.com.ar\/tienda\/wp-json\/wp\/v2\/product_tag?post=15219"}],"curies":[{"name":"wp","href":"https:\/\/api.w.org\/{rel}","templated":true}]}}