{"id":15240,"date":"2025-06-12T07:01:08","date_gmt":"2025-06-12T10:01:08","guid":{"rendered":"https:\/\/rms-enlinea.com.ar\/tienda\/producto\/mouse-usb-genius-dx-125s-optico-1200dpi-3-botones\/"},"modified":"2026-03-31T18:34:32","modified_gmt":"2026-03-31T21:34:32","slug":"mouse-usb-genius-dx-125s-optico-1200dpi-3-botones","status":"publish","type":"product","link":"https:\/\/rms-enlinea.com.ar\/tienda\/producto\/mouse-usb-genius-dx-125s-optico-1200dpi-3-botones\/","title":{"rendered":"Mouse Usb Genius Dx-125s Optico 1200dpi 3 Botones"},"content":{"rendered":"<p>Interfaz<br \/>USB<br \/>Motor del sensor<br \/>\u00d3ptico<br \/>Resoluci\u00f3n (DPI)<br \/>1200<br \/>N\u00famero de botones<br \/>3 (izquierdo, derecho, bot\u00f3n central con rueda de desplazamiento)<br \/>Longitud del cable<br \/>1.5 m<br \/>Otros<br \/>&#8211;<br \/>Peso (g)<br \/>Aprox. 85 g<br \/>Dimensiones (An x Al x Pr) mm (pulgadas)<br \/>60.8 x 100.3 x 37 ( 2.39\u201d x 3.94\u201d x 1.45\u201d )<br \/>Requisitos del sistema<br \/>Windows\u00ae 8, 10, 11 o posterior \/ Mac OS X 10.8 o posterior \/ Puerto USB disponible<\/p>\n","protected":false},"excerpt":{"rendered":"<p>InterfazUSBMotor del sensor\u00d3pticoResoluci\u00f3n (DPI)1200N\u00famero de botones3 (izquierdo, derecho, bot\u00f3n central con rueda de desplazamiento)Longitud del cable1.5 mOtros&#8211;Peso (g)Aprox. 85 gDimensiones (An x Al x Pr) mm (pulgadas)60.8 x 100.3 x 37 ( 2.39\u201d x 3.94\u201d x 1.45\u201d )Requisitos del sistemaWindows\u00ae 8, 10, 11 o posterior \/ Mac OS X 10.8 o posterior \/ Puerto USB [&hellip;]<\/p>\n","protected":false},"featured_media":15241,"comment_status":"open","ping_status":"closed","template":"","meta":{"_uag_custom_page_level_css":""},"product_brand":[550],"product_cat":[125],"product_tag":[],"class_list":{"0":"post-15240","1":"product","2":"type-product","3":"status-publish","4":"has-post-thumbnail","6":"product_brand-genius","7":"product_cat-teclados-y-mouses","9":"first","10":"outofstock","11":"sale","12":"taxable","13":"shipping-taxable","14":"purchasable","15":"product-type-simple"},"uagb_featured_image_src":{"full":["https:\/\/rms-enlinea.com.ar\/wp-content\/uploads\/2025\/06\/D_682125-MLA82580573923_022025-F.jpg",450,842,false],"thumbnail":["https:\/\/rms-enlinea.com.ar\/wp-content\/uploads\/2025\/06\/D_682125-MLA82580573923_022025-F-150x150.jpg",150,150,true],"medium":["https:\/\/rms-enlinea.com.ar\/wp-content\/uploads\/2025\/06\/D_682125-MLA82580573923_022025-F-160x300.jpg",160,300,true],"medium_large":["https:\/\/rms-enlinea.com.ar\/wp-content\/uploads\/2025\/06\/D_682125-MLA82580573923_022025-F.jpg",450,842,false],"large":["https:\/\/rms-enlinea.com.ar\/wp-content\/uploads\/2025\/06\/D_682125-MLA82580573923_022025-F.jpg",450,842,false],"1536x1536":["https:\/\/rms-enlinea.com.ar\/wp-content\/uploads\/2025\/06\/D_682125-MLA82580573923_022025-F.jpg",450,842,false],"2048x2048":["https:\/\/rms-enlinea.com.ar\/wp-content\/uploads\/2025\/06\/D_682125-MLA82580573923_022025-F.jpg",450,842,false],"woocommerce_thumbnail":["https:\/\/rms-enlinea.com.ar\/wp-content\/uploads\/2025\/06\/D_682125-MLA82580573923_022025-F-450x450.jpg",450,450,true],"woocommerce_single":["https:\/\/rms-enlinea.com.ar\/wp-content\/uploads\/2025\/06\/D_682125-MLA82580573923_022025-F.jpg",450,842,false],"woocommerce_gallery_thumbnail":["https:\/\/rms-enlinea.com.ar\/wp-content\/uploads\/2025\/06\/D_682125-MLA82580573923_022025-F-100x100.jpg",100,100,true]},"uagb_author_info":{"display_name":"l0071054","author_link":"https:\/\/rms-enlinea.com.ar\/tienda\/author\/"},"uagb_comment_info":0,"uagb_excerpt":"InterfazUSBMotor del sensor\u00d3pticoResoluci\u00f3n (DPI)1200N\u00famero de botones3 (izquierdo, derecho, bot\u00f3n central con rueda de desplazamiento)Longitud del cable1.5 mOtros&#8211;Peso (g)Aprox. 85 gDimensiones (An x Al x Pr) mm (pulgadas)60.8 x 100.3 x 37 ( 2.39\u201d x 3.94\u201d x 1.45\u201d )Requisitos del sistemaWindows\u00ae 8, 10, 11 o posterior \/ Mac OS X 10.8 o posterior \/ Puerto USB&hellip;","_links":{"self":[{"href":"https:\/\/rms-enlinea.com.ar\/tienda\/wp-json\/wp\/v2\/product\/15240","targetHints":{"allow":["GET"]}}],"collection":[{"href":"https:\/\/rms-enlinea.com.ar\/tienda\/wp-json\/wp\/v2\/product"}],"about":[{"href":"https:\/\/rms-enlinea.com.ar\/tienda\/wp-json\/wp\/v2\/types\/product"}],"replies":[{"embeddable":true,"href":"https:\/\/rms-enlinea.com.ar\/tienda\/wp-json\/wp\/v2\/comments?post=15240"}],"wp:featuredmedia":[{"embeddable":true,"href":"https:\/\/rms-enlinea.com.ar\/tienda\/wp-json\/wp\/v2\/media\/15241"}],"wp:attachment":[{"href":"https:\/\/rms-enlinea.com.ar\/tienda\/wp-json\/wp\/v2\/media?parent=15240"}],"wp:term":[{"taxonomy":"product_brand","embeddable":true,"href":"https:\/\/rms-enlinea.com.ar\/tienda\/wp-json\/wp\/v2\/product_brand?post=15240"},{"taxonomy":"product_cat","embeddable":true,"href":"https:\/\/rms-enlinea.com.ar\/tienda\/wp-json\/wp\/v2\/product_cat?post=15240"},{"taxonomy":"product_tag","embeddable":true,"href":"https:\/\/rms-enlinea.com.ar\/tienda\/wp-json\/wp\/v2\/product_tag?post=15240"}],"curies":[{"name":"wp","href":"https:\/\/api.w.org\/{rel}","templated":true}]}}