{"id":15272,"date":"2025-06-12T07:01:53","date_gmt":"2025-06-12T10:01:53","guid":{"rendered":"https:\/\/rms-enlinea.com.ar\/tienda\/producto\/microfono-corbatero-dinamico-unidireccional-mipro-mu-53ls\/"},"modified":"2026-04-06T12:19:17","modified_gmt":"2026-04-06T15:19:17","slug":"microfono-corbatero-dinamico-unidireccional-mipro-mu-53ls","status":"publish","type":"product","link":"https:\/\/rms-enlinea.com.ar\/tienda\/producto\/microfono-corbatero-dinamico-unidireccional-mipro-mu-53ls\/","title":{"rendered":"Microfono Corbatero Dinamico Unidireccional Mipro Mu-53ls"},"content":{"rendered":"<p>Micr\u00f3fono corbatero<\/p>\n<p>Din\u00e1mico<br \/>Patr\u00f3n polar uni direccional<br \/>Conector mini XLR (M) 3 pines<br \/>MU-53LS es un micr\u00f3fono corbatero de amplia respuesta en frecuencia y alto rango din\u00e1mico. Ofrece una respuesta transitoria r\u00e1pida para una reproducci\u00f3n de sonido natural.<\/p>\n","protected":false},"excerpt":{"rendered":"<p>Micr\u00f3fono corbatero Din\u00e1micoPatr\u00f3n polar uni direccionalConector mini XLR (M) 3 pinesMU-53LS es un micr\u00f3fono corbatero de amplia respuesta en frecuencia y alto rango din\u00e1mico. Ofrece una respuesta transitoria r\u00e1pida para una reproducci\u00f3n de sonido natural.<\/p>\n","protected":false},"featured_media":15273,"comment_status":"open","ping_status":"closed","template":"","meta":{"_uag_custom_page_level_css":""},"product_brand":[],"product_cat":[75],"product_tag":[],"class_list":{"0":"post-15272","1":"product","2":"type-product","3":"status-publish","4":"has-post-thumbnail","6":"product_cat-microfonos","8":"first","9":"instock","10":"sale","11":"taxable","12":"shipping-taxable","13":"purchasable","14":"product-type-simple"},"uagb_featured_image_src":{"full":["https:\/\/rms-enlinea.com.ar\/wp-content\/uploads\/2025\/06\/D_626198-MLA78970081819_092024-F.jpg",281,1200,false],"thumbnail":["https:\/\/rms-enlinea.com.ar\/wp-content\/uploads\/2025\/06\/D_626198-MLA78970081819_092024-F-150x150.jpg",150,150,true],"medium":["https:\/\/rms-enlinea.com.ar\/wp-content\/uploads\/2025\/06\/D_626198-MLA78970081819_092024-F-70x300.jpg",70,300,true],"medium_large":["https:\/\/rms-enlinea.com.ar\/wp-content\/uploads\/2025\/06\/D_626198-MLA78970081819_092024-F.jpg",281,1200,false],"large":["https:\/\/rms-enlinea.com.ar\/wp-content\/uploads\/2025\/06\/D_626198-MLA78970081819_092024-F-240x1024.jpg",240,1024,true],"1536x1536":["https:\/\/rms-enlinea.com.ar\/wp-content\/uploads\/2025\/06\/D_626198-MLA78970081819_092024-F.jpg",281,1200,false],"2048x2048":["https:\/\/rms-enlinea.com.ar\/wp-content\/uploads\/2025\/06\/D_626198-MLA78970081819_092024-F.jpg",281,1200,false],"woocommerce_thumbnail":["https:\/\/rms-enlinea.com.ar\/wp-content\/uploads\/2025\/06\/D_626198-MLA78970081819_092024-F-281x450.jpg",281,450,true],"woocommerce_single":["https:\/\/rms-enlinea.com.ar\/wp-content\/uploads\/2025\/06\/D_626198-MLA78970081819_092024-F.jpg",281,1200,false],"woocommerce_gallery_thumbnail":["https:\/\/rms-enlinea.com.ar\/wp-content\/uploads\/2025\/06\/D_626198-MLA78970081819_092024-F-100x100.jpg",100,100,true]},"uagb_author_info":{"display_name":"l0071054","author_link":"https:\/\/rms-enlinea.com.ar\/tienda\/author\/"},"uagb_comment_info":0,"uagb_excerpt":"Micr\u00f3fono corbatero Din\u00e1micoPatr\u00f3n polar uni direccionalConector mini XLR (M) 3 pinesMU-53LS es un micr\u00f3fono corbatero de amplia respuesta en frecuencia y alto rango din\u00e1mico. Ofrece una respuesta transitoria r\u00e1pida para una reproducci\u00f3n de sonido natural.","_links":{"self":[{"href":"https:\/\/rms-enlinea.com.ar\/tienda\/wp-json\/wp\/v2\/product\/15272","targetHints":{"allow":["GET"]}}],"collection":[{"href":"https:\/\/rms-enlinea.com.ar\/tienda\/wp-json\/wp\/v2\/product"}],"about":[{"href":"https:\/\/rms-enlinea.com.ar\/tienda\/wp-json\/wp\/v2\/types\/product"}],"replies":[{"embeddable":true,"href":"https:\/\/rms-enlinea.com.ar\/tienda\/wp-json\/wp\/v2\/comments?post=15272"}],"wp:featuredmedia":[{"embeddable":true,"href":"https:\/\/rms-enlinea.com.ar\/tienda\/wp-json\/wp\/v2\/media\/15273"}],"wp:attachment":[{"href":"https:\/\/rms-enlinea.com.ar\/tienda\/wp-json\/wp\/v2\/media?parent=15272"}],"wp:term":[{"taxonomy":"product_brand","embeddable":true,"href":"https:\/\/rms-enlinea.com.ar\/tienda\/wp-json\/wp\/v2\/product_brand?post=15272"},{"taxonomy":"product_cat","embeddable":true,"href":"https:\/\/rms-enlinea.com.ar\/tienda\/wp-json\/wp\/v2\/product_cat?post=15272"},{"taxonomy":"product_tag","embeddable":true,"href":"https:\/\/rms-enlinea.com.ar\/tienda\/wp-json\/wp\/v2\/product_tag?post=15272"}],"curies":[{"name":"wp","href":"https:\/\/api.w.org\/{rel}","templated":true}]}}