{"id":15278,"date":"2025-06-12T07:02:01","date_gmt":"2025-06-12T10:02:01","guid":{"rendered":"https:\/\/rms-enlinea.com.ar\/tienda\/producto\/procesador-intel-core-i5-11600-2-8ghz-6-nucleos-s1200\/"},"modified":"2026-04-06T12:13:56","modified_gmt":"2026-04-06T15:13:56","slug":"procesador-intel-core-i5-11600-2-8ghz-6-nucleos-s1200","status":"publish","type":"product","link":"https:\/\/rms-enlinea.com.ar\/tienda\/producto\/procesador-intel-core-i5-11600-2-8ghz-6-nucleos-s1200\/","title":{"rendered":"Procesador Intel Core I5 11600 2.8ghz 6 Nucleos S1200"},"content":{"rendered":"<p>L\u00ednea<\/p>\n<p>Core i5<br \/>\n# of Cores<\/p>\n<p>6-Core<br \/>\n# of Threads<\/p>\n<p>12-Threads<br \/>\nZ\u00f3calos compatibles<\/p>\n<p>FCLGA1200<br \/>\nSeries<\/p>\n<p>Core i5 11th Gen<br \/>\nTipo de memoria RAM<\/p>\n<p>DDR4<br \/>\nTama\u00f1o m\u00e1ximo de memoria RAM soportada<\/p>\n<p>128 GB<br \/>\nMax Turbo Frequency<\/p>\n<p>4.8 GHz<br \/>\nProcesador gr\u00e1fico<\/p>\n<p>Intel UHD Graphics 750<br \/>\nMarca<\/p>\n<p>Intel<\/p>\n","protected":false},"excerpt":{"rendered":"<p>L\u00ednea Core i5 # of Cores 6-Core # of Threads 12-Threads Z\u00f3calos compatibles FCLGA1200 Series Core i5 11th Gen Tipo de memoria RAM DDR4 Tama\u00f1o m\u00e1ximo de memoria RAM soportada 128 GB Max Turbo Frequency 4.8 GHz Procesador gr\u00e1fico Intel UHD Graphics 750 Marca Intel<\/p>\n","protected":false},"featured_media":15279,"comment_status":"open","ping_status":"closed","template":"","meta":{"_uag_custom_page_level_css":""},"product_brand":[530],"product_cat":[121],"product_tag":[],"class_list":{"0":"post-15278","1":"product","2":"type-product","3":"status-publish","4":"has-post-thumbnail","6":"product_brand-intel","7":"product_cat-procesadores-computacion","9":"first","10":"outofstock","11":"sale","12":"taxable","13":"shipping-taxable","14":"purchasable","15":"product-type-simple"},"uagb_featured_image_src":{"full":["https:\/\/rms-enlinea.com.ar\/wp-content\/uploads\/2025\/06\/D_747207-MLA81356245583_122024-F.jpg",1200,1190,false],"thumbnail":["https:\/\/rms-enlinea.com.ar\/wp-content\/uploads\/2025\/06\/D_747207-MLA81356245583_122024-F-150x150.jpg",150,150,true],"medium":["https:\/\/rms-enlinea.com.ar\/wp-content\/uploads\/2025\/06\/D_747207-MLA81356245583_122024-F-300x298.jpg",300,298,true],"medium_large":["https:\/\/rms-enlinea.com.ar\/wp-content\/uploads\/2025\/06\/D_747207-MLA81356245583_122024-F-768x762.jpg",768,762,true],"large":["https:\/\/rms-enlinea.com.ar\/wp-content\/uploads\/2025\/06\/D_747207-MLA81356245583_122024-F-1024x1015.jpg",1024,1015,true],"1536x1536":["https:\/\/rms-enlinea.com.ar\/wp-content\/uploads\/2025\/06\/D_747207-MLA81356245583_122024-F.jpg",1200,1190,false],"2048x2048":["https:\/\/rms-enlinea.com.ar\/wp-content\/uploads\/2025\/06\/D_747207-MLA81356245583_122024-F.jpg",1200,1190,false],"woocommerce_thumbnail":["https:\/\/rms-enlinea.com.ar\/wp-content\/uploads\/2025\/06\/D_747207-MLA81356245583_122024-F-450x450.jpg",450,450,true],"woocommerce_single":["https:\/\/rms-enlinea.com.ar\/wp-content\/uploads\/2025\/06\/D_747207-MLA81356245583_122024-F-600x595.jpg",600,595,true],"woocommerce_gallery_thumbnail":["https:\/\/rms-enlinea.com.ar\/wp-content\/uploads\/2025\/06\/D_747207-MLA81356245583_122024-F-100x100.jpg",100,100,true]},"uagb_author_info":{"display_name":"l0071054","author_link":"https:\/\/rms-enlinea.com.ar\/tienda\/author\/"},"uagb_comment_info":0,"uagb_excerpt":"L\u00ednea Core i5 # of Cores 6-Core # of Threads 12-Threads Z\u00f3calos compatibles FCLGA1200 Series Core i5 11th Gen Tipo de memoria RAM DDR4 Tama\u00f1o m\u00e1ximo de memoria RAM soportada 128 GB Max Turbo Frequency 4.8 GHz Procesador gr\u00e1fico Intel UHD Graphics 750 Marca Intel","_links":{"self":[{"href":"https:\/\/rms-enlinea.com.ar\/tienda\/wp-json\/wp\/v2\/product\/15278","targetHints":{"allow":["GET"]}}],"collection":[{"href":"https:\/\/rms-enlinea.com.ar\/tienda\/wp-json\/wp\/v2\/product"}],"about":[{"href":"https:\/\/rms-enlinea.com.ar\/tienda\/wp-json\/wp\/v2\/types\/product"}],"replies":[{"embeddable":true,"href":"https:\/\/rms-enlinea.com.ar\/tienda\/wp-json\/wp\/v2\/comments?post=15278"}],"wp:featuredmedia":[{"embeddable":true,"href":"https:\/\/rms-enlinea.com.ar\/tienda\/wp-json\/wp\/v2\/media\/15279"}],"wp:attachment":[{"href":"https:\/\/rms-enlinea.com.ar\/tienda\/wp-json\/wp\/v2\/media?parent=15278"}],"wp:term":[{"taxonomy":"product_brand","embeddable":true,"href":"https:\/\/rms-enlinea.com.ar\/tienda\/wp-json\/wp\/v2\/product_brand?post=15278"},{"taxonomy":"product_cat","embeddable":true,"href":"https:\/\/rms-enlinea.com.ar\/tienda\/wp-json\/wp\/v2\/product_cat?post=15278"},{"taxonomy":"product_tag","embeddable":true,"href":"https:\/\/rms-enlinea.com.ar\/tienda\/wp-json\/wp\/v2\/product_tag?post=15278"}],"curies":[{"name":"wp","href":"https:\/\/api.w.org\/{rel}","templated":true}]}}