{"id":15394,"date":"2025-06-12T07:04:40","date_gmt":"2025-06-12T10:04:40","guid":{"rendered":"https:\/\/rms-enlinea.com.ar\/tienda\/producto\/router-tp-link-archer-ax53-gigabit-wi-fi-6-ax3000-dual-band\/"},"modified":"2026-04-21T05:48:24","modified_gmt":"2026-04-21T08:48:24","slug":"router-tp-link-archer-ax53-gigabit-wi-fi-6-ax3000-dual-band","status":"publish","type":"product","link":"https:\/\/rms-enlinea.com.ar\/tienda\/producto\/router-tp-link-archer-ax53-gigabit-wi-fi-6-ax3000-dual-band\/","title":{"rendered":"Router Tp-link Archer Ax53 Gigabit Wi-fi 6 Ax3000 Dual Band"},"content":{"rendered":"<p>Velocidad Wi-Fi 6 Gigabit de pr\u00f3xima generaci\u00f3n: 2402 Mbps en 5 GHz y 574 Mbps en la banda de 2.4 GHz aseguran transmisiones m\u00e1s fluidas y descargas m\u00e1s r\u00e1pidas.<br \/>Conexi\u00f3n de M\u00e1s Dispositivos: La tecnolog\u00eda OFDMA aumenta la capacidad 4 veces para permitir la transmisi\u00f3n simult\u00e1nea a m\u00e1s dispositivos.<br \/>Ultra Baja Latencia: Permite juegos y videollamadas m\u00e1s receptivas.<br \/>Amplia Cobertura Wi-Fi: Cuatro antenas externas de alto rendimiento y tecnolog\u00eda Beamforming se combinan para extender una Wi-Fi fuerte y confiable por toda su casa.<br \/>TP-Link HomeShield: Seguridad mejorada que protege contra las \u00faltimas amenazas cibern\u00e9ticas.<br \/>Mayor Duraci\u00f3n de la Bater\u00eda: El Target Wake Time ayuda a que sus dispositivos se comuniquen m\u00e1s mientras consumen menos energ\u00eda.<br \/>Compatible con EasyMesh: Crea de manera flexible una red Mesh conect\u00e1ndose a un enrutador compatible con EasyMesh para una cobertura perfecta en toda su casa.<\/p>\n","protected":false},"excerpt":{"rendered":"<p>Velocidad Wi-Fi 6 Gigabit de pr\u00f3xima generaci\u00f3n: 2402 Mbps en 5 GHz y 574 Mbps en la banda de 2.4 GHz aseguran transmisiones m\u00e1s fluidas y descargas m\u00e1s r\u00e1pidas.Conexi\u00f3n de M\u00e1s Dispositivos: La tecnolog\u00eda OFDMA aumenta la capacidad 4 veces para permitir la transmisi\u00f3n simult\u00e1nea a m\u00e1s dispositivos.Ultra Baja Latencia: Permite juegos y videollamadas m\u00e1s [&hellip;]<\/p>\n","protected":false},"featured_media":15395,"comment_status":"open","ping_status":"closed","template":"","meta":{"_uag_custom_page_level_css":""},"product_brand":[546],"product_cat":[122],"product_tag":[],"class_list":{"0":"post-15394","1":"product","2":"type-product","3":"status-publish","4":"has-post-thumbnail","6":"product_brand-tplink","7":"product_cat-redes-y-conectividad","9":"first","10":"outofstock","11":"sale","12":"taxable","13":"shipping-taxable","14":"purchasable","15":"product-type-simple"},"uagb_featured_image_src":{"full":["https:\/\/rms-enlinea.com.ar\/wp-content\/uploads\/2025\/06\/D_802460-MPE51637655440_092022-F.jpg",510,330,false],"thumbnail":["https:\/\/rms-enlinea.com.ar\/wp-content\/uploads\/2025\/06\/D_802460-MPE51637655440_092022-F-150x150.jpg",150,150,true],"medium":["https:\/\/rms-enlinea.com.ar\/wp-content\/uploads\/2025\/06\/D_802460-MPE51637655440_092022-F-300x194.jpg",300,194,true],"medium_large":["https:\/\/rms-enlinea.com.ar\/wp-content\/uploads\/2025\/06\/D_802460-MPE51637655440_092022-F.jpg",510,330,false],"large":["https:\/\/rms-enlinea.com.ar\/wp-content\/uploads\/2025\/06\/D_802460-MPE51637655440_092022-F.jpg",510,330,false],"1536x1536":["https:\/\/rms-enlinea.com.ar\/wp-content\/uploads\/2025\/06\/D_802460-MPE51637655440_092022-F.jpg",510,330,false],"2048x2048":["https:\/\/rms-enlinea.com.ar\/wp-content\/uploads\/2025\/06\/D_802460-MPE51637655440_092022-F.jpg",510,330,false],"woocommerce_thumbnail":["https:\/\/rms-enlinea.com.ar\/wp-content\/uploads\/2025\/06\/D_802460-MPE51637655440_092022-F-450x330.jpg",450,330,true],"woocommerce_single":["https:\/\/rms-enlinea.com.ar\/wp-content\/uploads\/2025\/06\/D_802460-MPE51637655440_092022-F.jpg",510,330,false],"woocommerce_gallery_thumbnail":["https:\/\/rms-enlinea.com.ar\/wp-content\/uploads\/2025\/06\/D_802460-MPE51637655440_092022-F-100x100.jpg",100,100,true]},"uagb_author_info":{"display_name":"l0071054","author_link":"https:\/\/rms-enlinea.com.ar\/tienda\/author\/"},"uagb_comment_info":0,"uagb_excerpt":"Velocidad Wi-Fi 6 Gigabit de pr\u00f3xima generaci\u00f3n: 2402 Mbps en 5 GHz y 574 Mbps en la banda de 2.4 GHz aseguran transmisiones m\u00e1s fluidas y descargas m\u00e1s r\u00e1pidas.Conexi\u00f3n de M\u00e1s Dispositivos: La tecnolog\u00eda OFDMA aumenta la capacidad 4 veces para permitir la transmisi\u00f3n simult\u00e1nea a m\u00e1s dispositivos.Ultra Baja Latencia: Permite juegos y videollamadas m\u00e1s&hellip;","_links":{"self":[{"href":"https:\/\/rms-enlinea.com.ar\/tienda\/wp-json\/wp\/v2\/product\/15394","targetHints":{"allow":["GET"]}}],"collection":[{"href":"https:\/\/rms-enlinea.com.ar\/tienda\/wp-json\/wp\/v2\/product"}],"about":[{"href":"https:\/\/rms-enlinea.com.ar\/tienda\/wp-json\/wp\/v2\/types\/product"}],"replies":[{"embeddable":true,"href":"https:\/\/rms-enlinea.com.ar\/tienda\/wp-json\/wp\/v2\/comments?post=15394"}],"wp:featuredmedia":[{"embeddable":true,"href":"https:\/\/rms-enlinea.com.ar\/tienda\/wp-json\/wp\/v2\/media\/15395"}],"wp:attachment":[{"href":"https:\/\/rms-enlinea.com.ar\/tienda\/wp-json\/wp\/v2\/media?parent=15394"}],"wp:term":[{"taxonomy":"product_brand","embeddable":true,"href":"https:\/\/rms-enlinea.com.ar\/tienda\/wp-json\/wp\/v2\/product_brand?post=15394"},{"taxonomy":"product_cat","embeddable":true,"href":"https:\/\/rms-enlinea.com.ar\/tienda\/wp-json\/wp\/v2\/product_cat?post=15394"},{"taxonomy":"product_tag","embeddable":true,"href":"https:\/\/rms-enlinea.com.ar\/tienda\/wp-json\/wp\/v2\/product_tag?post=15394"}],"curies":[{"name":"wp","href":"https:\/\/api.w.org\/{rel}","templated":true}]}}