{"id":15400,"date":"2025-06-12T07:04:48","date_gmt":"2025-06-12T10:04:48","guid":{"rendered":"https:\/\/rms-enlinea.com.ar\/tienda\/producto\/parlantes-usb-6w-compacto-multimedia-nisuta-nspau61\/"},"modified":"2026-04-14T12:01:13","modified_gmt":"2026-04-14T15:01:13","slug":"parlantes-usb-6w-compacto-multimedia-nisuta-nspau61","status":"publish","type":"product","link":"https:\/\/rms-enlinea.com.ar\/tienda\/producto\/parlantes-usb-6w-compacto-multimedia-nisuta-nspau61\/","title":{"rendered":"Parlantes Usb 6w Compacto Multimedia Nisuta Nspau61"},"content":{"rendered":"<p>RMS:3WX2<br \/>\nTAMA\u00d1O DEL PARLANTE: 2 PULGADASX2<br \/>\nFRECUENCIA:260HZ-20KHZ<br \/>\nSEPARATION:&gt;32DB<br \/>\nS\/N RATIO :&gt;63DB<br \/>\nIMPEDANCIA: 4 OHM<br \/>\nSENSIBILIDAD DE ENTRADA:700MV\u00b150<br \/>\nENTRADA DE ALIMENTACI\u00d3N :DC 5V USB<br \/>\nFUNCI\u00d3N: CONTROL DE VOLUMEN<br \/>\nCABLE DE 1.2M: USB + STEREO 3.5MM<br \/>\nTAMA\u00d1O DEL PRODUCTO:75X80X150MM<br \/>\nPESO NETO: 0.5KG<\/p>\n","protected":false},"excerpt":{"rendered":"<p>RMS:3WX2 TAMA\u00d1O DEL PARLANTE: 2 PULGADASX2 FRECUENCIA:260HZ-20KHZ SEPARATION:&gt;32DB S\/N RATIO :&gt;63DB IMPEDANCIA: 4 OHM SENSIBILIDAD DE ENTRADA:700MV\u00b150 ENTRADA DE ALIMENTACI\u00d3N :DC 5V USB FUNCI\u00d3N: CONTROL DE VOLUMEN CABLE DE 1.2M: USB + STEREO 3.5MM TAMA\u00d1O DEL PRODUCTO:75X80X150MM PESO NETO: 0.5KG<\/p>\n","protected":false},"featured_media":15401,"comment_status":"open","ping_status":"closed","template":"","meta":{"_uag_custom_page_level_css":""},"product_brand":[],"product_cat":[124],"product_tag":[],"class_list":{"0":"post-15400","1":"product","2":"type-product","3":"status-publish","4":"has-post-thumbnail","6":"product_cat-sistemas-de-sonido-parlantes","8":"first","9":"outofstock","10":"sale","11":"taxable","12":"shipping-taxable","13":"purchasable","14":"product-type-simple"},"uagb_featured_image_src":{"full":["https:\/\/rms-enlinea.com.ar\/wp-content\/uploads\/2025\/06\/D_694346-MLA49340363208_032022-F.jpg",761,791,false],"thumbnail":["https:\/\/rms-enlinea.com.ar\/wp-content\/uploads\/2025\/06\/D_694346-MLA49340363208_032022-F-150x150.jpg",150,150,true],"medium":["https:\/\/rms-enlinea.com.ar\/wp-content\/uploads\/2025\/06\/D_694346-MLA49340363208_032022-F-289x300.jpg",289,300,true],"medium_large":["https:\/\/rms-enlinea.com.ar\/wp-content\/uploads\/2025\/06\/D_694346-MLA49340363208_032022-F.jpg",761,791,false],"large":["https:\/\/rms-enlinea.com.ar\/wp-content\/uploads\/2025\/06\/D_694346-MLA49340363208_032022-F.jpg",761,791,false],"1536x1536":["https:\/\/rms-enlinea.com.ar\/wp-content\/uploads\/2025\/06\/D_694346-MLA49340363208_032022-F.jpg",761,791,false],"2048x2048":["https:\/\/rms-enlinea.com.ar\/wp-content\/uploads\/2025\/06\/D_694346-MLA49340363208_032022-F.jpg",761,791,false],"woocommerce_thumbnail":["https:\/\/rms-enlinea.com.ar\/wp-content\/uploads\/2025\/06\/D_694346-MLA49340363208_032022-F-450x450.jpg",450,450,true],"woocommerce_single":["https:\/\/rms-enlinea.com.ar\/wp-content\/uploads\/2025\/06\/D_694346-MLA49340363208_032022-F-600x624.jpg",600,624,true],"woocommerce_gallery_thumbnail":["https:\/\/rms-enlinea.com.ar\/wp-content\/uploads\/2025\/06\/D_694346-MLA49340363208_032022-F-100x100.jpg",100,100,true]},"uagb_author_info":{"display_name":"l0071054","author_link":"https:\/\/rms-enlinea.com.ar\/tienda\/author\/"},"uagb_comment_info":0,"uagb_excerpt":"RMS:3WX2 TAMA\u00d1O DEL PARLANTE: 2 PULGADASX2 FRECUENCIA:260HZ-20KHZ SEPARATION:&gt;32DB S\/N RATIO :&gt;63DB IMPEDANCIA: 4 OHM SENSIBILIDAD DE ENTRADA:700MV\u00b150 ENTRADA DE ALIMENTACI\u00d3N :DC 5V USB FUNCI\u00d3N: CONTROL DE VOLUMEN CABLE DE 1.2M: USB + STEREO 3.5MM TAMA\u00d1O DEL PRODUCTO:75X80X150MM PESO NETO: 0.5KG","_links":{"self":[{"href":"https:\/\/rms-enlinea.com.ar\/tienda\/wp-json\/wp\/v2\/product\/15400","targetHints":{"allow":["GET"]}}],"collection":[{"href":"https:\/\/rms-enlinea.com.ar\/tienda\/wp-json\/wp\/v2\/product"}],"about":[{"href":"https:\/\/rms-enlinea.com.ar\/tienda\/wp-json\/wp\/v2\/types\/product"}],"replies":[{"embeddable":true,"href":"https:\/\/rms-enlinea.com.ar\/tienda\/wp-json\/wp\/v2\/comments?post=15400"}],"wp:featuredmedia":[{"embeddable":true,"href":"https:\/\/rms-enlinea.com.ar\/tienda\/wp-json\/wp\/v2\/media\/15401"}],"wp:attachment":[{"href":"https:\/\/rms-enlinea.com.ar\/tienda\/wp-json\/wp\/v2\/media?parent=15400"}],"wp:term":[{"taxonomy":"product_brand","embeddable":true,"href":"https:\/\/rms-enlinea.com.ar\/tienda\/wp-json\/wp\/v2\/product_brand?post=15400"},{"taxonomy":"product_cat","embeddable":true,"href":"https:\/\/rms-enlinea.com.ar\/tienda\/wp-json\/wp\/v2\/product_cat?post=15400"},{"taxonomy":"product_tag","embeddable":true,"href":"https:\/\/rms-enlinea.com.ar\/tienda\/wp-json\/wp\/v2\/product_tag?post=15400"}],"curies":[{"name":"wp","href":"https:\/\/api.w.org\/{rel}","templated":true}]}}