{"id":15416,"date":"2025-06-12T07:05:08","date_gmt":"2025-06-12T10:05:08","guid":{"rendered":"https:\/\/rms-enlinea.com.ar\/tienda\/producto\/compresor-de-aire-metalico-150psi-35l-min-nisuta-nsac60\/"},"modified":"2026-04-21T03:21:12","modified_gmt":"2026-04-21T06:21:12","slug":"compresor-de-aire-metalico-150psi-35l-min-nisuta-nsac60","status":"publish","type":"product","link":"https:\/\/rms-enlinea.com.ar\/tienda\/producto\/compresor-de-aire-metalico-150psi-35l-min-nisuta-nsac60\/","title":{"rendered":"Compresor De Aire Metalico 150psi 35l\/min Nisuta Nsac60"},"content":{"rendered":"<p>PRESI\u00d3N DE AIRE M\u00c1XIMA 150PSI<br \/>FLUJO DE AIRE M\u00c1XIMO 35 LITROS POR MINUTO<br \/>LARGO DE LA MANGUERA: 1 METRO<br \/>LONGITUD DEL CABLE DE CORRIENTE 3 METROS<br \/>VOLTAJE DE FUNCIONAMIENTO 12V<br \/>AMPERAJE M\u00c1XIMO: 15A<br \/>POTENCIA: 180W<br \/>INCLUYE BOLSA PARA TRANSPORTAR<br \/>DISE\u00d1O AVANZADO CON ESTILO<br \/>F\u00c1CIL DE TRANSPORTAR, GUARDAR Y OPERAR<br \/>SALIDA DE AIRE CON MANGUERA Y MAN\u00d3METRO DE PRECISI\u00d3N<br \/>INCLUYE ADAPTADORES PARA UN USO MAS VERS\u00c1TIL<br \/>UN CORRECTO INFLADO DE LOS NEUM\u00c1TICOS LE HACE AHORRAR DINERO EN COMBUSTIBLE Y MAYOR VIDA \u00daTIL AL NEUM\u00c1TICO.<br \/>SOLUCIONE R\u00c1PIDAMENTE LAS EMERGENCIA CON LOS NEUM\u00c1TICOS EN LA CARRETERA<br \/>AH\u00d3RRESE EL VIAJE A LA ESTACI\u00d3N DE SERVICIO CON LA BICICLETA, TRACTOR DE CORTAR C\u00c9SPED, TRAILERS, PELOTAS O JUEGOS Y COLCHONES INFLABLES<\/p>\n","protected":false},"excerpt":{"rendered":"<p>PRESI\u00d3N DE AIRE M\u00c1XIMA 150PSIFLUJO DE AIRE M\u00c1XIMO 35 LITROS POR MINUTOLARGO DE LA MANGUERA: 1 METROLONGITUD DEL CABLE DE CORRIENTE 3 METROSVOLTAJE DE FUNCIONAMIENTO 12VAMPERAJE M\u00c1XIMO: 15APOTENCIA: 180WINCLUYE BOLSA PARA TRANSPORTARDISE\u00d1O AVANZADO CON ESTILOF\u00c1CIL DE TRANSPORTAR, GUARDAR Y OPERARSALIDA DE AIRE CON MANGUERA Y MAN\u00d3METRO DE PRECISI\u00d3NINCLUYE ADAPTADORES PARA UN USO MAS VERS\u00c1TILUN CORRECTO [&hellip;]<\/p>\n","protected":false},"featured_media":15417,"comment_status":"open","ping_status":"closed","template":"","meta":{"_uag_custom_page_level_css":""},"product_brand":[],"product_cat":[101],"product_tag":[],"class_list":{"0":"post-15416","1":"product","2":"type-product","3":"status-publish","4":"has-post-thumbnail","6":"product_cat-cables-y-adaptadores","8":"first","9":"outofstock","10":"sale","11":"taxable","12":"shipping-taxable","13":"purchasable","14":"product-type-simple"},"uagb_featured_image_src":{"full":["https:\/\/rms-enlinea.com.ar\/wp-content\/uploads\/2025\/06\/D_831885-MLA45104135514_032021-F.jpg",1200,1156,false],"thumbnail":["https:\/\/rms-enlinea.com.ar\/wp-content\/uploads\/2025\/06\/D_831885-MLA45104135514_032021-F-150x150.jpg",150,150,true],"medium":["https:\/\/rms-enlinea.com.ar\/wp-content\/uploads\/2025\/06\/D_831885-MLA45104135514_032021-F-300x289.jpg",300,289,true],"medium_large":["https:\/\/rms-enlinea.com.ar\/wp-content\/uploads\/2025\/06\/D_831885-MLA45104135514_032021-F-768x740.jpg",768,740,true],"large":["https:\/\/rms-enlinea.com.ar\/wp-content\/uploads\/2025\/06\/D_831885-MLA45104135514_032021-F-1024x986.jpg",1024,986,true],"1536x1536":["https:\/\/rms-enlinea.com.ar\/wp-content\/uploads\/2025\/06\/D_831885-MLA45104135514_032021-F.jpg",1200,1156,false],"2048x2048":["https:\/\/rms-enlinea.com.ar\/wp-content\/uploads\/2025\/06\/D_831885-MLA45104135514_032021-F.jpg",1200,1156,false],"woocommerce_thumbnail":["https:\/\/rms-enlinea.com.ar\/wp-content\/uploads\/2025\/06\/D_831885-MLA45104135514_032021-F-450x450.jpg",450,450,true],"woocommerce_single":["https:\/\/rms-enlinea.com.ar\/wp-content\/uploads\/2025\/06\/D_831885-MLA45104135514_032021-F-600x578.jpg",600,578,true],"woocommerce_gallery_thumbnail":["https:\/\/rms-enlinea.com.ar\/wp-content\/uploads\/2025\/06\/D_831885-MLA45104135514_032021-F-100x100.jpg",100,100,true]},"uagb_author_info":{"display_name":"l0071054","author_link":"https:\/\/rms-enlinea.com.ar\/tienda\/author\/"},"uagb_comment_info":0,"uagb_excerpt":"PRESI\u00d3N DE AIRE M\u00c1XIMA 150PSIFLUJO DE AIRE M\u00c1XIMO 35 LITROS POR MINUTOLARGO DE LA MANGUERA: 1 METROLONGITUD DEL CABLE DE CORRIENTE 3 METROSVOLTAJE DE FUNCIONAMIENTO 12VAMPERAJE M\u00c1XIMO: 15APOTENCIA: 180WINCLUYE BOLSA PARA TRANSPORTARDISE\u00d1O AVANZADO CON ESTILOF\u00c1CIL DE TRANSPORTAR, GUARDAR Y OPERARSALIDA DE AIRE CON MANGUERA Y MAN\u00d3METRO DE PRECISI\u00d3NINCLUYE ADAPTADORES PARA UN USO MAS VERS\u00c1TILUN CORRECTO&hellip;","_links":{"self":[{"href":"https:\/\/rms-enlinea.com.ar\/tienda\/wp-json\/wp\/v2\/product\/15416","targetHints":{"allow":["GET"]}}],"collection":[{"href":"https:\/\/rms-enlinea.com.ar\/tienda\/wp-json\/wp\/v2\/product"}],"about":[{"href":"https:\/\/rms-enlinea.com.ar\/tienda\/wp-json\/wp\/v2\/types\/product"}],"replies":[{"embeddable":true,"href":"https:\/\/rms-enlinea.com.ar\/tienda\/wp-json\/wp\/v2\/comments?post=15416"}],"wp:featuredmedia":[{"embeddable":true,"href":"https:\/\/rms-enlinea.com.ar\/tienda\/wp-json\/wp\/v2\/media\/15417"}],"wp:attachment":[{"href":"https:\/\/rms-enlinea.com.ar\/tienda\/wp-json\/wp\/v2\/media?parent=15416"}],"wp:term":[{"taxonomy":"product_brand","embeddable":true,"href":"https:\/\/rms-enlinea.com.ar\/tienda\/wp-json\/wp\/v2\/product_brand?post=15416"},{"taxonomy":"product_cat","embeddable":true,"href":"https:\/\/rms-enlinea.com.ar\/tienda\/wp-json\/wp\/v2\/product_cat?post=15416"},{"taxonomy":"product_tag","embeddable":true,"href":"https:\/\/rms-enlinea.com.ar\/tienda\/wp-json\/wp\/v2\/product_tag?post=15416"}],"curies":[{"name":"wp","href":"https:\/\/api.w.org\/{rel}","templated":true}]}}