{"id":15440,"date":"2025-06-12T07:05:44","date_gmt":"2025-06-12T10:05:44","guid":{"rendered":"https:\/\/rms-enlinea.com.ar\/tienda\/producto\/kit-x-2-cierre-de-embutir-rack-anvil-penn-elcom-kpenn-0099\/"},"modified":"2026-04-21T06:26:06","modified_gmt":"2026-04-21T09:26:06","slug":"kit-x-2-cierre-de-embutir-rack-anvil-penn-elcom-kpenn-0099","status":"publish","type":"product","link":"https:\/\/rms-enlinea.com.ar\/tienda\/producto\/kit-x-2-cierre-de-embutir-rack-anvil-penn-elcom-kpenn-0099\/","title":{"rendered":"Kit X 2 Cierre De Embutir Rack Anvil Penn Elcom Kpenn-0099"},"content":{"rendered":"<p>TIPO DE PRODUCTO: CIERRE DE EMBUTIR<br \/>TIPO: MARIPOSA<br \/>MATERIAL: ACERO<br \/>SUPERFICIE: GALVANIZADO<br \/>ORIFICIOS DE MONTAJE: 5MM<br \/>LLAVE: NO<br \/>OFF SET: NO<br \/>PROTECCI\u00d3N REMACHADA: NO<br \/>CON RESORTE: S\u00cd<br \/>FUNCI\u00d3N PUSH-FLAT: NO<\/p>\n","protected":false},"excerpt":{"rendered":"<p>TIPO DE PRODUCTO: CIERRE DE EMBUTIRTIPO: MARIPOSAMATERIAL: ACEROSUPERFICIE: GALVANIZADOORIFICIOS DE MONTAJE: 5MMLLAVE: NOOFF SET: NOPROTECCI\u00d3N REMACHADA: NOCON RESORTE: S\u00cdFUNCI\u00d3N PUSH-FLAT: NO<\/p>\n","protected":false},"featured_media":15441,"comment_status":"open","ping_status":"closed","template":"","meta":{"_uag_custom_page_level_css":""},"product_brand":[493],"product_cat":[39],"product_tag":[],"class_list":{"0":"post-15440","1":"product","2":"type-product","3":"status-publish","4":"has-post-thumbnail","6":"product_brand-rab","7":"product_cat-cierres","9":"first","10":"outofstock","11":"sale","12":"taxable","13":"shipping-taxable","14":"purchasable","15":"product-type-simple"},"uagb_featured_image_src":{"full":["https:\/\/rms-enlinea.com.ar\/wp-content\/uploads\/2025\/06\/D_737188-MLA49227385055_022022-F.jpg",1056,1072,false],"thumbnail":["https:\/\/rms-enlinea.com.ar\/wp-content\/uploads\/2025\/06\/D_737188-MLA49227385055_022022-F-150x150.jpg",150,150,true],"medium":["https:\/\/rms-enlinea.com.ar\/wp-content\/uploads\/2025\/06\/D_737188-MLA49227385055_022022-F-296x300.jpg",296,300,true],"medium_large":["https:\/\/rms-enlinea.com.ar\/wp-content\/uploads\/2025\/06\/D_737188-MLA49227385055_022022-F-768x780.jpg",768,780,true],"large":["https:\/\/rms-enlinea.com.ar\/wp-content\/uploads\/2025\/06\/D_737188-MLA49227385055_022022-F-1009x1024.jpg",1009,1024,true],"1536x1536":["https:\/\/rms-enlinea.com.ar\/wp-content\/uploads\/2025\/06\/D_737188-MLA49227385055_022022-F.jpg",1056,1072,false],"2048x2048":["https:\/\/rms-enlinea.com.ar\/wp-content\/uploads\/2025\/06\/D_737188-MLA49227385055_022022-F.jpg",1056,1072,false],"woocommerce_thumbnail":["https:\/\/rms-enlinea.com.ar\/wp-content\/uploads\/2025\/06\/D_737188-MLA49227385055_022022-F-450x450.jpg",450,450,true],"woocommerce_single":["https:\/\/rms-enlinea.com.ar\/wp-content\/uploads\/2025\/06\/D_737188-MLA49227385055_022022-F-600x609.jpg",600,609,true],"woocommerce_gallery_thumbnail":["https:\/\/rms-enlinea.com.ar\/wp-content\/uploads\/2025\/06\/D_737188-MLA49227385055_022022-F-100x100.jpg",100,100,true]},"uagb_author_info":{"display_name":"l0071054","author_link":"https:\/\/rms-enlinea.com.ar\/tienda\/author\/"},"uagb_comment_info":0,"uagb_excerpt":"TIPO DE PRODUCTO: CIERRE DE EMBUTIRTIPO: MARIPOSAMATERIAL: ACEROSUPERFICIE: GALVANIZADOORIFICIOS DE MONTAJE: 5MMLLAVE: NOOFF SET: NOPROTECCI\u00d3N REMACHADA: NOCON RESORTE: S\u00cdFUNCI\u00d3N PUSH-FLAT: NO","_links":{"self":[{"href":"https:\/\/rms-enlinea.com.ar\/tienda\/wp-json\/wp\/v2\/product\/15440","targetHints":{"allow":["GET"]}}],"collection":[{"href":"https:\/\/rms-enlinea.com.ar\/tienda\/wp-json\/wp\/v2\/product"}],"about":[{"href":"https:\/\/rms-enlinea.com.ar\/tienda\/wp-json\/wp\/v2\/types\/product"}],"replies":[{"embeddable":true,"href":"https:\/\/rms-enlinea.com.ar\/tienda\/wp-json\/wp\/v2\/comments?post=15440"}],"wp:featuredmedia":[{"embeddable":true,"href":"https:\/\/rms-enlinea.com.ar\/tienda\/wp-json\/wp\/v2\/media\/15441"}],"wp:attachment":[{"href":"https:\/\/rms-enlinea.com.ar\/tienda\/wp-json\/wp\/v2\/media?parent=15440"}],"wp:term":[{"taxonomy":"product_brand","embeddable":true,"href":"https:\/\/rms-enlinea.com.ar\/tienda\/wp-json\/wp\/v2\/product_brand?post=15440"},{"taxonomy":"product_cat","embeddable":true,"href":"https:\/\/rms-enlinea.com.ar\/tienda\/wp-json\/wp\/v2\/product_cat?post=15440"},{"taxonomy":"product_tag","embeddable":true,"href":"https:\/\/rms-enlinea.com.ar\/tienda\/wp-json\/wp\/v2\/product_tag?post=15440"}],"curies":[{"name":"wp","href":"https:\/\/api.w.org\/{rel}","templated":true}]}}