{"id":15496,"date":"2025-06-12T07:06:50","date_gmt":"2025-06-12T10:06:50","guid":{"rendered":"https:\/\/rms-enlinea.com.ar\/tienda\/producto\/switch-tp-link-tl-sf1024d-24-puertos-10-100-mbps-desktop\/"},"modified":"2026-04-21T04:26:20","modified_gmt":"2026-04-21T07:26:20","slug":"switch-tp-link-tl-sf1024d-24-puertos-10-100-mbps-desktop","status":"publish","type":"product","link":"https:\/\/rms-enlinea.com.ar\/tienda\/producto\/switch-tp-link-tl-sf1024d-24-puertos-10-100-mbps-desktop\/","title":{"rendered":"Switch Tp-link Tl-sf1024d 24 Puertos 10\/100 Mbps Desktop"},"content":{"rendered":"<p>Caracter\u00edsticas del Hardware <br \/>Est\u00e1ndares y Protocolos\tIEEE 802.3i, IEEE 802.3u, IEEE 802.3x<br \/>Interface\t24 10\/100Mbps RJ45 Ports (Auto Negotiation\/Auto MDI\/MDIX)<br \/>Medios de Red\tCable 3, 4 5, 10BASE-T: categor\u00eda UTP (m\u00e1ximo 100m)<br \/> \t100BASE-TX\/1000BASE-T: Category 5 UTP, 5e o sobre cable (m\u00e1ximo 100m)<br \/>Cantidad de Ventiladores\tSin Ventilador<br \/>Cerradura de Seguridad F\u00edsica\tSi<br \/>Fuente de Alimentaci\u00f3n\t100-240VAC, 50\/60Hz<\/p>\n","protected":false},"excerpt":{"rendered":"<p>Caracter\u00edsticas del Hardware Est\u00e1ndares y Protocolos IEEE 802.3i, IEEE 802.3u, IEEE 802.3xInterface 24 10\/100Mbps RJ45 Ports (Auto Negotiation\/Auto MDI\/MDIX)Medios de Red Cable 3, 4 5, 10BASE-T: categor\u00eda UTP (m\u00e1ximo 100m) 100BASE-TX\/1000BASE-T: Category 5 UTP, 5e o sobre cable (m\u00e1ximo 100m)Cantidad de Ventiladores Sin VentiladorCerradura de Seguridad F\u00edsica SiFuente de Alimentaci\u00f3n 100-240VAC, 50\/60Hz<\/p>\n","protected":false},"featured_media":15497,"comment_status":"open","ping_status":"closed","template":"","meta":{"_uag_custom_page_level_css":""},"product_brand":[546],"product_cat":[122],"product_tag":[],"class_list":{"0":"post-15496","1":"product","2":"type-product","3":"status-publish","4":"has-post-thumbnail","6":"product_brand-tplink","7":"product_cat-redes-y-conectividad","9":"first","10":"outofstock","11":"sale","12":"taxable","13":"shipping-taxable","14":"purchasable","15":"product-type-simple"},"uagb_featured_image_src":{"full":["https:\/\/rms-enlinea.com.ar\/wp-content\/uploads\/2025\/06\/D_827320-MLU74873954600_032024-F.jpg",1136,360,false],"thumbnail":["https:\/\/rms-enlinea.com.ar\/wp-content\/uploads\/2025\/06\/D_827320-MLU74873954600_032024-F-150x150.jpg",150,150,true],"medium":["https:\/\/rms-enlinea.com.ar\/wp-content\/uploads\/2025\/06\/D_827320-MLU74873954600_032024-F-300x95.jpg",300,95,true],"medium_large":["https:\/\/rms-enlinea.com.ar\/wp-content\/uploads\/2025\/06\/D_827320-MLU74873954600_032024-F-768x243.jpg",768,243,true],"large":["https:\/\/rms-enlinea.com.ar\/wp-content\/uploads\/2025\/06\/D_827320-MLU74873954600_032024-F-1024x325.jpg",1024,325,true],"1536x1536":["https:\/\/rms-enlinea.com.ar\/wp-content\/uploads\/2025\/06\/D_827320-MLU74873954600_032024-F.jpg",1136,360,false],"2048x2048":["https:\/\/rms-enlinea.com.ar\/wp-content\/uploads\/2025\/06\/D_827320-MLU74873954600_032024-F.jpg",1136,360,false],"woocommerce_thumbnail":["https:\/\/rms-enlinea.com.ar\/wp-content\/uploads\/2025\/06\/D_827320-MLU74873954600_032024-F-450x360.jpg",450,360,true],"woocommerce_single":["https:\/\/rms-enlinea.com.ar\/wp-content\/uploads\/2025\/06\/D_827320-MLU74873954600_032024-F-600x190.jpg",600,190,true],"woocommerce_gallery_thumbnail":["https:\/\/rms-enlinea.com.ar\/wp-content\/uploads\/2025\/06\/D_827320-MLU74873954600_032024-F-100x100.jpg",100,100,true]},"uagb_author_info":{"display_name":"l0071054","author_link":"https:\/\/rms-enlinea.com.ar\/tienda\/author\/"},"uagb_comment_info":0,"uagb_excerpt":"Caracter\u00edsticas del Hardware Est\u00e1ndares y Protocolos IEEE 802.3i, IEEE 802.3u, IEEE 802.3xInterface 24 10\/100Mbps RJ45 Ports (Auto Negotiation\/Auto MDI\/MDIX)Medios de Red Cable 3, 4 5, 10BASE-T: categor\u00eda UTP (m\u00e1ximo 100m) 100BASE-TX\/1000BASE-T: Category 5 UTP, 5e o sobre cable (m\u00e1ximo 100m)Cantidad de Ventiladores Sin VentiladorCerradura de Seguridad F\u00edsica SiFuente de Alimentaci\u00f3n 100-240VAC, 50\/60Hz","_links":{"self":[{"href":"https:\/\/rms-enlinea.com.ar\/tienda\/wp-json\/wp\/v2\/product\/15496","targetHints":{"allow":["GET"]}}],"collection":[{"href":"https:\/\/rms-enlinea.com.ar\/tienda\/wp-json\/wp\/v2\/product"}],"about":[{"href":"https:\/\/rms-enlinea.com.ar\/tienda\/wp-json\/wp\/v2\/types\/product"}],"replies":[{"embeddable":true,"href":"https:\/\/rms-enlinea.com.ar\/tienda\/wp-json\/wp\/v2\/comments?post=15496"}],"wp:featuredmedia":[{"embeddable":true,"href":"https:\/\/rms-enlinea.com.ar\/tienda\/wp-json\/wp\/v2\/media\/15497"}],"wp:attachment":[{"href":"https:\/\/rms-enlinea.com.ar\/tienda\/wp-json\/wp\/v2\/media?parent=15496"}],"wp:term":[{"taxonomy":"product_brand","embeddable":true,"href":"https:\/\/rms-enlinea.com.ar\/tienda\/wp-json\/wp\/v2\/product_brand?post=15496"},{"taxonomy":"product_cat","embeddable":true,"href":"https:\/\/rms-enlinea.com.ar\/tienda\/wp-json\/wp\/v2\/product_cat?post=15496"},{"taxonomy":"product_tag","embeddable":true,"href":"https:\/\/rms-enlinea.com.ar\/tienda\/wp-json\/wp\/v2\/product_tag?post=15496"}],"curies":[{"name":"wp","href":"https:\/\/api.w.org\/{rel}","templated":true}]}}