{"id":15524,"date":"2025-06-12T07:07:30","date_gmt":"2025-06-12T10:07:30","guid":{"rendered":"https:\/\/rms-enlinea.com.ar\/tienda\/producto\/teclado-mecanico-logitech-g713-aurora-white-mech-rgb\/"},"modified":"2026-04-21T03:45:26","modified_gmt":"2026-04-21T06:45:26","slug":"teclado-mecanico-logitech-g713-aurora-white-mech-rgb","status":"publish","type":"product","link":"https:\/\/rms-enlinea.com.ar\/tienda\/producto\/teclado-mecanico-logitech-g713-aurora-white-mech-rgb\/","title":{"rendered":"Teclado Mecanico Logitech G713 Aurora White Mech Rgb"},"content":{"rendered":"<p>DIMENSIONES<br \/>ESPECIFICACIONES F\u00cdSICAS<br \/>Longitud: 370,6 mm<br \/>Ancho: 157 mm<br \/>Altura: 37,2 mm<br \/>Peso: 962,5 g (con cable)<br \/>87 TECLAS SIN SECCI\u00d3N NUM\u00c9RICA<br \/>Sin secci\u00f3n num\u00e9rica para ahorrar espacio<br \/>PBT DE DOBLE MOLDEADO<br \/>Duraderas teclas texturizadas<br \/>CONTROLES MULTIMEDIA<br \/>Con control giratorio de volumen<br \/>ESPECIFICACIONES T\u00c9CNICAS<br \/>Teclado con 87 teclas y sin secci\u00f3n num\u00e9rica (TKL)<br \/>Interruptores mec\u00e1nicos RGB con iluminaci\u00f3n individual<br \/>Teclas de PBT de doble moldeado<br \/>Iluminaci\u00f3n de per\u00edmetro con 16 LED bajo la placa<br \/>Controles multimedia incluido control giratorio de volumen<br \/>Control de brillo<br \/>Cable extra\u00edble<\/p>\n","protected":false},"excerpt":{"rendered":"<p>DIMENSIONESESPECIFICACIONES F\u00cdSICASLongitud: 370,6 mmAncho: 157 mmAltura: 37,2 mmPeso: 962,5 g (con cable)87 TECLAS SIN SECCI\u00d3N NUM\u00c9RICASin secci\u00f3n num\u00e9rica para ahorrar espacioPBT DE DOBLE MOLDEADODuraderas teclas texturizadasCONTROLES MULTIMEDIACon control giratorio de volumenESPECIFICACIONES T\u00c9CNICASTeclado con 87 teclas y sin secci\u00f3n num\u00e9rica (TKL)Interruptores mec\u00e1nicos RGB con iluminaci\u00f3n individualTeclas de PBT de doble moldeadoIluminaci\u00f3n de per\u00edmetro con 16 LED [&hellip;]<\/p>\n","protected":false},"featured_media":15525,"comment_status":"open","ping_status":"closed","template":"","meta":{"_uag_custom_page_level_css":""},"product_brand":[549],"product_cat":[125],"product_tag":[],"class_list":{"0":"post-15524","1":"product","2":"type-product","3":"status-publish","4":"has-post-thumbnail","6":"product_brand-logitech","7":"product_cat-teclados-y-mouses","9":"first","10":"outofstock","11":"sale","12":"taxable","13":"shipping-taxable","14":"purchasable","15":"product-type-simple"},"uagb_featured_image_src":{"full":["https:\/\/rms-enlinea.com.ar\/wp-content\/uploads\/2025\/06\/D_622863-MLA76577308705_052024-F.jpg",671,480,false],"thumbnail":["https:\/\/rms-enlinea.com.ar\/wp-content\/uploads\/2025\/06\/D_622863-MLA76577308705_052024-F-150x150.jpg",150,150,true],"medium":["https:\/\/rms-enlinea.com.ar\/wp-content\/uploads\/2025\/06\/D_622863-MLA76577308705_052024-F-300x215.jpg",300,215,true],"medium_large":["https:\/\/rms-enlinea.com.ar\/wp-content\/uploads\/2025\/06\/D_622863-MLA76577308705_052024-F.jpg",671,480,false],"large":["https:\/\/rms-enlinea.com.ar\/wp-content\/uploads\/2025\/06\/D_622863-MLA76577308705_052024-F.jpg",671,480,false],"1536x1536":["https:\/\/rms-enlinea.com.ar\/wp-content\/uploads\/2025\/06\/D_622863-MLA76577308705_052024-F.jpg",671,480,false],"2048x2048":["https:\/\/rms-enlinea.com.ar\/wp-content\/uploads\/2025\/06\/D_622863-MLA76577308705_052024-F.jpg",671,480,false],"woocommerce_thumbnail":["https:\/\/rms-enlinea.com.ar\/wp-content\/uploads\/2025\/06\/D_622863-MLA76577308705_052024-F-450x450.jpg",450,450,true],"woocommerce_single":["https:\/\/rms-enlinea.com.ar\/wp-content\/uploads\/2025\/06\/D_622863-MLA76577308705_052024-F-600x429.jpg",600,429,true],"woocommerce_gallery_thumbnail":["https:\/\/rms-enlinea.com.ar\/wp-content\/uploads\/2025\/06\/D_622863-MLA76577308705_052024-F-100x100.jpg",100,100,true]},"uagb_author_info":{"display_name":"l0071054","author_link":"https:\/\/rms-enlinea.com.ar\/tienda\/author\/"},"uagb_comment_info":0,"uagb_excerpt":"DIMENSIONESESPECIFICACIONES F\u00cdSICASLongitud: 370,6 mmAncho: 157 mmAltura: 37,2 mmPeso: 962,5 g (con cable)87 TECLAS SIN SECCI\u00d3N NUM\u00c9RICASin secci\u00f3n num\u00e9rica para ahorrar espacioPBT DE DOBLE MOLDEADODuraderas teclas texturizadasCONTROLES MULTIMEDIACon control giratorio de volumenESPECIFICACIONES T\u00c9CNICASTeclado con 87 teclas y sin secci\u00f3n num\u00e9rica (TKL)Interruptores mec\u00e1nicos RGB con iluminaci\u00f3n individualTeclas de PBT de doble moldeadoIluminaci\u00f3n de per\u00edmetro con 16 LED&hellip;","_links":{"self":[{"href":"https:\/\/rms-enlinea.com.ar\/tienda\/wp-json\/wp\/v2\/product\/15524","targetHints":{"allow":["GET"]}}],"collection":[{"href":"https:\/\/rms-enlinea.com.ar\/tienda\/wp-json\/wp\/v2\/product"}],"about":[{"href":"https:\/\/rms-enlinea.com.ar\/tienda\/wp-json\/wp\/v2\/types\/product"}],"replies":[{"embeddable":true,"href":"https:\/\/rms-enlinea.com.ar\/tienda\/wp-json\/wp\/v2\/comments?post=15524"}],"wp:featuredmedia":[{"embeddable":true,"href":"https:\/\/rms-enlinea.com.ar\/tienda\/wp-json\/wp\/v2\/media\/15525"}],"wp:attachment":[{"href":"https:\/\/rms-enlinea.com.ar\/tienda\/wp-json\/wp\/v2\/media?parent=15524"}],"wp:term":[{"taxonomy":"product_brand","embeddable":true,"href":"https:\/\/rms-enlinea.com.ar\/tienda\/wp-json\/wp\/v2\/product_brand?post=15524"},{"taxonomy":"product_cat","embeddable":true,"href":"https:\/\/rms-enlinea.com.ar\/tienda\/wp-json\/wp\/v2\/product_cat?post=15524"},{"taxonomy":"product_tag","embeddable":true,"href":"https:\/\/rms-enlinea.com.ar\/tienda\/wp-json\/wp\/v2\/product_tag?post=15524"}],"curies":[{"name":"wp","href":"https:\/\/api.w.org\/{rel}","templated":true}]}}