{"id":15585,"date":"2025-06-12T07:08:50","date_gmt":"2025-06-12T10:08:50","guid":{"rendered":"https:\/\/rms-enlinea.com.ar\/tienda\/producto\/kit-teclado-y-mouse-inalambrico-genius-km-8216s\/"},"modified":"2026-04-21T07:06:09","modified_gmt":"2026-04-21T10:06:09","slug":"kit-teclado-y-mouse-inalambrico-genius-km-8216s","status":"publish","type":"product","link":"https:\/\/rms-enlinea.com.ar\/tienda\/producto\/kit-teclado-y-mouse-inalambrico-genius-km-8216s\/","title":{"rendered":"Kit Teclado Y Mouse Inalambrico Genius Km-8216s"},"content":{"rendered":"<p>DPI<\/p>\n<p>de hasta 1600 DPI<br \/>Peso<\/p>\n<p>459 g<br \/>Teclas multimedia<\/p>\n<p>s\u00ed<br \/>Luz de fondo<\/p>\n<p>no<br \/>Dimensiones<\/p>\n<p>430 \u00d7 127,5 \u00d7 21,5 mm<br \/>asistente de IA<\/p>\n<p>Microsoft Copilot en Windows 11<br \/>Interfaz<\/p>\n<p>2,4 GHz (adaptador USB)<br \/>sensor del mouse<\/p>\n<p>\u00f3ptico<\/p>\n","protected":false},"excerpt":{"rendered":"<p>DPI de hasta 1600 DPIPeso 459 gTeclas multimedia s\u00edLuz de fondo noDimensiones 430 \u00d7 127,5 \u00d7 21,5 mmasistente de IA Microsoft Copilot en Windows 11Interfaz 2,4 GHz (adaptador USB)sensor del mouse \u00f3ptico<\/p>\n","protected":false},"featured_media":15586,"comment_status":"open","ping_status":"closed","template":"","meta":{"_uag_custom_page_level_css":""},"product_brand":[550],"product_cat":[125],"product_tag":[],"class_list":{"0":"post-15585","1":"product","2":"type-product","3":"status-publish","4":"has-post-thumbnail","6":"product_brand-genius","7":"product_cat-teclados-y-mouses","9":"first","10":"outofstock","11":"sale","12":"taxable","13":"shipping-taxable","14":"purchasable","15":"product-type-simple"},"uagb_featured_image_src":{"full":["https:\/\/rms-enlinea.com.ar\/wp-content\/uploads\/2025\/06\/D_951390-MLA80739453694_112024-F.jpg",1200,683,false],"thumbnail":["https:\/\/rms-enlinea.com.ar\/wp-content\/uploads\/2025\/06\/D_951390-MLA80739453694_112024-F-150x150.jpg",150,150,true],"medium":["https:\/\/rms-enlinea.com.ar\/wp-content\/uploads\/2025\/06\/D_951390-MLA80739453694_112024-F-300x171.jpg",300,171,true],"medium_large":["https:\/\/rms-enlinea.com.ar\/wp-content\/uploads\/2025\/06\/D_951390-MLA80739453694_112024-F-768x437.jpg",768,437,true],"large":["https:\/\/rms-enlinea.com.ar\/wp-content\/uploads\/2025\/06\/D_951390-MLA80739453694_112024-F-1024x583.jpg",1024,583,true],"1536x1536":["https:\/\/rms-enlinea.com.ar\/wp-content\/uploads\/2025\/06\/D_951390-MLA80739453694_112024-F.jpg",1200,683,false],"2048x2048":["https:\/\/rms-enlinea.com.ar\/wp-content\/uploads\/2025\/06\/D_951390-MLA80739453694_112024-F.jpg",1200,683,false],"woocommerce_thumbnail":["https:\/\/rms-enlinea.com.ar\/wp-content\/uploads\/2025\/06\/D_951390-MLA80739453694_112024-F-450x450.jpg",450,450,true],"woocommerce_single":["https:\/\/rms-enlinea.com.ar\/wp-content\/uploads\/2025\/06\/D_951390-MLA80739453694_112024-F-600x342.jpg",600,342,true],"woocommerce_gallery_thumbnail":["https:\/\/rms-enlinea.com.ar\/wp-content\/uploads\/2025\/06\/D_951390-MLA80739453694_112024-F-100x100.jpg",100,100,true]},"uagb_author_info":{"display_name":"l0071054","author_link":"https:\/\/rms-enlinea.com.ar\/tienda\/author\/"},"uagb_comment_info":0,"uagb_excerpt":"DPI de hasta 1600 DPIPeso 459 gTeclas multimedia s\u00edLuz de fondo noDimensiones 430 \u00d7 127,5 \u00d7 21,5 mmasistente de IA Microsoft Copilot en Windows 11Interfaz 2,4 GHz (adaptador USB)sensor del mouse \u00f3ptico","_links":{"self":[{"href":"https:\/\/rms-enlinea.com.ar\/tienda\/wp-json\/wp\/v2\/product\/15585","targetHints":{"allow":["GET"]}}],"collection":[{"href":"https:\/\/rms-enlinea.com.ar\/tienda\/wp-json\/wp\/v2\/product"}],"about":[{"href":"https:\/\/rms-enlinea.com.ar\/tienda\/wp-json\/wp\/v2\/types\/product"}],"replies":[{"embeddable":true,"href":"https:\/\/rms-enlinea.com.ar\/tienda\/wp-json\/wp\/v2\/comments?post=15585"}],"wp:featuredmedia":[{"embeddable":true,"href":"https:\/\/rms-enlinea.com.ar\/tienda\/wp-json\/wp\/v2\/media\/15586"}],"wp:attachment":[{"href":"https:\/\/rms-enlinea.com.ar\/tienda\/wp-json\/wp\/v2\/media?parent=15585"}],"wp:term":[{"taxonomy":"product_brand","embeddable":true,"href":"https:\/\/rms-enlinea.com.ar\/tienda\/wp-json\/wp\/v2\/product_brand?post=15585"},{"taxonomy":"product_cat","embeddable":true,"href":"https:\/\/rms-enlinea.com.ar\/tienda\/wp-json\/wp\/v2\/product_cat?post=15585"},{"taxonomy":"product_tag","embeddable":true,"href":"https:\/\/rms-enlinea.com.ar\/tienda\/wp-json\/wp\/v2\/product_tag?post=15585"}],"curies":[{"name":"wp","href":"https:\/\/api.w.org\/{rel}","templated":true}]}}