{"id":15616,"date":"2025-06-12T07:09:25","date_gmt":"2025-06-12T10:09:25","guid":{"rendered":"https:\/\/rms-enlinea.com.ar\/tienda\/producto\/mouse-inalambrico-logitech-mx-anywhere-3s-grey\/"},"modified":"2026-04-06T13:12:12","modified_gmt":"2026-04-06T16:12:12","slug":"mouse-inalambrico-logitech-mx-anywhere-3s-grey","status":"publish","type":"product","link":"https:\/\/rms-enlinea.com.ar\/tienda\/producto\/mouse-inalambrico-logitech-mx-anywhere-3s-grey\/","title":{"rendered":"Mouse Inalambrico Logitech Mx Anywhere 3s Grey"},"content":{"rendered":"<p>Dimensiones<br \/>Altura: 100,5 mm<br \/>Ancho: 65 mm<br \/>Profundidad: 34,4 mm<br \/>Peso: 99 g<br \/>Especificaciones t\u00e9cnicas<br \/>Tecnolog\u00eda de sensor<\/p>\n<p>Alta precisi\u00f3n Darkfield<br \/>Valor nominal: 1000 dpi<br \/>dpi (valores m\u00ednimo y m\u00e1ximo): 200 dpi a 8000 dpi (ajustable en incrementos de 50 dpi)<br \/>Botones<\/p>\n<p>6 botones (click izquierdo\/derecho, retroceso\/avance, cambio de modo de bot\u00f3n rueda, click con el bot\u00f3n central)<br \/>Rueda de desplazamiento: s\u00ed, con cambio autom\u00e1tico<br \/>Desplazamiento horizontal: s\u00ed, manteniendo presionado el bot\u00f3n lateral mientras se gira el bot\u00f3n rueda<br \/>Bater\u00edas<\/p>\n<p>Bater\u00eda recargable Li-Po (500 mAh)<br \/>Sostenibilidad<br \/>Pl\u00e1stico en grafito: 78% de material reciclado posconsumo 2Excluye pl\u00e1stico del conjunto de cableado impreso (PWA), receptor, cable, cableado FCC y empacado.<br \/>Pl\u00e1sticos gris p\u00e1lido \/ rosa: 61% de material reciclado posconsumo 3Excluye pl\u00e1stico del conjunto de cableado impreso (PWA), receptor, cable, cableado FCC y empacado.<br \/>Empacado de papel: Certificaci\u00f3n para FSC\u2122<br \/>Con certificaci\u00f3n de carbono neutral<\/p>\n","protected":false},"excerpt":{"rendered":"<p>DimensionesAltura: 100,5 mmAncho: 65 mmProfundidad: 34,4 mmPeso: 99 gEspecificaciones t\u00e9cnicasTecnolog\u00eda de sensor Alta precisi\u00f3n DarkfieldValor nominal: 1000 dpidpi (valores m\u00ednimo y m\u00e1ximo): 200 dpi a 8000 dpi (ajustable en incrementos de 50 dpi)Botones 6 botones (click izquierdo\/derecho, retroceso\/avance, cambio de modo de bot\u00f3n rueda, click con el bot\u00f3n central)Rueda de desplazamiento: s\u00ed, con cambio autom\u00e1ticoDesplazamiento [&hellip;]<\/p>\n","protected":false},"featured_media":15617,"comment_status":"open","ping_status":"closed","template":"","meta":{"_uag_custom_page_level_css":""},"product_brand":[549],"product_cat":[125],"product_tag":[],"class_list":{"0":"post-15616","1":"product","2":"type-product","3":"status-publish","4":"has-post-thumbnail","6":"product_brand-logitech","7":"product_cat-teclados-y-mouses","9":"first","10":"outofstock","11":"sale","12":"taxable","13":"shipping-taxable","14":"purchasable","15":"product-type-simple"},"uagb_featured_image_src":{"full":["https:\/\/rms-enlinea.com.ar\/wp-content\/uploads\/2025\/06\/D_894230-MLA80708324632_112024-F.jpg",304,474,false],"thumbnail":["https:\/\/rms-enlinea.com.ar\/wp-content\/uploads\/2025\/06\/D_894230-MLA80708324632_112024-F-150x150.jpg",150,150,true],"medium":["https:\/\/rms-enlinea.com.ar\/wp-content\/uploads\/2025\/06\/D_894230-MLA80708324632_112024-F-192x300.jpg",192,300,true],"medium_large":["https:\/\/rms-enlinea.com.ar\/wp-content\/uploads\/2025\/06\/D_894230-MLA80708324632_112024-F.jpg",304,474,false],"large":["https:\/\/rms-enlinea.com.ar\/wp-content\/uploads\/2025\/06\/D_894230-MLA80708324632_112024-F.jpg",304,474,false],"1536x1536":["https:\/\/rms-enlinea.com.ar\/wp-content\/uploads\/2025\/06\/D_894230-MLA80708324632_112024-F.jpg",304,474,false],"2048x2048":["https:\/\/rms-enlinea.com.ar\/wp-content\/uploads\/2025\/06\/D_894230-MLA80708324632_112024-F.jpg",304,474,false],"woocommerce_thumbnail":["https:\/\/rms-enlinea.com.ar\/wp-content\/uploads\/2025\/06\/D_894230-MLA80708324632_112024-F-304x450.jpg",304,450,true],"woocommerce_single":["https:\/\/rms-enlinea.com.ar\/wp-content\/uploads\/2025\/06\/D_894230-MLA80708324632_112024-F.jpg",304,474,false],"woocommerce_gallery_thumbnail":["https:\/\/rms-enlinea.com.ar\/wp-content\/uploads\/2025\/06\/D_894230-MLA80708324632_112024-F-100x100.jpg",100,100,true]},"uagb_author_info":{"display_name":"l0071054","author_link":"https:\/\/rms-enlinea.com.ar\/tienda\/author\/"},"uagb_comment_info":0,"uagb_excerpt":"DimensionesAltura: 100,5 mmAncho: 65 mmProfundidad: 34,4 mmPeso: 99 gEspecificaciones t\u00e9cnicasTecnolog\u00eda de sensor Alta precisi\u00f3n DarkfieldValor nominal: 1000 dpidpi (valores m\u00ednimo y m\u00e1ximo): 200 dpi a 8000 dpi (ajustable en incrementos de 50 dpi)Botones 6 botones (click izquierdo\/derecho, retroceso\/avance, cambio de modo de bot\u00f3n rueda, click con el bot\u00f3n central)Rueda de desplazamiento: s\u00ed, con cambio autom\u00e1ticoDesplazamiento&hellip;","_links":{"self":[{"href":"https:\/\/rms-enlinea.com.ar\/tienda\/wp-json\/wp\/v2\/product\/15616","targetHints":{"allow":["GET"]}}],"collection":[{"href":"https:\/\/rms-enlinea.com.ar\/tienda\/wp-json\/wp\/v2\/product"}],"about":[{"href":"https:\/\/rms-enlinea.com.ar\/tienda\/wp-json\/wp\/v2\/types\/product"}],"replies":[{"embeddable":true,"href":"https:\/\/rms-enlinea.com.ar\/tienda\/wp-json\/wp\/v2\/comments?post=15616"}],"wp:featuredmedia":[{"embeddable":true,"href":"https:\/\/rms-enlinea.com.ar\/tienda\/wp-json\/wp\/v2\/media\/15617"}],"wp:attachment":[{"href":"https:\/\/rms-enlinea.com.ar\/tienda\/wp-json\/wp\/v2\/media?parent=15616"}],"wp:term":[{"taxonomy":"product_brand","embeddable":true,"href":"https:\/\/rms-enlinea.com.ar\/tienda\/wp-json\/wp\/v2\/product_brand?post=15616"},{"taxonomy":"product_cat","embeddable":true,"href":"https:\/\/rms-enlinea.com.ar\/tienda\/wp-json\/wp\/v2\/product_cat?post=15616"},{"taxonomy":"product_tag","embeddable":true,"href":"https:\/\/rms-enlinea.com.ar\/tienda\/wp-json\/wp\/v2\/product_tag?post=15616"}],"curies":[{"name":"wp","href":"https:\/\/api.w.org\/{rel}","templated":true}]}}