{"id":15749,"date":"2025-06-12T07:12:24","date_gmt":"2025-06-12T10:12:24","guid":{"rendered":"https:\/\/rms-enlinea.com.ar\/tienda\/producto\/microfono-profesional-condenser-vocal-estudio-akg-p220\/"},"modified":"2026-04-02T16:39:44","modified_gmt":"2026-04-02T19:39:44","slug":"microfono-profesional-condenser-vocal-estudio-akg-p220","status":"publish","type":"product","link":"https:\/\/rms-enlinea.com.ar\/tienda\/producto\/microfono-profesional-condenser-vocal-estudio-akg-p220\/","title":{"rendered":"Microfono Profesional Condenser Vocal Estudio Akg P220"},"content":{"rendered":"<p>AKG se ha establecido como una de las empresas de micr\u00f3fonos m\u00e1s importantes gracias a la versatilidad, din\u00e1mica y calidad de sus productos. Apuesta por un dise\u00f1o industrial de vanguardia, electr\u00f3nica innovadora y ac\u00fastica de clase mundial. Con una impresionante selecci\u00f3n para elegir, con AKG encontrar\u00e1s el micr\u00f3fono perfecto.<\/p>\n<p>Fiel reflejo de la realidad<br \/>Con este producto lograr\u00e1s que la reproducci\u00f3n obtenida sea lo m\u00e1s parecida a la original. Excelente para grabar voces debido a su sensibilidad y amplio rango de frecuencia. <\/p>\n<p>Un formato a tu medida<br \/>Al ser condensador, posibilitar\u00e1 un resultado claro y fino. Es ideal para percusiones, guitarras, pianos, entre otros. Por su respuesta tan definida ante la voz, es el m\u00e1s elegido por los profesionales. <\/p>\n<p>Dise\u00f1o eficaz<br \/>Su patr\u00f3n polar cardioide ofrece una mayor sensibilidad hacia los sonidos frontales, y as\u00ed evita los ruidos provenientes de la parte posterior. <\/p>\n<p>AKG PROJECT STUDIO P220 \u2013 MICR\u00d3FONO DE CONDENSADOR CARDIOIDE DE DIAFRAGMA GRANDE<\/p>\n<p>PARA UNA VARIEDAD DE APLICACIONES DE MICROFON\u00cdA QUE INCLUYEN VOZ PRINCIPAL, GUITARRA AC\u00daSTICA E INSTRUMENTOS DE VIENTO METAL, EL MICR\u00d3FONO DE CONDENSADOR CARDIOIDE DE DIAFRAGMA GRANDE PROJECT STUDIO P220 NEGRO DE AKG PRESENTA UNA C\u00c1PSULA DE CONDENSADOR REAL DE 1 \u201cCON UN PATR\u00d3N POLAR CARDIOIDE. EL PATR\u00d3N CARDOIDE AYUDA A ENFOCAR LA CAPTURA DE AUDIO FRENTE A LA C\u00c1PSULA, LO QUE REDUCE EL SONIDO AMBIENTAL NO DESEADO DE LOS OTROS LADOS Y LA PARTE POSTERIOR. UN FILTRO DE CORTE BAJO A 300 HZ LE PERMITE CORTAR LOS GRAVES NO DESEADOS DE SUS FUENTES, MIENTRAS QUE SU PAD SELECCIONABLE DE -20 DB PERMITE QUE EL MICR\u00d3FONO MANEJE LOS SPL A 155 DB, LO QUE PERMITE COLOCARLO FRENTE A UNA VARIEDAD DE FUENTES. SE INCLUYEN UN SOPORTE DE SUSPENSI\u00d3N TIPO ARA\u00d1A Y UN MALET\u00cdN DE TRANSPORTE DE ALUMINIO.<\/p>\n<p>C\u00c1PSULA DE CONDENSADOR DE 1 \u201d<br \/>PATR\u00d3N POLAR CARDIOIDE<br \/>-20 DB PAD<br \/>FILTRO DE CORTE BAJO A 300 HZ<br \/>155 DB SPL M\u00c1XIMO<br \/>CUERPO TOTALMENTE MET\u00c1LICO<br \/>ARA\u00d1A SHOCKMOUNT<br \/>MALET\u00cdN DE TRANSPORTE DE ALUMINIO<\/p>\n","protected":false},"excerpt":{"rendered":"<p>AKG se ha establecido como una de las empresas de micr\u00f3fonos m\u00e1s importantes gracias a la versatilidad, din\u00e1mica y calidad de sus productos. Apuesta por un dise\u00f1o industrial de vanguardia, electr\u00f3nica innovadora y ac\u00fastica de clase mundial. Con una impresionante selecci\u00f3n para elegir, con AKG encontrar\u00e1s el micr\u00f3fono perfecto. Fiel reflejo de la realidadCon este [&hellip;]<\/p>\n","protected":false},"featured_media":15750,"comment_status":"open","ping_status":"closed","template":"","meta":{"_uag_custom_page_level_css":""},"product_brand":[517],"product_cat":[75],"product_tag":[],"class_list":{"0":"post-15749","1":"product","2":"type-product","3":"status-publish","4":"has-post-thumbnail","6":"product_brand-akg","7":"product_cat-microfonos","9":"first","10":"outofstock","11":"sale","12":"taxable","13":"shipping-taxable","14":"purchasable","15":"product-type-simple"},"uagb_featured_image_src":{"full":["https:\/\/rms-enlinea.com.ar\/wp-content\/uploads\/2025\/06\/D_823951-MLA74782663925_022024-F.jpg",387,1200,false],"thumbnail":["https:\/\/rms-enlinea.com.ar\/wp-content\/uploads\/2025\/06\/D_823951-MLA74782663925_022024-F-150x150.jpg",150,150,true],"medium":["https:\/\/rms-enlinea.com.ar\/wp-content\/uploads\/2025\/06\/D_823951-MLA74782663925_022024-F-97x300.jpg",97,300,true],"medium_large":["https:\/\/rms-enlinea.com.ar\/wp-content\/uploads\/2025\/06\/D_823951-MLA74782663925_022024-F.jpg",387,1200,false],"large":["https:\/\/rms-enlinea.com.ar\/wp-content\/uploads\/2025\/06\/D_823951-MLA74782663925_022024-F-330x1024.jpg",330,1024,true],"1536x1536":["https:\/\/rms-enlinea.com.ar\/wp-content\/uploads\/2025\/06\/D_823951-MLA74782663925_022024-F.jpg",387,1200,false],"2048x2048":["https:\/\/rms-enlinea.com.ar\/wp-content\/uploads\/2025\/06\/D_823951-MLA74782663925_022024-F.jpg",387,1200,false],"woocommerce_thumbnail":["https:\/\/rms-enlinea.com.ar\/wp-content\/uploads\/2025\/06\/D_823951-MLA74782663925_022024-F-387x450.jpg",387,450,true],"woocommerce_single":["https:\/\/rms-enlinea.com.ar\/wp-content\/uploads\/2025\/06\/D_823951-MLA74782663925_022024-F.jpg",387,1200,false],"woocommerce_gallery_thumbnail":["https:\/\/rms-enlinea.com.ar\/wp-content\/uploads\/2025\/06\/D_823951-MLA74782663925_022024-F-100x100.jpg",100,100,true]},"uagb_author_info":{"display_name":"l0071054","author_link":"https:\/\/rms-enlinea.com.ar\/tienda\/author\/"},"uagb_comment_info":0,"uagb_excerpt":"AKG se ha establecido como una de las empresas de micr\u00f3fonos m\u00e1s importantes gracias a la versatilidad, din\u00e1mica y calidad de sus productos. Apuesta por un dise\u00f1o industrial de vanguardia, electr\u00f3nica innovadora y ac\u00fastica de clase mundial. Con una impresionante selecci\u00f3n para elegir, con AKG encontrar\u00e1s el micr\u00f3fono perfecto. Fiel reflejo de la realidadCon este&hellip;","_links":{"self":[{"href":"https:\/\/rms-enlinea.com.ar\/tienda\/wp-json\/wp\/v2\/product\/15749","targetHints":{"allow":["GET"]}}],"collection":[{"href":"https:\/\/rms-enlinea.com.ar\/tienda\/wp-json\/wp\/v2\/product"}],"about":[{"href":"https:\/\/rms-enlinea.com.ar\/tienda\/wp-json\/wp\/v2\/types\/product"}],"replies":[{"embeddable":true,"href":"https:\/\/rms-enlinea.com.ar\/tienda\/wp-json\/wp\/v2\/comments?post=15749"}],"wp:featuredmedia":[{"embeddable":true,"href":"https:\/\/rms-enlinea.com.ar\/tienda\/wp-json\/wp\/v2\/media\/15750"}],"wp:attachment":[{"href":"https:\/\/rms-enlinea.com.ar\/tienda\/wp-json\/wp\/v2\/media?parent=15749"}],"wp:term":[{"taxonomy":"product_brand","embeddable":true,"href":"https:\/\/rms-enlinea.com.ar\/tienda\/wp-json\/wp\/v2\/product_brand?post=15749"},{"taxonomy":"product_cat","embeddable":true,"href":"https:\/\/rms-enlinea.com.ar\/tienda\/wp-json\/wp\/v2\/product_cat?post=15749"},{"taxonomy":"product_tag","embeddable":true,"href":"https:\/\/rms-enlinea.com.ar\/tienda\/wp-json\/wp\/v2\/product_tag?post=15749"}],"curies":[{"name":"wp","href":"https:\/\/api.w.org\/{rel}","templated":true}]}}