{"id":15802,"date":"2025-06-12T07:13:30","date_gmt":"2025-06-12T10:13:30","guid":{"rendered":"https:\/\/rms-enlinea.com.ar\/tienda\/producto\/microfono-de-mano-vocal-dinamico-600ohms-tecshow-tdm-58\/"},"modified":"2026-03-31T18:12:11","modified_gmt":"2026-03-31T21:12:11","slug":"microfono-de-mano-vocal-dinamico-600ohms-tecshow-tdm-58","status":"publish","type":"product","link":"https:\/\/rms-enlinea.com.ar\/tienda\/producto\/microfono-de-mano-vocal-dinamico-600ohms-tecshow-tdm-58\/","title":{"rendered":"Microfono De Mano Vocal Dinamico 600ohms Tecshow Tdm-58"},"content":{"rendered":"<p>MICR\u00d3FONO DIN\u00c1MICO PROFESIONAL<br \/>TDM-58 ES UN MIRC\u00d3FONO VOCAL UNIDIRECCIONAL DE ALTO RENDIMIENTO. POSEE UNA C\u00c1PSULA DIN\u00c1MICA CARDIOIDE CON UNA RESPUESTA DE FRECUENCIA DE 50HZ ~ 14KHZ. SU PATR\u00d3N POLAR CARDIOIDE OFRECE UNA MAYOR SENSIBILIDAD HACIA LOS SONIDOS FRONTALES. TDM-58 EST\u00c1 DISE\u00d1ADO PARA AMORTIGUAR LOS GOLPES Y RUIDOS DE MANIPULACI\u00d3N. SU DINAMISMO LO HACE IDEAL PARA VOCALISTAS E INSTRUMENTOS. RESULTA LIVIANO Y SE ADAPTA A TODO TIPO DE PIES O SOPORTES.<br \/>FICHA TECNICA<br \/>ESPECIFICACIONES<br \/>TIPO DE TRANSDUCTOR: DIN\u00c1MICO<br \/>PATR\u00d3N POLAR: CARDIOIDE<br \/>RESPUESTA EN FRECUENCIA: 50 HZ ~ 14 KHZ<br \/>IMPEDANCIA: 600 OHMS \u00b130%<br \/>SENSIBILIDAD (1 KHZ): -74DB (\u00b13DB)<br \/>MATERIAL: METAL (ALEACI\u00d3N DE ZINC)<\/p>\n","protected":false},"excerpt":{"rendered":"<p>MICR\u00d3FONO DIN\u00c1MICO PROFESIONALTDM-58 ES UN MIRC\u00d3FONO VOCAL UNIDIRECCIONAL DE ALTO RENDIMIENTO. POSEE UNA C\u00c1PSULA DIN\u00c1MICA CARDIOIDE CON UNA RESPUESTA DE FRECUENCIA DE 50HZ ~ 14KHZ. SU PATR\u00d3N POLAR CARDIOIDE OFRECE UNA MAYOR SENSIBILIDAD HACIA LOS SONIDOS FRONTALES. TDM-58 EST\u00c1 DISE\u00d1ADO PARA AMORTIGUAR LOS GOLPES Y RUIDOS DE MANIPULACI\u00d3N. SU DINAMISMO LO HACE IDEAL PARA VOCALISTAS [&hellip;]<\/p>\n","protected":false},"featured_media":15803,"comment_status":"open","ping_status":"closed","template":"","meta":{"_uag_custom_page_level_css":""},"product_brand":[],"product_cat":[75],"product_tag":[],"class_list":{"0":"post-15802","1":"product","2":"type-product","3":"status-publish","4":"has-post-thumbnail","6":"product_cat-microfonos","8":"first","9":"outofstock","10":"sale","11":"taxable","12":"shipping-taxable","13":"purchasable","14":"product-type-simple"},"uagb_featured_image_src":{"full":["https:\/\/rms-enlinea.com.ar\/wp-content\/uploads\/2025\/06\/D_842199-MLA49717632482_042022-F.jpg",569,1156,false],"thumbnail":["https:\/\/rms-enlinea.com.ar\/wp-content\/uploads\/2025\/06\/D_842199-MLA49717632482_042022-F-150x150.jpg",150,150,true],"medium":["https:\/\/rms-enlinea.com.ar\/wp-content\/uploads\/2025\/06\/D_842199-MLA49717632482_042022-F-148x300.jpg",148,300,true],"medium_large":["https:\/\/rms-enlinea.com.ar\/wp-content\/uploads\/2025\/06\/D_842199-MLA49717632482_042022-F.jpg",569,1156,false],"large":["https:\/\/rms-enlinea.com.ar\/wp-content\/uploads\/2025\/06\/D_842199-MLA49717632482_042022-F-504x1024.jpg",504,1024,true],"1536x1536":["https:\/\/rms-enlinea.com.ar\/wp-content\/uploads\/2025\/06\/D_842199-MLA49717632482_042022-F.jpg",569,1156,false],"2048x2048":["https:\/\/rms-enlinea.com.ar\/wp-content\/uploads\/2025\/06\/D_842199-MLA49717632482_042022-F.jpg",569,1156,false],"woocommerce_thumbnail":["https:\/\/rms-enlinea.com.ar\/wp-content\/uploads\/2025\/06\/D_842199-MLA49717632482_042022-F-450x450.jpg",450,450,true],"woocommerce_single":["https:\/\/rms-enlinea.com.ar\/wp-content\/uploads\/2025\/06\/D_842199-MLA49717632482_042022-F.jpg",569,1156,false],"woocommerce_gallery_thumbnail":["https:\/\/rms-enlinea.com.ar\/wp-content\/uploads\/2025\/06\/D_842199-MLA49717632482_042022-F-100x100.jpg",100,100,true]},"uagb_author_info":{"display_name":"l0071054","author_link":"https:\/\/rms-enlinea.com.ar\/tienda\/author\/"},"uagb_comment_info":0,"uagb_excerpt":"MICR\u00d3FONO DIN\u00c1MICO PROFESIONALTDM-58 ES UN MIRC\u00d3FONO VOCAL UNIDIRECCIONAL DE ALTO RENDIMIENTO. POSEE UNA C\u00c1PSULA DIN\u00c1MICA CARDIOIDE CON UNA RESPUESTA DE FRECUENCIA DE 50HZ ~ 14KHZ. SU PATR\u00d3N POLAR CARDIOIDE OFRECE UNA MAYOR SENSIBILIDAD HACIA LOS SONIDOS FRONTALES. TDM-58 EST\u00c1 DISE\u00d1ADO PARA AMORTIGUAR LOS GOLPES Y RUIDOS DE MANIPULACI\u00d3N. SU DINAMISMO LO HACE IDEAL PARA VOCALISTAS&hellip;","_links":{"self":[{"href":"https:\/\/rms-enlinea.com.ar\/tienda\/wp-json\/wp\/v2\/product\/15802","targetHints":{"allow":["GET"]}}],"collection":[{"href":"https:\/\/rms-enlinea.com.ar\/tienda\/wp-json\/wp\/v2\/product"}],"about":[{"href":"https:\/\/rms-enlinea.com.ar\/tienda\/wp-json\/wp\/v2\/types\/product"}],"replies":[{"embeddable":true,"href":"https:\/\/rms-enlinea.com.ar\/tienda\/wp-json\/wp\/v2\/comments?post=15802"}],"wp:featuredmedia":[{"embeddable":true,"href":"https:\/\/rms-enlinea.com.ar\/tienda\/wp-json\/wp\/v2\/media\/15803"}],"wp:attachment":[{"href":"https:\/\/rms-enlinea.com.ar\/tienda\/wp-json\/wp\/v2\/media?parent=15802"}],"wp:term":[{"taxonomy":"product_brand","embeddable":true,"href":"https:\/\/rms-enlinea.com.ar\/tienda\/wp-json\/wp\/v2\/product_brand?post=15802"},{"taxonomy":"product_cat","embeddable":true,"href":"https:\/\/rms-enlinea.com.ar\/tienda\/wp-json\/wp\/v2\/product_cat?post=15802"},{"taxonomy":"product_tag","embeddable":true,"href":"https:\/\/rms-enlinea.com.ar\/tienda\/wp-json\/wp\/v2\/product_tag?post=15802"}],"curies":[{"name":"wp","href":"https:\/\/api.w.org\/{rel}","templated":true}]}}