{"id":15813,"date":"2025-06-12T07:13:41","date_gmt":"2025-06-12T10:13:41","guid":{"rendered":"https:\/\/rms-enlinea.com.ar\/tienda\/producto\/ficha-speakon-2-contactos-cable-amphenol-sp-2-fn\/"},"modified":"2026-04-21T07:14:27","modified_gmt":"2026-04-21T10:14:27","slug":"ficha-speakon-2-contactos-cable-amphenol-sp-2-fn","status":"publish","type":"product","link":"https:\/\/rms-enlinea.com.ar\/tienda\/producto\/ficha-speakon-2-contactos-cable-amphenol-sp-2-fn\/","title":{"rendered":"Ficha Speakon 2 Contactos Cable Amphenol Sp-2-fn"},"content":{"rendered":"<p>TIPO DE PRODUCTO: CONECTORES<br \/>TIPO: SPEAKON CABLE<br \/>N\u00daMERO DE PINES: 2<br \/>DI\u00c1METRO DEL CABLE: 6 A 10 MM<br \/>CONTACTOS: PLATEADOS<br \/>TIPO DE CONEXI\u00d3N CONTACTO ATORNILLADO<br \/>CARCASA: METALICA<br \/>TRABA METALICA<\/p>\n","protected":false},"excerpt":{"rendered":"<p>TIPO DE PRODUCTO: CONECTORESTIPO: SPEAKON CABLEN\u00daMERO DE PINES: 2DI\u00c1METRO DEL CABLE: 6 A 10 MMCONTACTOS: PLATEADOSTIPO DE CONEXI\u00d3N CONTACTO ATORNILLADOCARCASA: METALICATRABA METALICA<\/p>\n","protected":false},"featured_media":15814,"comment_status":"open","ping_status":"closed","template":"","meta":{"_uag_custom_page_level_css":""},"product_brand":[487],"product_cat":[58,86],"product_tag":[],"class_list":{"0":"post-15813","1":"product","2":"type-product","3":"status-publish","4":"has-post-thumbnail","6":"product_brand-amphenol","7":"product_cat-conectores-fichas-y-adaptadores","8":"product_cat-onectores-fichas-y-adaptadores","10":"first","11":"outofstock","12":"sale","13":"taxable","14":"shipping-taxable","15":"purchasable","16":"product-type-simple"},"uagb_featured_image_src":{"full":["https:\/\/rms-enlinea.com.ar\/wp-content\/uploads\/2025\/06\/D_602536-MLA32902880356_112019-F.jpg",1200,1007,false],"thumbnail":["https:\/\/rms-enlinea.com.ar\/wp-content\/uploads\/2025\/06\/D_602536-MLA32902880356_112019-F-150x150.jpg",150,150,true],"medium":["https:\/\/rms-enlinea.com.ar\/wp-content\/uploads\/2025\/06\/D_602536-MLA32902880356_112019-F-300x252.jpg",300,252,true],"medium_large":["https:\/\/rms-enlinea.com.ar\/wp-content\/uploads\/2025\/06\/D_602536-MLA32902880356_112019-F-768x644.jpg",768,644,true],"large":["https:\/\/rms-enlinea.com.ar\/wp-content\/uploads\/2025\/06\/D_602536-MLA32902880356_112019-F-1024x859.jpg",1024,859,true],"1536x1536":["https:\/\/rms-enlinea.com.ar\/wp-content\/uploads\/2025\/06\/D_602536-MLA32902880356_112019-F.jpg",1200,1007,false],"2048x2048":["https:\/\/rms-enlinea.com.ar\/wp-content\/uploads\/2025\/06\/D_602536-MLA32902880356_112019-F.jpg",1200,1007,false],"woocommerce_thumbnail":["https:\/\/rms-enlinea.com.ar\/wp-content\/uploads\/2025\/06\/D_602536-MLA32902880356_112019-F-450x450.jpg",450,450,true],"woocommerce_single":["https:\/\/rms-enlinea.com.ar\/wp-content\/uploads\/2025\/06\/D_602536-MLA32902880356_112019-F-600x504.jpg",600,504,true],"woocommerce_gallery_thumbnail":["https:\/\/rms-enlinea.com.ar\/wp-content\/uploads\/2025\/06\/D_602536-MLA32902880356_112019-F-100x100.jpg",100,100,true]},"uagb_author_info":{"display_name":"l0071054","author_link":"https:\/\/rms-enlinea.com.ar\/tienda\/author\/"},"uagb_comment_info":0,"uagb_excerpt":"TIPO DE PRODUCTO: CONECTORESTIPO: SPEAKON CABLEN\u00daMERO DE PINES: 2DI\u00c1METRO DEL CABLE: 6 A 10 MMCONTACTOS: PLATEADOSTIPO DE CONEXI\u00d3N CONTACTO ATORNILLADOCARCASA: METALICATRABA METALICA","_links":{"self":[{"href":"https:\/\/rms-enlinea.com.ar\/tienda\/wp-json\/wp\/v2\/product\/15813","targetHints":{"allow":["GET"]}}],"collection":[{"href":"https:\/\/rms-enlinea.com.ar\/tienda\/wp-json\/wp\/v2\/product"}],"about":[{"href":"https:\/\/rms-enlinea.com.ar\/tienda\/wp-json\/wp\/v2\/types\/product"}],"replies":[{"embeddable":true,"href":"https:\/\/rms-enlinea.com.ar\/tienda\/wp-json\/wp\/v2\/comments?post=15813"}],"wp:featuredmedia":[{"embeddable":true,"href":"https:\/\/rms-enlinea.com.ar\/tienda\/wp-json\/wp\/v2\/media\/15814"}],"wp:attachment":[{"href":"https:\/\/rms-enlinea.com.ar\/tienda\/wp-json\/wp\/v2\/media?parent=15813"}],"wp:term":[{"taxonomy":"product_brand","embeddable":true,"href":"https:\/\/rms-enlinea.com.ar\/tienda\/wp-json\/wp\/v2\/product_brand?post=15813"},{"taxonomy":"product_cat","embeddable":true,"href":"https:\/\/rms-enlinea.com.ar\/tienda\/wp-json\/wp\/v2\/product_cat?post=15813"},{"taxonomy":"product_tag","embeddable":true,"href":"https:\/\/rms-enlinea.com.ar\/tienda\/wp-json\/wp\/v2\/product_tag?post=15813"}],"curies":[{"name":"wp","href":"https:\/\/api.w.org\/{rel}","templated":true}]}}