{"id":15816,"date":"2025-06-12T07:13:46","date_gmt":"2025-06-12T10:13:46","guid":{"rendered":"https:\/\/rms-enlinea.com.ar\/tienda\/producto\/microfono-inalambrico-uhf-doble-vincha-e-sound-es-2079-hh\/"},"modified":"2026-04-12T15:20:14","modified_gmt":"2026-04-12T18:20:14","slug":"microfono-inalambrico-uhf-doble-vincha-e-sound-es-2079-hh","status":"publish","type":"product","link":"https:\/\/rms-enlinea.com.ar\/tienda\/producto\/microfono-inalambrico-uhf-doble-vincha-e-sound-es-2079-hh\/","title":{"rendered":"Microfono Inalambrico Uhf Doble Vincha E-sound Es-2079\/hh"},"content":{"rendered":"<p>Frecuencias Sintonizables\t200 canales en grupos pre-establecidos.<br \/>Sincronizaci\u00f3n de Frecuencias\tInfra-rojo.<br \/>Rango de frecuencias de la Onda Portadora\tUHF 470\u2013932MHz.<br \/>Modo de Oscilaci\u00f3n de Frecuencias\tTecnolog\u00eda sintetizada PLL.<br \/>Modo de Modulaci\u00f3n\tFM.<br \/>Respuesta de frecuencia\t50Hz-18KHz.<br \/>Distancia de trabajo\t60 mts dependiendo de la absorci\u00f3n de se\u00f1al RF, reflexi\u00f3n e interferencia.<br \/>Ancho de banda\t50MHz.<br \/>S\/N Ratio (a 1 KHz)\t>80dB.<br \/>Sensibilidad\t105dBm(12dB S\/N AD).<br \/>Distorci\u00f3n arm\u00f3nica total, THD (a 1 KHz)\t< 0.5%@1kHz.<br \/>Fuente de alimentaci\u00f3n DC\t12V \/ 350mA.<br \/>Display\tLCD + LED.<\/p>\n","protected":false},"excerpt":{"rendered":"<p>Frecuencias Sintonizables 200 canales en grupos pre-establecidos.Sincronizaci\u00f3n de Frecuencias Infra-rojo.Rango de frecuencias de la Onda Portadora UHF 470\u2013932MHz.Modo de Oscilaci\u00f3n de Frecuencias Tecnolog\u00eda sintetizada PLL.Modo de Modulaci\u00f3n FM.Respuesta de frecuencia 50Hz-18KHz.Distancia de trabajo 60 mts dependiendo de la absorci\u00f3n de se\u00f1al RF, reflexi\u00f3n e interferencia.Ancho de banda 50MHz.S\/N Ratio (a 1 KHz) >80dB.Sensibilidad 105dBm(12dB S\/N [&hellip;]<\/p>\n","protected":false},"featured_media":15817,"comment_status":"open","ping_status":"closed","template":"","meta":{"_uag_custom_page_level_css":""},"product_brand":[],"product_cat":[75],"product_tag":[],"class_list":{"0":"post-15816","1":"product","2":"type-product","3":"status-publish","4":"has-post-thumbnail","6":"product_cat-microfonos","8":"first","9":"instock","10":"sale","11":"taxable","12":"shipping-taxable","13":"purchasable","14":"product-type-simple"},"uagb_featured_image_src":{"full":["https:\/\/rms-enlinea.com.ar\/wp-content\/uploads\/2025\/06\/D_826648-MLA80049285897_102024-F.jpg",1200,683,false],"thumbnail":["https:\/\/rms-enlinea.com.ar\/wp-content\/uploads\/2025\/06\/D_826648-MLA80049285897_102024-F-150x150.jpg",150,150,true],"medium":["https:\/\/rms-enlinea.com.ar\/wp-content\/uploads\/2025\/06\/D_826648-MLA80049285897_102024-F-300x171.jpg",300,171,true],"medium_large":["https:\/\/rms-enlinea.com.ar\/wp-content\/uploads\/2025\/06\/D_826648-MLA80049285897_102024-F-768x437.jpg",768,437,true],"large":["https:\/\/rms-enlinea.com.ar\/wp-content\/uploads\/2025\/06\/D_826648-MLA80049285897_102024-F-1024x583.jpg",1024,583,true],"1536x1536":["https:\/\/rms-enlinea.com.ar\/wp-content\/uploads\/2025\/06\/D_826648-MLA80049285897_102024-F.jpg",1200,683,false],"2048x2048":["https:\/\/rms-enlinea.com.ar\/wp-content\/uploads\/2025\/06\/D_826648-MLA80049285897_102024-F.jpg",1200,683,false],"woocommerce_thumbnail":["https:\/\/rms-enlinea.com.ar\/wp-content\/uploads\/2025\/06\/D_826648-MLA80049285897_102024-F-450x450.jpg",450,450,true],"woocommerce_single":["https:\/\/rms-enlinea.com.ar\/wp-content\/uploads\/2025\/06\/D_826648-MLA80049285897_102024-F-600x342.jpg",600,342,true],"woocommerce_gallery_thumbnail":["https:\/\/rms-enlinea.com.ar\/wp-content\/uploads\/2025\/06\/D_826648-MLA80049285897_102024-F-100x100.jpg",100,100,true]},"uagb_author_info":{"display_name":"l0071054","author_link":"https:\/\/rms-enlinea.com.ar\/tienda\/author\/"},"uagb_comment_info":0,"uagb_excerpt":"Frecuencias Sintonizables 200 canales en grupos pre-establecidos.Sincronizaci\u00f3n de Frecuencias Infra-rojo.Rango de frecuencias de la Onda Portadora UHF 470\u2013932MHz.Modo de Oscilaci\u00f3n de Frecuencias Tecnolog\u00eda sintetizada PLL.Modo de Modulaci\u00f3n FM.Respuesta de frecuencia 50Hz-18KHz.Distancia de trabajo 60 mts dependiendo de la absorci\u00f3n de se\u00f1al RF, reflexi\u00f3n e interferencia.Ancho de banda 50MHz.S\/N Ratio (a 1 KHz) >80dB.Sensibilidad 105dBm(12dB S\/N&hellip;","_links":{"self":[{"href":"https:\/\/rms-enlinea.com.ar\/tienda\/wp-json\/wp\/v2\/product\/15816","targetHints":{"allow":["GET"]}}],"collection":[{"href":"https:\/\/rms-enlinea.com.ar\/tienda\/wp-json\/wp\/v2\/product"}],"about":[{"href":"https:\/\/rms-enlinea.com.ar\/tienda\/wp-json\/wp\/v2\/types\/product"}],"replies":[{"embeddable":true,"href":"https:\/\/rms-enlinea.com.ar\/tienda\/wp-json\/wp\/v2\/comments?post=15816"}],"wp:featuredmedia":[{"embeddable":true,"href":"https:\/\/rms-enlinea.com.ar\/tienda\/wp-json\/wp\/v2\/media\/15817"}],"wp:attachment":[{"href":"https:\/\/rms-enlinea.com.ar\/tienda\/wp-json\/wp\/v2\/media?parent=15816"}],"wp:term":[{"taxonomy":"product_brand","embeddable":true,"href":"https:\/\/rms-enlinea.com.ar\/tienda\/wp-json\/wp\/v2\/product_brand?post=15816"},{"taxonomy":"product_cat","embeddable":true,"href":"https:\/\/rms-enlinea.com.ar\/tienda\/wp-json\/wp\/v2\/product_cat?post=15816"},{"taxonomy":"product_tag","embeddable":true,"href":"https:\/\/rms-enlinea.com.ar\/tienda\/wp-json\/wp\/v2\/product_tag?post=15816"}],"curies":[{"name":"wp","href":"https:\/\/api.w.org\/{rel}","templated":true}]}}