{"id":15859,"date":"2025-06-12T07:14:54","date_gmt":"2025-06-12T10:14:54","guid":{"rendered":"https:\/\/rms-enlinea.com.ar\/tienda\/producto\/ficha-powercon-chasis-electricidad-power-amphenol-hp-3-mdgw\/"},"modified":"2026-04-21T06:36:54","modified_gmt":"2026-04-21T09:36:54","slug":"ficha-powercon-chasis-electricidad-power-amphenol-hp-3-mdgw","status":"publish","type":"product","link":"https:\/\/rms-enlinea.com.ar\/tienda\/producto\/ficha-powercon-chasis-electricidad-power-amphenol-hp-3-mdgw\/","title":{"rendered":"Ficha Powercon Chasis Electricidad Power Amphenol Hp-3-mdgw"},"content":{"rendered":"<p>TIPO DE PRODUCTO: CONECTOR CHASIS<br \/>TIPO: POWERCON SALIDA<br \/>SOPORTE DE TENSION: 250V<br \/>SOPORTE DE CORRIENTE: 25A<br \/>CANTIDAD DE CONTACTOS: 3<br \/>COLOR: GRIS<br \/>SISTEMA DE BLOQUEO DE GIRO R\u00c1PIDO Y F\u00c1CIL<br \/>EXTREMADAMENTE ROBUSTO Y CONFIABLE<br \/>DISE\u00d1O ERGONOMICO<br \/>DISE\u00d1O DE PESTILLO F\u00c1CIL DE USAR PARA UN F\u00c1CIL MANEJO<\/p>\n","protected":false},"excerpt":{"rendered":"<p>TIPO DE PRODUCTO: CONECTOR CHASISTIPO: POWERCON SALIDASOPORTE DE TENSION: 250VSOPORTE DE CORRIENTE: 25ACANTIDAD DE CONTACTOS: 3COLOR: GRISSISTEMA DE BLOQUEO DE GIRO R\u00c1PIDO Y F\u00c1CILEXTREMADAMENTE ROBUSTO Y CONFIABLEDISE\u00d1O ERGONOMICODISE\u00d1O DE PESTILLO F\u00c1CIL DE USAR PARA UN F\u00c1CIL MANEJO<\/p>\n","protected":false},"featured_media":15860,"comment_status":"open","ping_status":"closed","template":"","meta":{"_uag_custom_page_level_css":""},"product_brand":[487],"product_cat":[86,58],"product_tag":[],"class_list":{"0":"post-15859","1":"product","2":"type-product","3":"status-publish","4":"has-post-thumbnail","6":"product_brand-amphenol","7":"product_cat-onectores-fichas-y-adaptadores","8":"product_cat-conectores-fichas-y-adaptadores","10":"first","11":"outofstock","12":"sale","13":"taxable","14":"shipping-taxable","15":"purchasable","16":"product-type-simple"},"uagb_featured_image_src":{"full":["https:\/\/rms-enlinea.com.ar\/wp-content\/uploads\/2025\/06\/D_729552-MLA32885335213_112019-F.jpg",808,750,false],"thumbnail":["https:\/\/rms-enlinea.com.ar\/wp-content\/uploads\/2025\/06\/D_729552-MLA32885335213_112019-F-150x150.jpg",150,150,true],"medium":["https:\/\/rms-enlinea.com.ar\/wp-content\/uploads\/2025\/06\/D_729552-MLA32885335213_112019-F-300x278.jpg",300,278,true],"medium_large":["https:\/\/rms-enlinea.com.ar\/wp-content\/uploads\/2025\/06\/D_729552-MLA32885335213_112019-F-768x713.jpg",768,713,true],"large":["https:\/\/rms-enlinea.com.ar\/wp-content\/uploads\/2025\/06\/D_729552-MLA32885335213_112019-F.jpg",808,750,false],"1536x1536":["https:\/\/rms-enlinea.com.ar\/wp-content\/uploads\/2025\/06\/D_729552-MLA32885335213_112019-F.jpg",808,750,false],"2048x2048":["https:\/\/rms-enlinea.com.ar\/wp-content\/uploads\/2025\/06\/D_729552-MLA32885335213_112019-F.jpg",808,750,false],"woocommerce_thumbnail":["https:\/\/rms-enlinea.com.ar\/wp-content\/uploads\/2025\/06\/D_729552-MLA32885335213_112019-F-450x450.jpg",450,450,true],"woocommerce_single":["https:\/\/rms-enlinea.com.ar\/wp-content\/uploads\/2025\/06\/D_729552-MLA32885335213_112019-F-600x557.jpg",600,557,true],"woocommerce_gallery_thumbnail":["https:\/\/rms-enlinea.com.ar\/wp-content\/uploads\/2025\/06\/D_729552-MLA32885335213_112019-F-100x100.jpg",100,100,true]},"uagb_author_info":{"display_name":"l0071054","author_link":"https:\/\/rms-enlinea.com.ar\/tienda\/author\/"},"uagb_comment_info":0,"uagb_excerpt":"TIPO DE PRODUCTO: CONECTOR CHASISTIPO: POWERCON SALIDASOPORTE DE TENSION: 250VSOPORTE DE CORRIENTE: 25ACANTIDAD DE CONTACTOS: 3COLOR: GRISSISTEMA DE BLOQUEO DE GIRO R\u00c1PIDO Y F\u00c1CILEXTREMADAMENTE ROBUSTO Y CONFIABLEDISE\u00d1O ERGONOMICODISE\u00d1O DE PESTILLO F\u00c1CIL DE USAR PARA UN F\u00c1CIL MANEJO","_links":{"self":[{"href":"https:\/\/rms-enlinea.com.ar\/tienda\/wp-json\/wp\/v2\/product\/15859","targetHints":{"allow":["GET"]}}],"collection":[{"href":"https:\/\/rms-enlinea.com.ar\/tienda\/wp-json\/wp\/v2\/product"}],"about":[{"href":"https:\/\/rms-enlinea.com.ar\/tienda\/wp-json\/wp\/v2\/types\/product"}],"replies":[{"embeddable":true,"href":"https:\/\/rms-enlinea.com.ar\/tienda\/wp-json\/wp\/v2\/comments?post=15859"}],"wp:featuredmedia":[{"embeddable":true,"href":"https:\/\/rms-enlinea.com.ar\/tienda\/wp-json\/wp\/v2\/media\/15860"}],"wp:attachment":[{"href":"https:\/\/rms-enlinea.com.ar\/tienda\/wp-json\/wp\/v2\/media?parent=15859"}],"wp:term":[{"taxonomy":"product_brand","embeddable":true,"href":"https:\/\/rms-enlinea.com.ar\/tienda\/wp-json\/wp\/v2\/product_brand?post=15859"},{"taxonomy":"product_cat","embeddable":true,"href":"https:\/\/rms-enlinea.com.ar\/tienda\/wp-json\/wp\/v2\/product_cat?post=15859"},{"taxonomy":"product_tag","embeddable":true,"href":"https:\/\/rms-enlinea.com.ar\/tienda\/wp-json\/wp\/v2\/product_tag?post=15859"}],"curies":[{"name":"wp","href":"https:\/\/api.w.org\/{rel}","templated":true}]}}