{"id":15862,"date":"2025-06-12T07:14:58","date_gmt":"2025-06-12T10:14:58","guid":{"rendered":"https:\/\/rms-enlinea.com.ar\/tienda\/producto\/jack-stereo-hembra-circuito-impreso-amphenol-acjs-ph\/"},"modified":"2026-04-21T05:16:12","modified_gmt":"2026-04-21T08:16:12","slug":"jack-stereo-hembra-circuito-impreso-amphenol-acjs-ph","status":"publish","type":"product","link":"https:\/\/rms-enlinea.com.ar\/tienda\/producto\/jack-stereo-hembra-circuito-impreso-amphenol-acjs-ph\/","title":{"rendered":"Jack Stereo Hembra Circuito Impreso Amphenol Acjs-ph"},"content":{"rendered":"<p>TIPO DE PRODUCTO: JACK 1\/4&#8243;<br \/>TIPO: HEMBRA CON PINES PARA PCB<br \/>N\u00daMERO DE PINES: 3<br \/>CONTACTOS: PLATEADOS<br \/>TIPO DE CONEXI\u00d3N: SOLDADURA<br \/>CARCASA: PL\u00c1STICA<\/p>\n","protected":false},"excerpt":{"rendered":"<p>TIPO DE PRODUCTO: JACK 1\/4&#8243;TIPO: HEMBRA CON PINES PARA PCBN\u00daMERO DE PINES: 3CONTACTOS: PLATEADOSTIPO DE CONEXI\u00d3N: SOLDADURACARCASA: PL\u00c1STICA<\/p>\n","protected":false},"featured_media":15863,"comment_status":"open","ping_status":"closed","template":"","meta":{"_uag_custom_page_level_css":""},"product_brand":[487],"product_cat":[15],"product_tag":[],"class_list":{"0":"post-15862","1":"product","2":"type-product","3":"status-publish","4":"has-post-thumbnail","6":"product_brand-amphenol","7":"product_cat-sin-categorizar","9":"first","10":"outofstock","11":"sale","12":"taxable","13":"shipping-taxable","14":"purchasable","15":"product-type-simple"},"uagb_featured_image_src":{"full":["https:\/\/rms-enlinea.com.ar\/wp-content\/uploads\/2025\/06\/D_953386-MLA32882621650_112019-F.jpg",650,528,false],"thumbnail":["https:\/\/rms-enlinea.com.ar\/wp-content\/uploads\/2025\/06\/D_953386-MLA32882621650_112019-F-150x150.jpg",150,150,true],"medium":["https:\/\/rms-enlinea.com.ar\/wp-content\/uploads\/2025\/06\/D_953386-MLA32882621650_112019-F-300x244.jpg",300,244,true],"medium_large":["https:\/\/rms-enlinea.com.ar\/wp-content\/uploads\/2025\/06\/D_953386-MLA32882621650_112019-F.jpg",650,528,false],"large":["https:\/\/rms-enlinea.com.ar\/wp-content\/uploads\/2025\/06\/D_953386-MLA32882621650_112019-F.jpg",650,528,false],"1536x1536":["https:\/\/rms-enlinea.com.ar\/wp-content\/uploads\/2025\/06\/D_953386-MLA32882621650_112019-F.jpg",650,528,false],"2048x2048":["https:\/\/rms-enlinea.com.ar\/wp-content\/uploads\/2025\/06\/D_953386-MLA32882621650_112019-F.jpg",650,528,false],"woocommerce_thumbnail":["https:\/\/rms-enlinea.com.ar\/wp-content\/uploads\/2025\/06\/D_953386-MLA32882621650_112019-F-450x450.jpg",450,450,true],"woocommerce_single":["https:\/\/rms-enlinea.com.ar\/wp-content\/uploads\/2025\/06\/D_953386-MLA32882621650_112019-F-600x487.jpg",600,487,true],"woocommerce_gallery_thumbnail":["https:\/\/rms-enlinea.com.ar\/wp-content\/uploads\/2025\/06\/D_953386-MLA32882621650_112019-F-100x100.jpg",100,100,true]},"uagb_author_info":{"display_name":"l0071054","author_link":"https:\/\/rms-enlinea.com.ar\/tienda\/author\/"},"uagb_comment_info":0,"uagb_excerpt":"TIPO DE PRODUCTO: JACK 1\/4&#8243;TIPO: HEMBRA CON PINES PARA PCBN\u00daMERO DE PINES: 3CONTACTOS: PLATEADOSTIPO DE CONEXI\u00d3N: SOLDADURACARCASA: PL\u00c1STICA","_links":{"self":[{"href":"https:\/\/rms-enlinea.com.ar\/tienda\/wp-json\/wp\/v2\/product\/15862","targetHints":{"allow":["GET"]}}],"collection":[{"href":"https:\/\/rms-enlinea.com.ar\/tienda\/wp-json\/wp\/v2\/product"}],"about":[{"href":"https:\/\/rms-enlinea.com.ar\/tienda\/wp-json\/wp\/v2\/types\/product"}],"replies":[{"embeddable":true,"href":"https:\/\/rms-enlinea.com.ar\/tienda\/wp-json\/wp\/v2\/comments?post=15862"}],"wp:featuredmedia":[{"embeddable":true,"href":"https:\/\/rms-enlinea.com.ar\/tienda\/wp-json\/wp\/v2\/media\/15863"}],"wp:attachment":[{"href":"https:\/\/rms-enlinea.com.ar\/tienda\/wp-json\/wp\/v2\/media?parent=15862"}],"wp:term":[{"taxonomy":"product_brand","embeddable":true,"href":"https:\/\/rms-enlinea.com.ar\/tienda\/wp-json\/wp\/v2\/product_brand?post=15862"},{"taxonomy":"product_cat","embeddable":true,"href":"https:\/\/rms-enlinea.com.ar\/tienda\/wp-json\/wp\/v2\/product_cat?post=15862"},{"taxonomy":"product_tag","embeddable":true,"href":"https:\/\/rms-enlinea.com.ar\/tienda\/wp-json\/wp\/v2\/product_tag?post=15862"}],"curies":[{"name":"wp","href":"https:\/\/api.w.org\/{rel}","templated":true}]}}