{"id":15902,"date":"2025-06-12T07:15:52","date_gmt":"2025-06-12T10:15:52","guid":{"rendered":"https:\/\/rms-enlinea.com.ar\/tienda\/producto\/parlante-10-pulgadas-18-sound-10m600-400w-midbass-ferrite\/"},"modified":"2026-04-06T11:50:26","modified_gmt":"2026-04-06T14:50:26","slug":"parlante-10-pulgadas-18-sound-10m600-400w-midbass-ferrite","status":"publish","type":"product","link":"https:\/\/rms-enlinea.com.ar\/tienda\/producto\/parlante-10-pulgadas-18-sound-10m600-400w-midbass-ferrite\/","title":{"rendered":"Parlante 10 Pulgadas 18 Sound 10m600 400w Midbass Ferrite"},"content":{"rendered":"<p>18Sound 10M600 ofrece un sonido natural, con una gran claridad y precisi\u00f3n, que se dispersa de manera uniforme. Un parlante que asegura potencia y calidad por igual en la reproducci\u00f3n de contenidos multimedia.<\/p>\n<p>ESPECIFICACI\u00d3N<br \/>Di\u00e1metro nominal 260<br \/>Impedancia nominal 8ohm<br \/>Manejo de potencia nominal 400 w<br \/>Manejo de potencia continua 500 w<br \/>Sensibilidad 102.0 dB<br \/>Rango de frecuencia 80 &#8211; 5200 hz<br \/>Di\u00e1metro de la bobina 75mm<\/p>\n","protected":false},"excerpt":{"rendered":"<p>18Sound 10M600 ofrece un sonido natural, con una gran claridad y precisi\u00f3n, que se dispersa de manera uniforme. Un parlante que asegura potencia y calidad por igual en la reproducci\u00f3n de contenidos multimedia. ESPECIFICACI\u00d3NDi\u00e1metro nominal 260Impedancia nominal 8ohmManejo de potencia nominal 400 wManejo de potencia continua 500 wSensibilidad 102.0 dBRango de frecuencia 80 &#8211; 5200 [&hellip;]<\/p>\n","protected":false},"featured_media":15903,"comment_status":"open","ping_status":"closed","template":"","meta":{"_uag_custom_page_level_css":""},"product_brand":[475],"product_cat":[15],"product_tag":[],"class_list":{"0":"post-15902","1":"product","2":"type-product","3":"status-publish","4":"has-post-thumbnail","6":"product_brand-18sound","7":"product_cat-sin-categorizar","9":"first","10":"instock","11":"sale","12":"taxable","13":"shipping-taxable","14":"purchasable","15":"product-type-simple"},"uagb_featured_image_src":{"full":["https:\/\/rms-enlinea.com.ar\/wp-content\/uploads\/2025\/06\/D_739445-MLU70083386763_062023-F.jpg",500,375,false],"thumbnail":["https:\/\/rms-enlinea.com.ar\/wp-content\/uploads\/2025\/06\/D_739445-MLU70083386763_062023-F-150x150.jpg",150,150,true],"medium":["https:\/\/rms-enlinea.com.ar\/wp-content\/uploads\/2025\/06\/D_739445-MLU70083386763_062023-F-300x225.jpg",300,225,true],"medium_large":["https:\/\/rms-enlinea.com.ar\/wp-content\/uploads\/2025\/06\/D_739445-MLU70083386763_062023-F.jpg",500,375,false],"large":["https:\/\/rms-enlinea.com.ar\/wp-content\/uploads\/2025\/06\/D_739445-MLU70083386763_062023-F.jpg",500,375,false],"1536x1536":["https:\/\/rms-enlinea.com.ar\/wp-content\/uploads\/2025\/06\/D_739445-MLU70083386763_062023-F.jpg",500,375,false],"2048x2048":["https:\/\/rms-enlinea.com.ar\/wp-content\/uploads\/2025\/06\/D_739445-MLU70083386763_062023-F.jpg",500,375,false],"woocommerce_thumbnail":["https:\/\/rms-enlinea.com.ar\/wp-content\/uploads\/2025\/06\/D_739445-MLU70083386763_062023-F-450x375.jpg",450,375,true],"woocommerce_single":["https:\/\/rms-enlinea.com.ar\/wp-content\/uploads\/2025\/06\/D_739445-MLU70083386763_062023-F.jpg",500,375,false],"woocommerce_gallery_thumbnail":["https:\/\/rms-enlinea.com.ar\/wp-content\/uploads\/2025\/06\/D_739445-MLU70083386763_062023-F-100x100.jpg",100,100,true]},"uagb_author_info":{"display_name":"l0071054","author_link":"https:\/\/rms-enlinea.com.ar\/tienda\/author\/"},"uagb_comment_info":0,"uagb_excerpt":"18Sound 10M600 ofrece un sonido natural, con una gran claridad y precisi\u00f3n, que se dispersa de manera uniforme. Un parlante que asegura potencia y calidad por igual en la reproducci\u00f3n de contenidos multimedia. ESPECIFICACI\u00d3NDi\u00e1metro nominal 260Impedancia nominal 8ohmManejo de potencia nominal 400 wManejo de potencia continua 500 wSensibilidad 102.0 dBRango de frecuencia 80 &#8211; 5200&hellip;","_links":{"self":[{"href":"https:\/\/rms-enlinea.com.ar\/tienda\/wp-json\/wp\/v2\/product\/15902","targetHints":{"allow":["GET"]}}],"collection":[{"href":"https:\/\/rms-enlinea.com.ar\/tienda\/wp-json\/wp\/v2\/product"}],"about":[{"href":"https:\/\/rms-enlinea.com.ar\/tienda\/wp-json\/wp\/v2\/types\/product"}],"replies":[{"embeddable":true,"href":"https:\/\/rms-enlinea.com.ar\/tienda\/wp-json\/wp\/v2\/comments?post=15902"}],"wp:featuredmedia":[{"embeddable":true,"href":"https:\/\/rms-enlinea.com.ar\/tienda\/wp-json\/wp\/v2\/media\/15903"}],"wp:attachment":[{"href":"https:\/\/rms-enlinea.com.ar\/tienda\/wp-json\/wp\/v2\/media?parent=15902"}],"wp:term":[{"taxonomy":"product_brand","embeddable":true,"href":"https:\/\/rms-enlinea.com.ar\/tienda\/wp-json\/wp\/v2\/product_brand?post=15902"},{"taxonomy":"product_cat","embeddable":true,"href":"https:\/\/rms-enlinea.com.ar\/tienda\/wp-json\/wp\/v2\/product_cat?post=15902"},{"taxonomy":"product_tag","embeddable":true,"href":"https:\/\/rms-enlinea.com.ar\/tienda\/wp-json\/wp\/v2\/product_tag?post=15902"}],"curies":[{"name":"wp","href":"https:\/\/api.w.org\/{rel}","templated":true}]}}