{"id":15943,"date":"2025-06-12T07:16:52","date_gmt":"2025-06-12T10:16:52","guid":{"rendered":"https:\/\/rms-enlinea.com.ar\/tienda\/producto\/par-de-bafles-columnas-yamaha-nsf140b-home-cinema-180w-hi-fi\/"},"modified":"2026-02-20T21:57:37","modified_gmt":"2026-02-21T00:57:37","slug":"par-de-bafles-columnas-yamaha-nsf140b-home-cinema-180w-hi-fi","status":"publish","type":"product","link":"https:\/\/rms-enlinea.com.ar\/tienda\/producto\/par-de-bafles-columnas-yamaha-nsf140b-home-cinema-180w-hi-fi\/","title":{"rendered":"Par De Bafles Columnas Yamaha Nsf140b Home Cinema 180w Hi-fi"},"content":{"rendered":"<p>ALTAVOZ DE ALTO RENDIMIENTO CON GABINETE DE GRAN TAMA\u00d1O PARA UNA EXCELENTE CALIDAD DE SONIDO Y UNA PRESENCIA IMPRESIONANTEMENTE ELEGANTE. DISPONIBLE EN UNA OPCI\u00d3N DE DOS COLORES PARA COMBINAR CON EL INTERIOR DE LA HABITACI\u00d3N.<\/p>\n<p>WOOFER DE CONO DE 16 CM (6-1 \/ 2 \u00ab) Y TWEETER DE C\u00daPULA BLANDA DE 3 CM (1\u00bb) PARA UNOS GRAVES POTENTES Y UNA SALIDA DE SONIDO N\u00cdTIDA<br \/>REPRODUCCI\u00d3N DIN\u00c1MICA DE FUENTES HD<br \/>TERMINALES DE TORNILLO CHAPADOS EN ORO DE GRAN TAMA\u00d1O<br \/>ACEPTA PICOS DE SOPORTE OPCIONALES<br \/>DISE\u00d1O DE CLASE ALTA CON ELEGANTES REJILLAS DE ALTAVOZ INSPIRADAS EN LOS MODELOS DE GAMA SUPERIOR DE YAMAHA<br \/>DISPONIBLE EN NEGRO Y PALISANDRO<\/p>\n","protected":false},"excerpt":{"rendered":"<p>ALTAVOZ DE ALTO RENDIMIENTO CON GABINETE DE GRAN TAMA\u00d1O PARA UNA EXCELENTE CALIDAD DE SONIDO Y UNA PRESENCIA IMPRESIONANTEMENTE ELEGANTE. DISPONIBLE EN UNA OPCI\u00d3N DE DOS COLORES PARA COMBINAR CON EL INTERIOR DE LA HABITACI\u00d3N. WOOFER DE CONO DE 16 CM (6-1 \/ 2 \u00ab) Y TWEETER DE C\u00daPULA BLANDA DE 3 CM (1\u00bb) PARA [&hellip;]<\/p>\n","protected":false},"featured_media":15944,"comment_status":"open","ping_status":"closed","template":"","meta":{"_uag_custom_page_level_css":""},"product_brand":[],"product_cat":[36],"product_tag":[],"class_list":{"0":"post-15943","1":"product","2":"type-product","3":"status-publish","4":"has-post-thumbnail","6":"product_cat-bafles","8":"first","9":"outofstock","10":"sale","11":"taxable","12":"shipping-taxable","13":"purchasable","14":"product-type-simple"},"uagb_featured_image_src":{"full":["https:\/\/rms-enlinea.com.ar\/wp-content\/uploads\/2025\/06\/D_672588-MLA71562639512_092023-F.jpg",602,1045,false],"thumbnail":["https:\/\/rms-enlinea.com.ar\/wp-content\/uploads\/2025\/06\/D_672588-MLA71562639512_092023-F-150x150.jpg",150,150,true],"medium":["https:\/\/rms-enlinea.com.ar\/wp-content\/uploads\/2025\/06\/D_672588-MLA71562639512_092023-F-173x300.jpg",173,300,true],"medium_large":["https:\/\/rms-enlinea.com.ar\/wp-content\/uploads\/2025\/06\/D_672588-MLA71562639512_092023-F.jpg",602,1045,false],"large":["https:\/\/rms-enlinea.com.ar\/wp-content\/uploads\/2025\/06\/D_672588-MLA71562639512_092023-F-590x1024.jpg",590,1024,true],"1536x1536":["https:\/\/rms-enlinea.com.ar\/wp-content\/uploads\/2025\/06\/D_672588-MLA71562639512_092023-F.jpg",602,1045,false],"2048x2048":["https:\/\/rms-enlinea.com.ar\/wp-content\/uploads\/2025\/06\/D_672588-MLA71562639512_092023-F.jpg",602,1045,false],"woocommerce_thumbnail":["https:\/\/rms-enlinea.com.ar\/wp-content\/uploads\/2025\/06\/D_672588-MLA71562639512_092023-F-450x450.jpg",450,450,true],"woocommerce_single":["https:\/\/rms-enlinea.com.ar\/wp-content\/uploads\/2025\/06\/D_672588-MLA71562639512_092023-F-600x1042.jpg",600,1042,true],"woocommerce_gallery_thumbnail":["https:\/\/rms-enlinea.com.ar\/wp-content\/uploads\/2025\/06\/D_672588-MLA71562639512_092023-F-100x100.jpg",100,100,true]},"uagb_author_info":{"display_name":"l0071054","author_link":"https:\/\/rms-enlinea.com.ar\/tienda\/author\/"},"uagb_comment_info":0,"uagb_excerpt":"ALTAVOZ DE ALTO RENDIMIENTO CON GABINETE DE GRAN TAMA\u00d1O PARA UNA EXCELENTE CALIDAD DE SONIDO Y UNA PRESENCIA IMPRESIONANTEMENTE ELEGANTE. DISPONIBLE EN UNA OPCI\u00d3N DE DOS COLORES PARA COMBINAR CON EL INTERIOR DE LA HABITACI\u00d3N. WOOFER DE CONO DE 16 CM (6-1 \/ 2 \u00ab) Y TWEETER DE C\u00daPULA BLANDA DE 3 CM (1\u00bb) PARA&hellip;","_links":{"self":[{"href":"https:\/\/rms-enlinea.com.ar\/tienda\/wp-json\/wp\/v2\/product\/15943","targetHints":{"allow":["GET"]}}],"collection":[{"href":"https:\/\/rms-enlinea.com.ar\/tienda\/wp-json\/wp\/v2\/product"}],"about":[{"href":"https:\/\/rms-enlinea.com.ar\/tienda\/wp-json\/wp\/v2\/types\/product"}],"replies":[{"embeddable":true,"href":"https:\/\/rms-enlinea.com.ar\/tienda\/wp-json\/wp\/v2\/comments?post=15943"}],"wp:featuredmedia":[{"embeddable":true,"href":"https:\/\/rms-enlinea.com.ar\/tienda\/wp-json\/wp\/v2\/media\/15944"}],"wp:attachment":[{"href":"https:\/\/rms-enlinea.com.ar\/tienda\/wp-json\/wp\/v2\/media?parent=15943"}],"wp:term":[{"taxonomy":"product_brand","embeddable":true,"href":"https:\/\/rms-enlinea.com.ar\/tienda\/wp-json\/wp\/v2\/product_brand?post=15943"},{"taxonomy":"product_cat","embeddable":true,"href":"https:\/\/rms-enlinea.com.ar\/tienda\/wp-json\/wp\/v2\/product_cat?post=15943"},{"taxonomy":"product_tag","embeddable":true,"href":"https:\/\/rms-enlinea.com.ar\/tienda\/wp-json\/wp\/v2\/product_tag?post=15943"}],"curies":[{"name":"wp","href":"https:\/\/api.w.org\/{rel}","templated":true}]}}