{"id":15963,"date":"2025-06-12T07:17:20","date_gmt":"2025-06-12T10:17:20","guid":{"rendered":"https:\/\/rms-enlinea.com.ar\/tienda\/producto\/kit-yamaha-ag03mk2blspk-streaming-auricular-consola-mic\/"},"modified":"2026-03-31T17:10:46","modified_gmt":"2026-03-31T20:10:46","slug":"kit-yamaha-ag03mk2blspk-streaming-auricular-consola-mic","status":"publish","type":"product","link":"https:\/\/rms-enlinea.com.ar\/tienda\/producto\/kit-yamaha-ag03mk2blspk-streaming-auricular-consola-mic\/","title":{"rendered":"Kit Yamaha Ag03mk2blspk Streaming Auricular Consola Mic"},"content":{"rendered":"<p>KIT DE STREAMING YAMAHA AG03MK2 LSPK USB <\/p>\n<p>YAMAHA ENTIENDE QUE ENCONTRAR EL EQUIPAMIENTO PERFECTO PARA EMPEZAR TUS TRANSMISIONES PUEDE SER DIF\u00cdCIL. PARA AHORRARTE EL ESTR\u00c9S SIN PERDER EN CALIDAD, EL PACK DE LIVESTREAMING YAMAHA OFRECE SU CONSOLA DE 3 CANALES E INTERFAZ DE AUDIO USB AG03 MK2 JUNTO CON TODO LO QUE NECESITAS PARA UN AUDIO DE NIVEL PROFESIONAL. ESTE PAQUETE TODO-EN-UNO EST\u00c1 CONSTRUIDO ALREDEDOR ED LA POTENTE CONSOLA DE 3 CANALES DE LA MARCA, IDEAL PARA STREAMING EN VIVO, BROADCASTIG, Y GRABACIONES DE ESTUDIO. M\u00c1S ALL\u00c1 DE LA CONSOLA, TAMBI\u00c9N RECIB\u00cdS EL MICR\u00d3FONO CONDENSER YCM01 DE YAMAHA, QUE FUE DISE\u00d1ADO CON UN PATR\u00d3N POLAR CARDIOIDE PARA UNA SENSIBILIDAD DIVERSA PERO ENFOCADA. PARA REDONDEAR EL PAQUETE, YAMAHA INCLUYE UNO DE SUS NUEVOS AURICULARES YHMT1, ENTREGANDO AUDIO DE ALTA FIDELIDAD, DE CALIDAD ESTUDIO. PARA UNA OPCI\u00d3N LIBRE DE MOLESTIAS PARA EMPEZAR A TENER TU STREAM, RECOMENDAMOS MUCH\u00cdSIMO EL YAMAHA LIVE STREAMING PACK TODO-EN-UNO.<\/p>\n<p>CARACTER\u00cdSTICAS DEL PRODUCTO:<br \/>LA CONSOLA DE 3 CANALES E INTERFAZ DE AUDIO AG03 MK2 PROVEE UN MOTOR INTUITIVO, POTENTE Y DIVERSO PARA TU EQUIPO DE STREAMING<br \/>CONTROLES DSP EN LA AG03 MK2 QUE PERMITEN UN CONTROL FLEXIBLE, PRECISO DE TU STREAM CON BAJA LATENCIA, INCLUYENDO COMPRESI\u00d3N, EQ, FILTRADO,Y REVERB<br \/>HERRAMIENTAS DE INTERFAZ PRECISAS QUE TE PERMITEN CONTROLAR QU\u00c9 SE ESCUCHA Y C\u00d3MO, INCLUYENDO EL MODO LOOPBACK QUE TE PERMITE SUPLEMENTAR TUS ENTRADAS CON AUDIO DESDE TU MAC\/PC<br \/>MODO PARA IPAD QUE OFRECE CONTROL DE LOS EFECTOS DSP MINUCIOSOS A TRAV\u00c9S DE LA APP AG DSP CONTROLLER DE YAMAHA<br \/>OPCI\u00d3N DE PHANTOM POWER DE +48V IDEAL PARA USAR CON EL YCM01 O CUALQUIER OTRO MICR\u00d3FONO CONDENSER<br \/>MICR\u00d3FONO CONDENSER YCM01 QUE ADOPTA UN PATR\u00d3N CARDIOIDE PARA UNA SENSIBILIDAD ENFOCADA, IDEAL PARA GRABACIONES EN ESTUDIO, PERFORMANCES INSTRUMENTALES, STREAMING EN VIVO, Y M\u00c1S<br \/>AURICULARES YHMT1 DE CALIDAD ESTUDIO QUE TRAEN UN AUDIO DE ALTA FIDELIDAD PARA AYUDARTE A MONITOREAR TU MEZCLA EN TIEMPO REAL<br \/>LOS CABLES USB 2.0 Y XLR DE MICR\u00d3FONO PERMITEN QUE EST\u00c9S LISTO PARA CONECTAR Y EMPEZAR TU STREAM AL SACAR TODO DE LA CAJA<\/p>\n<p>ESPECIFICACIONES T\u00c9CNICAS:<br \/>CANALES: 3<br \/>RESOLUCI\u00d3N A\/D: 24-BIT \/ 192KHZ<br \/>ENTRADAS \u2013 CON PREAMP DE MIC: 1X XLR-1\/4&#8243; COMBO<br \/>PHANTOM POWER: +48V<br \/>ENTRADAS \u2013 LINEA: 3X 1\/4&#8243; TRS, 1X 1\/8&#8243;<br \/>SALIDAS \u2013 PRINCIPAL: 1X RCA EST\u00c9REO DOBLE, 2X 1\/4&#8243; TS<br \/>AURICULARES: 1X 1\/4&#8243; TRS, 1X 1\/8&#8243;<br \/>USB: 1X USB-C<br \/>CONECTIVIDAD A COMPUTADORA: USB 2.0<br \/>EFECTOS: FUNCI\u00d3N LOOPBACK, REVERB DE UN TOQUE<br \/>FADERS: 1X 60MM<br \/>SOFTWARE: CUBASE AL, WAVELAB CAST, CUBASIS LE, REC N SHARE<br \/>ALIMENTACI\u00d3N: POR BUS USB (5V DC)<br \/>DIMENSIONES: 63MM X 126MM X 201MM<br \/>PESO: 0.8KG<\/p>\n","protected":false},"excerpt":{"rendered":"<p>KIT DE STREAMING YAMAHA AG03MK2 LSPK USB YAMAHA ENTIENDE QUE ENCONTRAR EL EQUIPAMIENTO PERFECTO PARA EMPEZAR TUS TRANSMISIONES PUEDE SER DIF\u00cdCIL. PARA AHORRARTE EL ESTR\u00c9S SIN PERDER EN CALIDAD, EL PACK DE LIVESTREAMING YAMAHA OFRECE SU CONSOLA DE 3 CANALES E INTERFAZ DE AUDIO USB AG03 MK2 JUNTO CON TODO LO QUE NECESITAS PARA UN [&hellip;]<\/p>\n","protected":false},"featured_media":15964,"comment_status":"open","ping_status":"closed","template":"","meta":{"_uag_custom_page_level_css":""},"product_brand":[],"product_cat":[59],"product_tag":[],"class_list":{"0":"post-15963","1":"product","2":"type-product","3":"status-publish","4":"has-post-thumbnail","6":"product_cat-consolas-y-mixers","8":"first","9":"outofstock","10":"sale","11":"taxable","12":"shipping-taxable","13":"purchasable","14":"product-type-simple"},"uagb_featured_image_src":{"full":["https:\/\/rms-enlinea.com.ar\/wp-content\/uploads\/2025\/06\/D_644068-MLA71558065666_092023-F.jpg",1115,641,false],"thumbnail":["https:\/\/rms-enlinea.com.ar\/wp-content\/uploads\/2025\/06\/D_644068-MLA71558065666_092023-F-150x150.jpg",150,150,true],"medium":["https:\/\/rms-enlinea.com.ar\/wp-content\/uploads\/2025\/06\/D_644068-MLA71558065666_092023-F-300x172.jpg",300,172,true],"medium_large":["https:\/\/rms-enlinea.com.ar\/wp-content\/uploads\/2025\/06\/D_644068-MLA71558065666_092023-F-768x442.jpg",768,442,true],"large":["https:\/\/rms-enlinea.com.ar\/wp-content\/uploads\/2025\/06\/D_644068-MLA71558065666_092023-F-1024x589.jpg",1024,589,true],"1536x1536":["https:\/\/rms-enlinea.com.ar\/wp-content\/uploads\/2025\/06\/D_644068-MLA71558065666_092023-F.jpg",1115,641,false],"2048x2048":["https:\/\/rms-enlinea.com.ar\/wp-content\/uploads\/2025\/06\/D_644068-MLA71558065666_092023-F.jpg",1115,641,false],"woocommerce_thumbnail":["https:\/\/rms-enlinea.com.ar\/wp-content\/uploads\/2025\/06\/D_644068-MLA71558065666_092023-F-450x450.jpg",450,450,true],"woocommerce_single":["https:\/\/rms-enlinea.com.ar\/wp-content\/uploads\/2025\/06\/D_644068-MLA71558065666_092023-F-600x345.jpg",600,345,true],"woocommerce_gallery_thumbnail":["https:\/\/rms-enlinea.com.ar\/wp-content\/uploads\/2025\/06\/D_644068-MLA71558065666_092023-F-100x100.jpg",100,100,true]},"uagb_author_info":{"display_name":"l0071054","author_link":"https:\/\/rms-enlinea.com.ar\/tienda\/author\/"},"uagb_comment_info":0,"uagb_excerpt":"KIT DE STREAMING YAMAHA AG03MK2 LSPK USB YAMAHA ENTIENDE QUE ENCONTRAR EL EQUIPAMIENTO PERFECTO PARA EMPEZAR TUS TRANSMISIONES PUEDE SER DIF\u00cdCIL. PARA AHORRARTE EL ESTR\u00c9S SIN PERDER EN CALIDAD, EL PACK DE LIVESTREAMING YAMAHA OFRECE SU CONSOLA DE 3 CANALES E INTERFAZ DE AUDIO USB AG03 MK2 JUNTO CON TODO LO QUE NECESITAS PARA UN&hellip;","_links":{"self":[{"href":"https:\/\/rms-enlinea.com.ar\/tienda\/wp-json\/wp\/v2\/product\/15963","targetHints":{"allow":["GET"]}}],"collection":[{"href":"https:\/\/rms-enlinea.com.ar\/tienda\/wp-json\/wp\/v2\/product"}],"about":[{"href":"https:\/\/rms-enlinea.com.ar\/tienda\/wp-json\/wp\/v2\/types\/product"}],"replies":[{"embeddable":true,"href":"https:\/\/rms-enlinea.com.ar\/tienda\/wp-json\/wp\/v2\/comments?post=15963"}],"wp:featuredmedia":[{"embeddable":true,"href":"https:\/\/rms-enlinea.com.ar\/tienda\/wp-json\/wp\/v2\/media\/15964"}],"wp:attachment":[{"href":"https:\/\/rms-enlinea.com.ar\/tienda\/wp-json\/wp\/v2\/media?parent=15963"}],"wp:term":[{"taxonomy":"product_brand","embeddable":true,"href":"https:\/\/rms-enlinea.com.ar\/tienda\/wp-json\/wp\/v2\/product_brand?post=15963"},{"taxonomy":"product_cat","embeddable":true,"href":"https:\/\/rms-enlinea.com.ar\/tienda\/wp-json\/wp\/v2\/product_cat?post=15963"},{"taxonomy":"product_tag","embeddable":true,"href":"https:\/\/rms-enlinea.com.ar\/tienda\/wp-json\/wp\/v2\/product_tag?post=15963"}],"curies":[{"name":"wp","href":"https:\/\/api.w.org\/{rel}","templated":true}]}}