{"id":16018,"date":"2025-06-12T07:18:28","date_gmt":"2025-06-12T10:18:28","guid":{"rendered":"https:\/\/rms-enlinea.com.ar\/tienda\/producto\/teclado-razer-blackwidow-v4-mecanico-switch-yellow-us\/"},"modified":"2026-04-21T04:17:20","modified_gmt":"2026-04-21T07:17:20","slug":"teclado-razer-blackwidow-v4-mecanico-switch-yellow-us","status":"publish","type":"product","link":"https:\/\/rms-enlinea.com.ar\/tienda\/producto\/teclado-razer-blackwidow-v4-mecanico-switch-yellow-us\/","title":{"rendered":"Teclado Razer Blackwidow V4 Mecanico Switch Yellow Us"},"content":{"rendered":"<p>TIPO DE INTERRUPTOR: Interruptores mec\u00e1nicos Razer\u2122 (T\u00e1ctil)<br \/>SENTIMIENTO CLAVE: T\u00e1ctil y silenciosa<br \/>TAMA\u00d1O APROXIMADO: 75 % con fila de funciones y teclas de flecha<br \/>ENCENDIENDO: Razer Chroma\u2122RGB<br \/>APOYO PARA LA MU\u00d1ECA: S\u00ed, magn\u00e9tico de piel sint\u00e9tica afelpada<br \/>MEMORIA A BORDO: Almacenamiento h\u00edbrido integrado con capacidad para hasta cinco perfiles de atajos de teclado<br \/>MULTIMEDIA TECLAS: Rueda multimedia dedicada con 2 botones multimedia dedicados<br \/>CONECTIVIDAD: Cable tipo C desmontable<br \/>TECLAS: Teclas de ABS de doble inyecci\u00f3n.<\/p>\n","protected":false},"excerpt":{"rendered":"<p>TIPO DE INTERRUPTOR: Interruptores mec\u00e1nicos Razer\u2122 (T\u00e1ctil)SENTIMIENTO CLAVE: T\u00e1ctil y silenciosaTAMA\u00d1O APROXIMADO: 75 % con fila de funciones y teclas de flechaENCENDIENDO: Razer Chroma\u2122RGBAPOYO PARA LA MU\u00d1ECA: S\u00ed, magn\u00e9tico de piel sint\u00e9tica afelpadaMEMORIA A BORDO: Almacenamiento h\u00edbrido integrado con capacidad para hasta cinco perfiles de atajos de tecladoMULTIMEDIA TECLAS: Rueda multimedia dedicada con 2 botones [&hellip;]<\/p>\n","protected":false},"featured_media":16019,"comment_status":"open","ping_status":"closed","template":"","meta":{"_uag_custom_page_level_css":""},"product_brand":[559],"product_cat":[125],"product_tag":[],"class_list":{"0":"post-16018","1":"product","2":"type-product","3":"status-publish","4":"has-post-thumbnail","6":"product_brand-razer","7":"product_cat-teclados-y-mouses","9":"first","10":"outofstock","11":"sale","12":"taxable","13":"shipping-taxable","14":"purchasable","15":"product-type-simple"},"uagb_featured_image_src":{"full":["https:\/\/rms-enlinea.com.ar\/wp-content\/uploads\/2025\/06\/D_662369-MLA80107220178_102024-F.jpg",1095,629,false],"thumbnail":["https:\/\/rms-enlinea.com.ar\/wp-content\/uploads\/2025\/06\/D_662369-MLA80107220178_102024-F-150x150.jpg",150,150,true],"medium":["https:\/\/rms-enlinea.com.ar\/wp-content\/uploads\/2025\/06\/D_662369-MLA80107220178_102024-F-300x172.jpg",300,172,true],"medium_large":["https:\/\/rms-enlinea.com.ar\/wp-content\/uploads\/2025\/06\/D_662369-MLA80107220178_102024-F-768x441.jpg",768,441,true],"large":["https:\/\/rms-enlinea.com.ar\/wp-content\/uploads\/2025\/06\/D_662369-MLA80107220178_102024-F-1024x588.jpg",1024,588,true],"1536x1536":["https:\/\/rms-enlinea.com.ar\/wp-content\/uploads\/2025\/06\/D_662369-MLA80107220178_102024-F.jpg",1095,629,false],"2048x2048":["https:\/\/rms-enlinea.com.ar\/wp-content\/uploads\/2025\/06\/D_662369-MLA80107220178_102024-F.jpg",1095,629,false],"woocommerce_thumbnail":["https:\/\/rms-enlinea.com.ar\/wp-content\/uploads\/2025\/06\/D_662369-MLA80107220178_102024-F-450x450.jpg",450,450,true],"woocommerce_single":["https:\/\/rms-enlinea.com.ar\/wp-content\/uploads\/2025\/06\/D_662369-MLA80107220178_102024-F-600x345.jpg",600,345,true],"woocommerce_gallery_thumbnail":["https:\/\/rms-enlinea.com.ar\/wp-content\/uploads\/2025\/06\/D_662369-MLA80107220178_102024-F-100x100.jpg",100,100,true]},"uagb_author_info":{"display_name":"l0071054","author_link":"https:\/\/rms-enlinea.com.ar\/tienda\/author\/"},"uagb_comment_info":0,"uagb_excerpt":"TIPO DE INTERRUPTOR: Interruptores mec\u00e1nicos Razer\u2122 (T\u00e1ctil)SENTIMIENTO CLAVE: T\u00e1ctil y silenciosaTAMA\u00d1O APROXIMADO: 75 % con fila de funciones y teclas de flechaENCENDIENDO: Razer Chroma\u2122RGBAPOYO PARA LA MU\u00d1ECA: S\u00ed, magn\u00e9tico de piel sint\u00e9tica afelpadaMEMORIA A BORDO: Almacenamiento h\u00edbrido integrado con capacidad para hasta cinco perfiles de atajos de tecladoMULTIMEDIA TECLAS: Rueda multimedia dedicada con 2 botones&hellip;","_links":{"self":[{"href":"https:\/\/rms-enlinea.com.ar\/tienda\/wp-json\/wp\/v2\/product\/16018","targetHints":{"allow":["GET"]}}],"collection":[{"href":"https:\/\/rms-enlinea.com.ar\/tienda\/wp-json\/wp\/v2\/product"}],"about":[{"href":"https:\/\/rms-enlinea.com.ar\/tienda\/wp-json\/wp\/v2\/types\/product"}],"replies":[{"embeddable":true,"href":"https:\/\/rms-enlinea.com.ar\/tienda\/wp-json\/wp\/v2\/comments?post=16018"}],"wp:featuredmedia":[{"embeddable":true,"href":"https:\/\/rms-enlinea.com.ar\/tienda\/wp-json\/wp\/v2\/media\/16019"}],"wp:attachment":[{"href":"https:\/\/rms-enlinea.com.ar\/tienda\/wp-json\/wp\/v2\/media?parent=16018"}],"wp:term":[{"taxonomy":"product_brand","embeddable":true,"href":"https:\/\/rms-enlinea.com.ar\/tienda\/wp-json\/wp\/v2\/product_brand?post=16018"},{"taxonomy":"product_cat","embeddable":true,"href":"https:\/\/rms-enlinea.com.ar\/tienda\/wp-json\/wp\/v2\/product_cat?post=16018"},{"taxonomy":"product_tag","embeddable":true,"href":"https:\/\/rms-enlinea.com.ar\/tienda\/wp-json\/wp\/v2\/product_tag?post=16018"}],"curies":[{"name":"wp","href":"https:\/\/api.w.org\/{rel}","templated":true}]}}