{"id":1606,"date":"2025-06-12T02:10:16","date_gmt":"2025-06-12T05:10:16","guid":{"rendered":"https:\/\/rms-enlinea.com.ar\/tienda\/producto\/tablet-kelyx-10-1-ips-hd-2gb-32gb-wifibt-android-13\/"},"modified":"2026-02-18T18:20:39","modified_gmt":"2026-02-18T21:20:39","slug":"tablet-kelyx-10-1-ips-hd-2gb-32gb-wifibt-android-13","status":"publish","type":"product","link":"https:\/\/rms-enlinea.com.ar\/tienda\/producto\/tablet-kelyx-10-1-ips-hd-2gb-32gb-wifibt-android-13\/","title":{"rendered":"Tablet Kelyx 10.1 Ips Hd 2gb + 32gb Wifi+bt Android 13"},"content":{"rendered":"<p>Procesador A133P<br \/>Gr\u00e1ficos\tProcesador de Video PowerVR GE8300 2 GB<br \/>Memoria\t RAM 2 GB<br \/>Almacenamiento\t 32 GB<br \/>Pantalla\t 800X1280 FHD IPS<\/p>\n<p>C\u00e1maras\tC\u00e1mara frontal 0.3 MP<br \/> \tC\u00e1mara trasera 2 MP<br \/>Energ\u00eda\tBater\u00eda 5000 mAh<br \/> \tCargador USB de alimentaci\u00f3n 5V\/2A<br \/>Pantalla\tPantalla t\u00e1ctil Multipunto<br \/>Puertos\tUSB tipo &#8211; C <br \/> \tMicro SD Card <br \/> \tJack 3.5mm<br \/>Sistema Operativo\t<br \/>Android 13<\/p>\n","protected":false},"excerpt":{"rendered":"<p>Procesador A133PGr\u00e1ficos Procesador de Video PowerVR GE8300 2 GBMemoria RAM 2 GBAlmacenamiento 32 GBPantalla 800X1280 FHD IPS C\u00e1maras C\u00e1mara frontal 0.3 MP C\u00e1mara trasera 2 MPEnerg\u00eda Bater\u00eda 5000 mAh Cargador USB de alimentaci\u00f3n 5V\/2APantalla Pantalla t\u00e1ctil MultipuntoPuertos USB tipo &#8211; C Micro SD Card Jack 3.5mmSistema Operativo Android 13<\/p>\n","protected":false},"featured_media":1607,"comment_status":"open","ping_status":"closed","template":"","meta":{"_uag_custom_page_level_css":""},"product_brand":[571],"product_cat":[116],"product_tag":[],"class_list":{"0":"post-1606","1":"product","2":"type-product","3":"status-publish","4":"has-post-thumbnail","6":"product_brand-kelyx","7":"product_cat-notebooks-y-tablet","9":"first","10":"outofstock","11":"sale","12":"taxable","13":"shipping-taxable","14":"purchasable","15":"product-type-simple"},"uagb_featured_image_src":{"full":["https:\/\/rms-enlinea.com.ar\/wp-content\/uploads\/2025\/06\/D_811758-MLA81786403592_012025-F.jpg",1200,850,false],"thumbnail":["https:\/\/rms-enlinea.com.ar\/wp-content\/uploads\/2025\/06\/D_811758-MLA81786403592_012025-F-150x150.jpg",150,150,true],"medium":["https:\/\/rms-enlinea.com.ar\/wp-content\/uploads\/2025\/06\/D_811758-MLA81786403592_012025-F-300x213.jpg",300,213,true],"medium_large":["https:\/\/rms-enlinea.com.ar\/wp-content\/uploads\/2025\/06\/D_811758-MLA81786403592_012025-F-768x544.jpg",768,544,true],"large":["https:\/\/rms-enlinea.com.ar\/wp-content\/uploads\/2025\/06\/D_811758-MLA81786403592_012025-F-1024x725.jpg",1024,725,true],"1536x1536":["https:\/\/rms-enlinea.com.ar\/wp-content\/uploads\/2025\/06\/D_811758-MLA81786403592_012025-F.jpg",1200,850,false],"2048x2048":["https:\/\/rms-enlinea.com.ar\/wp-content\/uploads\/2025\/06\/D_811758-MLA81786403592_012025-F.jpg",1200,850,false],"woocommerce_thumbnail":["https:\/\/rms-enlinea.com.ar\/wp-content\/uploads\/2025\/06\/D_811758-MLA81786403592_012025-F-450x450.jpg",450,450,true],"woocommerce_single":["https:\/\/rms-enlinea.com.ar\/wp-content\/uploads\/2025\/06\/D_811758-MLA81786403592_012025-F-600x425.jpg",600,425,true],"woocommerce_gallery_thumbnail":["https:\/\/rms-enlinea.com.ar\/wp-content\/uploads\/2025\/06\/D_811758-MLA81786403592_012025-F-100x100.jpg",100,100,true]},"uagb_author_info":{"display_name":"l0071054","author_link":"https:\/\/rms-enlinea.com.ar\/tienda\/author\/"},"uagb_comment_info":0,"uagb_excerpt":"Procesador A133PGr\u00e1ficos Procesador de Video PowerVR GE8300 2 GBMemoria RAM 2 GBAlmacenamiento 32 GBPantalla 800X1280 FHD IPS C\u00e1maras C\u00e1mara frontal 0.3 MP C\u00e1mara trasera 2 MPEnerg\u00eda Bater\u00eda 5000 mAh Cargador USB de alimentaci\u00f3n 5V\/2APantalla Pantalla t\u00e1ctil MultipuntoPuertos USB tipo &#8211; C Micro SD Card Jack 3.5mmSistema Operativo Android 13","_links":{"self":[{"href":"https:\/\/rms-enlinea.com.ar\/tienda\/wp-json\/wp\/v2\/product\/1606","targetHints":{"allow":["GET"]}}],"collection":[{"href":"https:\/\/rms-enlinea.com.ar\/tienda\/wp-json\/wp\/v2\/product"}],"about":[{"href":"https:\/\/rms-enlinea.com.ar\/tienda\/wp-json\/wp\/v2\/types\/product"}],"replies":[{"embeddable":true,"href":"https:\/\/rms-enlinea.com.ar\/tienda\/wp-json\/wp\/v2\/comments?post=1606"}],"wp:featuredmedia":[{"embeddable":true,"href":"https:\/\/rms-enlinea.com.ar\/tienda\/wp-json\/wp\/v2\/media\/1607"}],"wp:attachment":[{"href":"https:\/\/rms-enlinea.com.ar\/tienda\/wp-json\/wp\/v2\/media?parent=1606"}],"wp:term":[{"taxonomy":"product_brand","embeddable":true,"href":"https:\/\/rms-enlinea.com.ar\/tienda\/wp-json\/wp\/v2\/product_brand?post=1606"},{"taxonomy":"product_cat","embeddable":true,"href":"https:\/\/rms-enlinea.com.ar\/tienda\/wp-json\/wp\/v2\/product_cat?post=1606"},{"taxonomy":"product_tag","embeddable":true,"href":"https:\/\/rms-enlinea.com.ar\/tienda\/wp-json\/wp\/v2\/product_tag?post=1606"}],"curies":[{"name":"wp","href":"https:\/\/api.w.org\/{rel}","templated":true}]}}